{"id":3295,"date":"2013-04-07T16:28:54","date_gmt":"2013-04-07T16:28:54","guid":{"rendered":"http:\/\/www.kriesi.at\/themes\/enfold\/?page_id=1302"},"modified":"2016-01-27T11:28:04","modified_gmt":"2016-01-27T11:28:04","slug":"ventas","status":"publish","type":"page","link":"https:\/\/www.forvatec.com\/es\/ventas\/","title":{"rendered":"Ventas"},"content":{"rendered":"<div class=\"flex_column av_two_third  flex_column_div av-zero-column-padding first  avia-builder-el-0  el_before_av_one_third  avia-builder-el-first  \" style='border-radius:0px; '><div  class='avia-image-container  av-styling-    avia-builder-el-1  avia-builder-el-no-sibling  avia-align-center '  itemprop=\"image\" itemscope=\"itemscope\" itemtype=\"https:\/\/schema.org\/ImageObject\"  ><div class='avia-image-container-inner'><div class='avia-image-overlay-wrap'><img decoding=\"async\" class='wp-image-4173 avia-img-lazy-loading-not-4173 avia_image' src=\"https:\/\/www.forvatec.com\/wp-content\/uploads\/2015\/11\/centro_formacion_800x470-800x321.jpg\" alt='' title='' height=\"321\" width=\"800\"  itemprop=\"thumbnailUrl\"  \/><\/div><\/div><\/div><\/div>\n<div class=\"flex_column av_one_third  flex_column_div av-zero-column-padding   avia-builder-el-2  el_after_av_two_third  el_before_av_heading  \" style='border-radius:0px; '><section class=\"av_textblock_section \"  itemscope=\"itemscope\" itemtype=\"https:\/\/schema.org\/CreativeWork\" ><div class='avia_textblock  '   itemprop=\"text\" ><blockquote>\n<h2 style=\"text-align: center;\">Herramientas espec\u00edficas para centros de formaci\u00f3n, escuelas, talleres o unidades de producci\u00f3n<\/h2>\n<\/blockquote>\n<\/div><\/section><\/div>\n<div  style='padding-bottom:10px; ' class='av-special-heading av-special-heading-h4    avia-builder-el-4  el_after_av_one_third  el_before_av_textblock  '><h4 class='av-special-heading-tag '  itemprop=\"headline\"  >Actividad del autom\u00f3vil<\/h4><div class='special-heading-border'><div class='special-heading-inner-border' ><\/div><\/div><\/div>\n<section class=\"av_textblock_section \"  itemscope=\"itemscope\" itemtype=\"https:\/\/schema.org\/CreativeWork\" ><div class='avia_textblock  '   itemprop=\"text\" ><p style=\"text-align: justify;\">Si usted es <strong>reparador de VL-VP, carrocero, electricista del autom\u00f3vil, centro de formaci\u00f3n, instituto o distribuidor<\/strong>, en FORVATEC disponemos de un <strong>cat\u00e1logo de productos espec\u00edficos<\/strong> para la actividad del autom\u00f3vil, como por ejemplo:<\/p>\n<ul>\n<li style=\"text-align: justify;\"><strong>Terminales de medida y cajas de comprobaciones el\u00e9ctricas<\/strong><\/li>\n<li style=\"text-align: justify;\"><strong>Cargadores y comprobadores de bater\u00edas<\/strong><\/li>\n<li style=\"text-align: justify;\"><strong>Controladores<\/strong>: carga\/arranque, redes multiplexadas, climatizaci\u00f3n, Multifunci\u00f3n.<\/li>\n<\/ul>\n<\/div><\/section>\n<div class=\"flex_column av_one_fourth  flex_column_div av-zero-column-padding first  avia-builder-el-6  el_after_av_textblock  el_before_av_one_fourth  column-top-margin\" style='border-width:1px; border-color:#cccccc; border-style:solid; border-radius:15; '><div  class='avia-image-container avia_animated_image avia_animate_when_almost_visible pop-up av-styling- av-hover-grow   avia-builder-el-7  avia-builder-el-no-sibling  avia-align-center '  itemprop=\"image\" itemscope=\"itemscope\" itemtype=\"https:\/\/schema.org\/ImageObject\"  ><div class='avia-image-container-inner'><div class='avia-image-overlay-wrap'><img decoding=\"async\" class='wp-image-3952 avia-img-lazy-loading-not-3952 avia_image' src=\"https:\/\/www.forvatec.com\/wp-content\/uploads\/2013\/04\/foto_ventas_terminales_de_medida_web_02.png\" alt='' title='' height=\"240\" width=\"320\"  itemprop=\"thumbnailUrl\" srcset=\"https:\/\/www.forvatec.com\/wp-content\/uploads\/2013\/04\/foto_ventas_terminales_de_medida_web_02.png 320w, https:\/\/www.forvatec.com\/wp-content\/uploads\/2013\/04\/foto_ventas_terminales_de_medida_web_02-300x225.png 300w\" sizes=\"(max-width: 320px) 100vw, 320px\" \/><\/div><\/div><\/div><\/div>\n<div class=\"flex_column av_one_fourth  flex_column_div   avia-builder-el-8  el_after_av_one_fourth  el_before_av_one_fourth  column-top-margin\" style='border-width:1px; border-color:#cccccc; border-style:solid; padding:10; border-radius:15; '><div  class='avia-image-container avia_animated_image avia_animate_when_almost_visible pop-up av-styling- av-hover-grow   avia-builder-el-9  avia-builder-el-no-sibling  avia-align-center '  itemprop=\"image\" itemscope=\"itemscope\" itemtype=\"https:\/\/schema.org\/ImageObject\"  ><div class='avia-image-container-inner'><div class='avia-image-overlay-wrap'><img decoding=\"async\" class='wp-image-3949 avia-img-lazy-loading-not-3949 avia_image' src=\"https:\/\/www.forvatec.com\/wp-content\/uploads\/2013\/04\/foto_ventas_terminales_de_medida_web_01.png\" alt='' title='' height=\"240\" width=\"320\"  itemprop=\"thumbnailUrl\" srcset=\"https:\/\/www.forvatec.com\/wp-content\/uploads\/2013\/04\/foto_ventas_terminales_de_medida_web_01.png 320w, https:\/\/www.forvatec.com\/wp-content\/uploads\/2013\/04\/foto_ventas_terminales_de_medida_web_01-300x225.png 300w\" sizes=\"(max-width: 320px) 100vw, 320px\" \/><\/div><\/div><\/div><\/div>\n<div class=\"flex_column av_one_fourth  flex_column_div   avia-builder-el-10  el_after_av_one_fourth  el_before_av_one_fourth  column-top-margin\" style='border-width:1px; border-color:#cccccc; border-style:solid; padding:10; border-radius:15; '><div  class='avia-image-container avia_animated_image avia_animate_when_almost_visible pop-up av-styling- av-hover-grow   avia-builder-el-11  avia-builder-el-no-sibling  avia-align-center '  itemprop=\"image\" itemscope=\"itemscope\" itemtype=\"https:\/\/schema.org\/ImageObject\"  ><div class='avia-image-container-inner'><div class='avia-image-overlay-wrap'><img decoding=\"async\" class='wp-image-3937 avia-img-lazy-loading-not-3937 avia_image' src=\"https:\/\/www.forvatec.com\/wp-content\/uploads\/2013\/04\/foto_ventas_cargadores_y_comprobadores_web_01.png\" alt='' title='' height=\"240\" width=\"320\"  itemprop=\"thumbnailUrl\" srcset=\"https:\/\/www.forvatec.com\/wp-content\/uploads\/2013\/04\/foto_ventas_cargadores_y_comprobadores_web_01.png 320w, https:\/\/www.forvatec.com\/wp-content\/uploads\/2013\/04\/foto_ventas_cargadores_y_comprobadores_web_01-300x225.png 300w\" sizes=\"(max-width: 320px) 100vw, 320px\" \/><\/div><\/div><\/div><\/div>\n<div class=\"flex_column av_one_fourth  flex_column_div   avia-builder-el-12  el_after_av_one_fourth  el_before_av_one_half  column-top-margin\" style='border-width:1px; border-color:#cccccc; border-style:solid; padding:10; border-radius:15; '><div  class='avia-image-container avia_animated_image avia_animate_when_almost_visible pop-up av-styling- av-hover-grow   avia-builder-el-13  avia-builder-el-no-sibling  avia-align-center '  itemprop=\"image\" itemscope=\"itemscope\" itemtype=\"https:\/\/schema.org\/ImageObject\"  ><div class='avia-image-container-inner'><div class='avia-image-overlay-wrap'><img decoding=\"async\" class='wp-image-3938 avia-img-lazy-loading-not-3938 avia_image' src=\"https:\/\/www.forvatec.com\/wp-content\/uploads\/2013\/04\/foto_ventas_controladores_web_01.png\" alt='' title='' height=\"240\" width=\"320\"  itemprop=\"thumbnailUrl\" srcset=\"https:\/\/www.forvatec.com\/wp-content\/uploads\/2013\/04\/foto_ventas_controladores_web_01.png 320w, https:\/\/www.forvatec.com\/wp-content\/uploads\/2013\/04\/foto_ventas_controladores_web_01-300x225.png 300w\" sizes=\"(max-width: 320px) 100vw, 320px\" \/><\/div><\/div><\/div><\/div>\n<div class=\"flex_column av_one_half  flex_column_div av-zero-column-padding first  avia-builder-el-14  el_after_av_one_fourth  el_before_av_one_fourth  column-top-margin\" style='border-radius:15; '><section class=\"av_textblock_section \"  itemscope=\"itemscope\" itemtype=\"https:\/\/schema.org\/CreativeWork\" ><div class='avia_textblock  '  style='font-size:10px; '  itemprop=\"text\" ><h6 style=\"text-align: center;\"><em>Terminales de medida y cajas de comprobaci\u00f3n el\u00e9ctrica<br \/>\n<\/em><\/h6>\n<\/div><\/section><\/div>\n<div class=\"flex_column av_one_fourth  flex_column_div av-zero-column-padding   avia-builder-el-16  el_after_av_one_half  el_before_av_one_fourth  column-top-margin\" style='border-radius:15; '><section class=\"av_textblock_section \"  itemscope=\"itemscope\" itemtype=\"https:\/\/schema.org\/CreativeWork\" ><div class='avia_textblock  '  style='font-size:10px; '  itemprop=\"text\" ><h6 style=\"text-align: center;\"><em>Cargadores y comprobadores<\/em><\/h6>\n<\/div><\/section><\/div>\n<div class=\"flex_column av_one_fourth  flex_column_div av-zero-column-padding   avia-builder-el-18  el_after_av_one_fourth  el_before_av_one_full  column-top-margin\" style='border-radius:15; '><section class=\"av_textblock_section \"  itemscope=\"itemscope\" itemtype=\"https:\/\/schema.org\/CreativeWork\" ><div class='avia_textblock  '  style='font-size:10px; '  itemprop=\"text\" ><h6 style=\"text-align: center;\"><em>Controladores<\/em><\/h6>\n<\/div><\/section><\/div>\n<div class=\"flex_column av_one_full  flex_column_div av-zero-column-padding first  avia-builder-el-20  el_after_av_one_fourth  el_before_av_one_fourth  column-top-margin\" style='border-radius:0px; '><p><div  style='padding-bottom:10px; ' class='av-special-heading av-special-heading-h4    avia-builder-el-21  el_before_av_textblock  avia-builder-el-first  '><h4 class='av-special-heading-tag '  itemprop=\"headline\"  >Centro de formaci\u00f3n<\/h4><div class='special-heading-border'><div class='special-heading-inner-border' ><\/div><\/div><\/div><br \/>\n<section class=\"av_textblock_section \"  itemscope=\"itemscope\" itemtype=\"https:\/\/schema.org\/CreativeWork\" ><div class='avia_textblock  '   itemprop=\"text\" ><p>Si usted es <strong>centro de formaci\u00f3n, un instituto o un distribuidor<\/strong>, en FORVATEC contamos con un <strong>cat\u00e1logo de m\u00f3dulos, pupitres y bancos did\u00e1cticos<\/strong> sobre<strong>:<\/strong><\/p>\n<ul>\n<li><strong>Iluminaci\u00f3n y se\u00f1alizaci\u00f3n<\/strong><\/li>\n<li><strong>Circuito de carga\/arranque<\/strong><\/li>\n<li><strong>Climatizaci\u00f3n regulada<\/strong><\/li>\n<li><strong>Sensores y actuadores<\/strong><\/li>\n<li><strong>Di\u00e9sel Common Rail<\/strong><\/li>\n<\/ul>\n<\/div><\/section><\/p><\/div>\n<div class=\"flex_column av_one_fourth  flex_column_div av-zero-column-padding first  avia-builder-el-23  el_after_av_one_full  el_before_av_one_fourth  column-top-margin\" style='border-width:1px; border-color:#cccccc; border-style:solid; border-radius:15; '><div  class='avia-image-container avia_animated_image avia_animate_when_almost_visible pop-up av-styling- av-hover-grow   avia-builder-el-24  avia-builder-el-no-sibling  avia-align-center '  itemprop=\"image\" itemscope=\"itemscope\" itemtype=\"https:\/\/schema.org\/ImageObject\"  ><div class='avia-image-container-inner'><div class='avia-image-overlay-wrap'><img decoding=\"async\" class='wp-image-3954 avia-img-lazy-loading-not-3954 avia_image' src=\"https:\/\/www.forvatec.com\/wp-content\/uploads\/2013\/04\/foto_ventas_modulos_iluminacion_web_01-300x225.png\" alt='' title='' height=\"225\" width=\"300\"  itemprop=\"thumbnailUrl\" srcset=\"https:\/\/www.forvatec.com\/wp-content\/uploads\/2013\/04\/foto_ventas_modulos_iluminacion_web_01-300x225.png 300w, https:\/\/www.forvatec.com\/wp-content\/uploads\/2013\/04\/foto_ventas_modulos_iluminacion_web_01.png 320w\" sizes=\"(max-width: 300px) 100vw, 300px\" \/><\/div><\/div><\/div><\/div>\n<div class=\"flex_column av_one_fourth  flex_column_div av-zero-column-padding   avia-builder-el-25  el_after_av_one_fourth  el_before_av_one_fourth  column-top-margin\" style='border-width:1px; border-color:#cccccc; border-style:solid; border-radius:15; '><div  class='avia-image-container avia_animated_image avia_animate_when_almost_visible pop-up av-styling- av-hover-grow   avia-builder-el-26  avia-builder-el-no-sibling  avia-align-center '  itemprop=\"image\" itemscope=\"itemscope\" itemtype=\"https:\/\/schema.org\/ImageObject\"  ><div class='avia-image-container-inner'><div class='avia-image-overlay-wrap'><img decoding=\"async\" class='wp-image-3955 avia-img-lazy-loading-not-3955 avia_image' src=\"https:\/\/www.forvatec.com\/wp-content\/uploads\/2013\/04\/foto_ventas_maqueta_circuito_carga_web_01-300x225.png\" alt='' title='' height=\"225\" width=\"300\"  itemprop=\"thumbnailUrl\" srcset=\"https:\/\/www.forvatec.com\/wp-content\/uploads\/2013\/04\/foto_ventas_maqueta_circuito_carga_web_01-300x225.png 300w, https:\/\/www.forvatec.com\/wp-content\/uploads\/2013\/04\/foto_ventas_maqueta_circuito_carga_web_01.png 320w\" sizes=\"(max-width: 300px) 100vw, 300px\" \/><\/div><\/div><\/div><\/div>\n<div class=\"flex_column av_one_fourth  flex_column_div av-zero-column-padding   avia-builder-el-27  el_after_av_one_fourth  el_before_av_one_fourth  column-top-margin\" style='border-width:1px; border-color:#cccccc; border-style:solid; border-radius:5px; '><div  class='avia-image-container avia_animated_image avia_animate_when_almost_visible pop-up av-styling- av-hover-grow   avia-builder-el-28  avia-builder-el-no-sibling  avia-align-center '  itemprop=\"image\" itemscope=\"itemscope\" itemtype=\"https:\/\/schema.org\/ImageObject\"  ><div class='avia-image-container-inner'><div class='avia-image-overlay-wrap'><img decoding=\"async\" class='wp-image-3956 avia-img-lazy-loading-not-3956 avia_image' src=\"https:\/\/www.forvatec.com\/wp-content\/uploads\/2013\/04\/foto_ventas_maqueta_climatizacion_regulada_web_01-300x225.png\" alt='' title='' height=\"225\" width=\"300\"  itemprop=\"thumbnailUrl\" srcset=\"https:\/\/www.forvatec.com\/wp-content\/uploads\/2013\/04\/foto_ventas_maqueta_climatizacion_regulada_web_01-300x225.png 300w, https:\/\/www.forvatec.com\/wp-content\/uploads\/2013\/04\/foto_ventas_maqueta_climatizacion_regulada_web_01.png 320w\" sizes=\"(max-width: 300px) 100vw, 300px\" \/><\/div><\/div><\/div><\/div>\n<div class=\"flex_column av_one_fourth  flex_column_div av-zero-column-padding   avia-builder-el-29  el_after_av_one_fourth  el_before_av_one_fourth  column-top-margin\" style='border-width:1px; border-color:#cccccc; border-style:solid; border-radius:15; '><div  class='avia-image-container avia_animated_image avia_animate_when_almost_visible pop-up av-styling- av-hover-grow   avia-builder-el-30  avia-builder-el-no-sibling  avia-align-center '  itemprop=\"image\" itemscope=\"itemscope\" itemtype=\"https:\/\/schema.org\/ImageObject\"  ><div class='avia-image-container-inner'><div class='avia-image-overlay-wrap'><img decoding=\"async\" class='wp-image-3953 avia-img-lazy-loading-not-3953 avia_image' src=\"https:\/\/www.forvatec.com\/wp-content\/uploads\/2013\/04\/foto_ventas_maqueta_de_diesel_Common_Rail_web_01-300x225.png\" alt='' title='' height=\"225\" width=\"300\"  itemprop=\"thumbnailUrl\" srcset=\"https:\/\/www.forvatec.com\/wp-content\/uploads\/2013\/04\/foto_ventas_maqueta_de_diesel_Common_Rail_web_01-300x225.png 300w, https:\/\/www.forvatec.com\/wp-content\/uploads\/2013\/04\/foto_ventas_maqueta_de_diesel_Common_Rail_web_01.png 320w\" sizes=\"(max-width: 300px) 100vw, 300px\" \/><\/div><\/div><\/div><\/div>\n<div class=\"flex_column av_one_fourth  flex_column_div av-zero-column-padding first  avia-builder-el-31  el_after_av_one_fourth  el_before_av_one_fourth  column-top-margin\" style='border-radius:15; '><section class=\"av_textblock_section \"  itemscope=\"itemscope\" itemtype=\"https:\/\/schema.org\/CreativeWork\" ><div class='avia_textblock  '  style='font-size:10px; '  itemprop=\"text\" ><h6 style=\"text-align: center;\"><em>M\u00f3dulos de iluminaci\u00f3n y se\u00f1alizaci\u00f3n<\/em><\/h6>\n<\/div><\/section><\/div>\n<div class=\"flex_column av_one_fourth  flex_column_div av-zero-column-padding   avia-builder-el-33  el_after_av_one_fourth  el_before_av_one_fourth  column-top-margin\" style='border-radius:15; '><section class=\"av_textblock_section \"  itemscope=\"itemscope\" itemtype=\"https:\/\/schema.org\/CreativeWork\" ><div class='avia_textblock  '  style='font-size:10px; '  itemprop=\"text\" ><h6 style=\"text-align: center;\"><em>Maqueta de circuito de carga \/ arranque<\/em><\/h6>\n<\/div><\/section><\/div>\n<div class=\"flex_column av_one_fourth  flex_column_div av-zero-column-padding   avia-builder-el-35  el_after_av_one_fourth  el_before_av_one_fourth  column-top-margin\" style='border-radius:15; '><section class=\"av_textblock_section \"  itemscope=\"itemscope\" itemtype=\"https:\/\/schema.org\/CreativeWork\" ><div class='avia_textblock  '  style='font-size:10px; '  itemprop=\"text\" ><h6 style=\"text-align: center;\"><em>Maqueta de climatizaci\u00f3n regulada<br \/>\n<\/em><\/h6>\n<\/div><\/section><\/div>\n<div class=\"flex_column av_one_fourth  flex_column_div av-zero-column-padding   avia-builder-el-37  el_after_av_one_fourth  el_before_av_heading  column-top-margin\" style='border-radius:15; '><section class=\"av_textblock_section \"  itemscope=\"itemscope\" itemtype=\"https:\/\/schema.org\/CreativeWork\" ><div class='avia_textblock  '  style='font-size:10px; '  itemprop=\"text\" ><h6 style=\"text-align: center;\"><em>Maqueta de di\u00e9sel Common Rail<br \/>\n<\/em><\/h6>\n<\/div><\/section><\/div>\n<div  style='padding-bottom:10px; ' class='av-special-heading av-special-heading-h4    avia-builder-el-39  el_after_av_one_fourth  el_before_av_textblock  '><h4 class='av-special-heading-tag '  itemprop=\"headline\"  >Unidades de producci\u00f3n<\/h4><div class='special-heading-border'><div class='special-heading-inner-border' ><\/div><\/div><\/div>\n<section class=\"av_textblock_section \"  itemscope=\"itemscope\" itemtype=\"https:\/\/schema.org\/CreativeWork\" ><div class='avia_textblock  '   itemprop=\"text\" ><p style=\"text-align: justify;\">Por otro lado, tambi\u00e9n disponemos igualmente de productos destinados para <strong>unidades de producci\u00f3n de veh\u00edculos<\/strong>, oficinas de <strong>ingenier\u00eda<\/strong> y de <strong>postventa<\/strong> de automoci\u00f3n:<\/p>\n<ul>\n<li><strong>Grabadores aut\u00f3nomos CAN HS\/LS, Diagn\u00f3stico en CAN, LIN\/ISO<\/strong><\/li>\n<li><strong>Interfaces USB<\/strong><\/li>\n<li><strong>Software de an\u00e1lisis y simulaci\u00f3n de informaciones multiplexadas<\/strong><\/li>\n<li><strong>Software de an\u00e1lisis y de interpretaci\u00f3n gr\u00e1fica de informaciones multiplexadas<\/strong><\/li>\n<\/ul>\n<\/div><\/section>\n<div class=\"flex_column av_one_fourth  flex_column_div av-zero-column-padding first  avia-builder-el-41  el_after_av_textblock  el_before_av_one_fourth  column-top-margin\" style='border-width:1px; border-color:#cccccc; border-style:solid; border-radius:15; '><div  class='avia-image-container avia_animated_image avia_animate_when_almost_visible pop-up av-styling- av-hover-grow   avia-builder-el-42  avia-builder-el-no-sibling  avia-align-center '  itemprop=\"image\" itemscope=\"itemscope\" itemtype=\"https:\/\/schema.org\/ImageObject\"  ><div class='avia-image-container-inner'><div class='avia-image-overlay-wrap'><img decoding=\"async\" class='wp-image-3957 avia-img-lazy-loading-not-3957 avia_image' src=\"https:\/\/www.forvatec.com\/wp-content\/uploads\/2013\/04\/foto_ventas_interfaces_USB_web_01.png\" alt='' title='' height=\"240\" width=\"320\"  itemprop=\"thumbnailUrl\" srcset=\"https:\/\/www.forvatec.com\/wp-content\/uploads\/2013\/04\/foto_ventas_interfaces_USB_web_01.png 320w, https:\/\/www.forvatec.com\/wp-content\/uploads\/2013\/04\/foto_ventas_interfaces_USB_web_01-300x225.png 300w\" sizes=\"(max-width: 320px) 100vw, 320px\" \/><\/div><\/div><\/div><\/div>\n<div class=\"flex_column av_one_fourth  flex_column_div av-zero-column-padding   avia-builder-el-43  el_after_av_one_fourth  el_before_av_one_fourth  column-top-margin\" style='border-width:1px; border-color:#cccccc; border-style:solid; border-radius:5px; '><div  class='avia-image-container avia_animated_image avia_animate_when_almost_visible pop-up av-styling- av-hover-grow   avia-builder-el-44  avia-builder-el-no-sibling  avia-align-center '  itemprop=\"image\" itemscope=\"itemscope\" itemtype=\"https:\/\/schema.org\/ImageObject\"  ><div class='avia-image-container-inner'><div class='avia-image-overlay-wrap'><img decoding=\"async\" class='wp-image-3959 avia-img-lazy-loading-not-3959 avia_image' src=\"https:\/\/www.forvatec.com\/wp-content\/uploads\/2013\/04\/foto_ventas_software_de_analisis_y_de_interpretacion_grafica_web_01.png\" alt='' title='' height=\"240\" width=\"320\"  itemprop=\"thumbnailUrl\" srcset=\"https:\/\/www.forvatec.com\/wp-content\/uploads\/2013\/04\/foto_ventas_software_de_analisis_y_de_interpretacion_grafica_web_01.png 320w, https:\/\/www.forvatec.com\/wp-content\/uploads\/2013\/04\/foto_ventas_software_de_analisis_y_de_interpretacion_grafica_web_01-300x225.png 300w\" sizes=\"(max-width: 320px) 100vw, 320px\" \/><\/div><\/div><\/div><\/div>\n<div class=\"flex_column av_one_fourth  flex_column_div av-zero-column-padding   avia-builder-el-45  el_after_av_one_fourth  el_before_av_one_fourth  column-top-margin\" style='border-width:1px; border-color:#cccccc; border-style:solid; border-radius:15; '><div  class='avia-image-container avia_animated_image avia_animate_when_almost_visible pop-up av-styling- av-hover-grow   avia-builder-el-46  avia-builder-el-no-sibling  avia-align-center '  itemprop=\"image\" itemscope=\"itemscope\" itemtype=\"https:\/\/schema.org\/ImageObject\"  ><div class='avia-image-container-inner'><div class='avia-image-overlay-wrap'><img decoding=\"async\" class='wp-image-3958 avia-img-lazy-loading-not-3958 avia_image' src=\"https:\/\/www.forvatec.com\/wp-content\/uploads\/2013\/04\/foto_ventas_grabadores_autonomos_web_01.png\" alt='' title='' height=\"240\" width=\"320\"  itemprop=\"thumbnailUrl\" srcset=\"https:\/\/www.forvatec.com\/wp-content\/uploads\/2013\/04\/foto_ventas_grabadores_autonomos_web_01.png 320w, https:\/\/www.forvatec.com\/wp-content\/uploads\/2013\/04\/foto_ventas_grabadores_autonomos_web_01-300x225.png 300w\" sizes=\"(max-width: 320px) 100vw, 320px\" \/><\/div><\/div><\/div><\/div>\n<div class=\"flex_column av_one_fourth  flex_column_div av-zero-column-padding   avia-builder-el-47  el_after_av_one_fourth  el_before_av_one_fourth  column-top-margin\" style='border-width:1px; border-color:#cccccc; border-style:solid; border-radius:15; '><div  class='avia-image-container avia_animated_image avia_animate_when_almost_visible pop-up av-styling- av-hover-grow   avia-builder-el-48  avia-builder-el-no-sibling  avia-align-center '  itemprop=\"image\" itemscope=\"itemscope\" itemtype=\"https:\/\/schema.org\/ImageObject\"  ><div class='avia-image-container-inner'><div class='avia-image-overlay-wrap'><img decoding=\"async\" class='wp-image-3960 avia-img-lazy-loading-not-3960 avia_image' src=\"https:\/\/www.forvatec.com\/wp-content\/uploads\/2013\/04\/foto_ventas_software_de_analisis_y_simulacion_web_01.png\" alt='' title='' height=\"240\" width=\"320\"  itemprop=\"thumbnailUrl\" srcset=\"https:\/\/www.forvatec.com\/wp-content\/uploads\/2013\/04\/foto_ventas_software_de_analisis_y_simulacion_web_01.png 320w, https:\/\/www.forvatec.com\/wp-content\/uploads\/2013\/04\/foto_ventas_software_de_analisis_y_simulacion_web_01-300x225.png 300w\" sizes=\"(max-width: 320px) 100vw, 320px\" \/><\/div><\/div><\/div><\/div>\n<div class=\"flex_column av_one_fourth  flex_column_div av-zero-column-padding first  avia-builder-el-49  el_after_av_one_fourth  el_before_av_one_fourth  column-top-margin\" style='border-radius:15; '><section class=\"av_textblock_section \"  itemscope=\"itemscope\" itemtype=\"https:\/\/schema.org\/CreativeWork\" ><div class='avia_textblock  '  style='font-size:10px; '  itemprop=\"text\" ><h6 style=\"text-align: center;\"><em>Interfaces USB<br \/>\n<\/em><\/h6>\n<\/div><\/section><\/div>\n<div class=\"flex_column av_one_fourth  flex_column_div av-zero-column-padding   avia-builder-el-51  el_after_av_one_fourth  el_before_av_one_fourth  column-top-margin\" style='border-radius:15; '><section class=\"av_textblock_section \"  itemscope=\"itemscope\" itemtype=\"https:\/\/schema.org\/CreativeWork\" ><div class='avia_textblock  '  style='font-size:10px; '  itemprop=\"text\" ><h6 style=\"text-align: center;\"><em>Grabadores aut\u00f3nomos CAN HS\/LS, Diagn\u00f3stico en CAN, LIN\/ISO<\/em><\/h6>\n<\/div><\/section><\/div>\n<div class=\"flex_column av_one_fourth  flex_column_div av-zero-column-padding   avia-builder-el-53  el_after_av_one_fourth  el_before_av_one_fourth  column-top-margin\" style='border-radius:15; '><section class=\"av_textblock_section \"  itemscope=\"itemscope\" itemtype=\"https:\/\/schema.org\/CreativeWork\" ><div class='avia_textblock  '  style='font-size:10px; '  itemprop=\"text\" ><h6 style=\"text-align: center;\"><em>Software de an\u00e1lisis y simulaci\u00f3n de informaciones multiplexadas<\/em><\/h6>\n<\/div><\/section><\/div>\n<div class=\"flex_column av_one_fourth  flex_column_div av-zero-column-padding   avia-builder-el-55  el_after_av_one_fourth  avia-builder-el-last  column-top-margin\" style='border-radius:15; '><section class=\"av_textblock_section \"  itemscope=\"itemscope\" itemtype=\"https:\/\/schema.org\/CreativeWork\" ><div class='avia_textblock  '  style='font-size:10px; '  itemprop=\"text\" ><h6 style=\"text-align: center;\"><em>Software de an\u00e1lisis y de interpretaci\u00f3n gr\u00e1fica de informaciones multiplexadas<\/em><\/h6>\n<\/div><\/section><\/div>\n","protected":false},"excerpt":{"rendered":"","protected":false},"author":1,"featured_media":0,"parent":0,"menu_order":0,"comment_status":"open","ping_status":"closed","template":"","meta":{"footnotes":""},"aioseo_notices":[],"_links":{"self":[{"href":"https:\/\/www.forvatec.com\/es\/wp-json\/wp\/v2\/pages\/3295"}],"collection":[{"href":"https:\/\/www.forvatec.com\/es\/wp-json\/wp\/v2\/pages"}],"about":[{"href":"https:\/\/www.forvatec.com\/es\/wp-json\/wp\/v2\/types\/page"}],"author":[{"embeddable":true,"href":"https:\/\/www.forvatec.com\/es\/wp-json\/wp\/v2\/users\/1"}],"replies":[{"embeddable":true,"href":"https:\/\/www.forvatec.com\/es\/wp-json\/wp\/v2\/comments?post=3295"}],"version-history":[{"count":58,"href":"https:\/\/www.forvatec.com\/es\/wp-json\/wp\/v2\/pages\/3295\/revisions"}],"predecessor-version":[{"id":5381,"href":"https:\/\/www.forvatec.com\/es\/wp-json\/wp\/v2\/pages\/3295\/revisions\/5381"}],"wp:attachment":[{"href":"https:\/\/www.forvatec.com\/es\/wp-json\/wp\/v2\/media?parent=3295"}],"curies":[{"name":"wp","href":"https:\/\/api.w.org\/{rel}","templated":true}]}}