{"id":3555,"date":"2015-10-25T16:22:32","date_gmt":"2015-10-25T16:22:32","guid":{"rendered":"http:\/\/www.forvatec.com\/?page_id=3555"},"modified":"2016-01-26T11:01:14","modified_gmt":"2016-01-26T11:01:14","slug":"que-nos-define","status":"publish","type":"page","link":"https:\/\/www.forvatec.com\/es\/sobre-forvatec\/que-nos-define\/","title":{"rendered":"\u00bfQu\u00e9 nos define?"},"content":{"rendered":"<div class=\"flex_column av_one_third  flex_column_div av-zero-column-padding first  avia-builder-el-0  el_before_av_one_third  avia-builder-el-first  \" style='border-radius:0px; '><div  class='avia-image-container  av-styling- av-hover-grow   avia-builder-el-1  avia-builder-el-no-sibling  avia-align-center '  itemprop=\"image\" itemscope=\"itemscope\" itemtype=\"https:\/\/schema.org\/ImageObject\"  ><div class='avia-image-container-inner'><div class='avia-image-overlay-wrap'><img decoding=\"async\" class='wp-image-4051 avia-img-lazy-loading-not-4051 avia_image' src=\"https:\/\/www.forvatec.com\/wp-content\/uploads\/2015\/10\/formadores_410x270_03-300x198.png\" alt='' title='' height=\"198\" width=\"300\"  itemprop=\"thumbnailUrl\" srcset=\"https:\/\/www.forvatec.com\/wp-content\/uploads\/2015\/10\/formadores_410x270_03-300x198.png 300w, https:\/\/www.forvatec.com\/wp-content\/uploads\/2015\/10\/formadores_410x270_03.png 410w\" sizes=\"(max-width: 300px) 100vw, 300px\" \/><\/div><\/div><\/div><\/div>\n<div class=\"flex_column av_one_third  flex_column_div av-zero-column-padding   avia-builder-el-2  el_after_av_one_third  el_before_av_one_third  \" style='border-radius:0px; '><div  class='avia-image-container  av-styling- av-hover-grow   avia-builder-el-3  avia-builder-el-no-sibling  avia-align-center '  itemprop=\"image\" itemscope=\"itemscope\" itemtype=\"https:\/\/schema.org\/ImageObject\"  ><div class='avia-image-container-inner'><div class='avia-image-overlay-wrap'><img decoding=\"async\" class='wp-image-4052 avia-img-lazy-loading-not-4052 avia_image' src=\"https:\/\/www.forvatec.com\/wp-content\/uploads\/2015\/10\/formadores_410x270_01-300x198.png\" alt='' title='' height=\"198\" width=\"300\"  itemprop=\"thumbnailUrl\" srcset=\"https:\/\/www.forvatec.com\/wp-content\/uploads\/2015\/10\/formadores_410x270_01-300x198.png 300w, https:\/\/www.forvatec.com\/wp-content\/uploads\/2015\/10\/formadores_410x270_01.png 410w\" sizes=\"(max-width: 300px) 100vw, 300px\" \/><\/div><\/div><\/div><\/div>\n<div class=\"flex_column av_one_third  flex_column_div av-zero-column-padding   avia-builder-el-4  el_after_av_one_third  el_before_av_one_full  \" style='border-radius:0px; '><div  class='avia-image-container  av-styling- av-hover-grow   avia-builder-el-5  avia-builder-el-no-sibling  avia-align-center '  itemprop=\"image\" itemscope=\"itemscope\" itemtype=\"https:\/\/schema.org\/ImageObject\"  ><div class='avia-image-container-inner'><div class='avia-image-overlay-wrap'><img decoding=\"async\" class='wp-image-4053 avia-img-lazy-loading-not-4053 avia_image' src=\"https:\/\/www.forvatec.com\/wp-content\/uploads\/2015\/10\/formadores_410x270_02-300x198.png\" alt='' title='' height=\"198\" width=\"300\"  itemprop=\"thumbnailUrl\" srcset=\"https:\/\/www.forvatec.com\/wp-content\/uploads\/2015\/10\/formadores_410x270_02-300x198.png 300w, https:\/\/www.forvatec.com\/wp-content\/uploads\/2015\/10\/formadores_410x270_02.png 410w\" sizes=\"(max-width: 300px) 100vw, 300px\" \/><\/div><\/div><\/div><\/div>\n<div class=\"flex_column av_one_full  flex_column_div av-zero-column-padding first  avia-builder-el-6  el_after_av_one_third  avia-builder-el-last  column-top-margin\" style='border-radius:0px; '><p><div  style='padding-bottom:10px; ' class='av-special-heading av-special-heading-h3    avia-builder-el-7  el_before_av_iconlist  avia-builder-el-first  '><h3 class='av-special-heading-tag '  itemprop=\"headline\"  >Nuestros valores<\/h3><div class='special-heading-border'><div class='special-heading-inner-border' ><\/div><\/div><\/div><br \/>\n<div  class='avia-icon-list-container   avia-builder-el-8  el_after_av_heading  avia-builder-el-last '><ul class='avia-icon-list avia-icon-list-left av-iconlist-big avia_animate_when_almost_visible avia-iconlist-animate'>\n<li><div  style='background-color:#ff6200; border:1px solid #adadad; ' class='iconlist_icon  avia-font-entypo-fontello'><span class='iconlist-char ' aria-hidden='true' data-av_icon='\ue80c' data-av_iconfont='entypo-fontello'><\/span><\/div><article class=\"article-icon-entry \"  itemscope=\"itemscope\" itemtype=\"https:\/\/schema.org\/CreativeWork\" ><div class='iconlist_content_wrap'><header class=\"entry-content-header\"><h4 class='av_iconlist_title iconlist_title   '  itemprop=\"headline\"  >Usted es \u00fanico<\/h4><\/header><div class='iconlist_content  '  itemprop=\"text\"  ><p style=\"text-align: justify;\"><strong>Cada cliente es \u00fanico<\/strong>, por lo que realizamos cada<strong> formaci\u00f3n a medida.<\/strong><\/p>\n<\/div><\/div><footer class=\"entry-footer\"><\/footer><\/article><div class='iconlist-timeline'><\/div><\/li>\n<li><div  style='background-color:#ff6200; border:1px solid #adadad; ' class='iconlist_icon  avia-font-entypo-fontello'><span class='iconlist-char ' aria-hidden='true' data-av_icon='\ue84d' data-av_iconfont='entypo-fontello'><\/span><\/div><article class=\"article-icon-entry \"  itemscope=\"itemscope\" itemtype=\"https:\/\/schema.org\/CreativeWork\" ><div class='iconlist_content_wrap'><header class=\"entry-content-header\"><h4 class='av_iconlist_title iconlist_title   '  itemprop=\"headline\"  >La metodolog\u00eda m\u00e1s adecuada<\/h4><\/header><div class='iconlist_content  '  itemprop=\"text\"  ><p style=\"text-align: justify;\">Buscamos <strong>la metodolog\u00eda m\u00e1s adecuada<\/strong> para cada curso, mezclando <strong>contenido te\u00f3rico y pr\u00e1ctico.<\/strong><\/p>\n<\/div><\/div><footer class=\"entry-footer\"><\/footer><\/article><div class='iconlist-timeline'><\/div><\/li>\n<li><div  style='background-color:#ff6200; border:1px solid #adadad; ' class='iconlist_icon  avia-font-entypo-fontello'><span class='iconlist-char ' aria-hidden='true' data-av_icon='\ue821' data-av_iconfont='entypo-fontello'><\/span><\/div><article class=\"article-icon-entry \"  itemscope=\"itemscope\" itemtype=\"https:\/\/schema.org\/CreativeWork\" ><div class='iconlist_content_wrap'><header class=\"entry-content-header\"><h4 class='av_iconlist_title iconlist_title   '  itemprop=\"headline\"  >En sus instalaciones<\/h4><\/header><div class='iconlist_content  '  itemprop=\"text\"  ><p style=\"text-align: justify;\">Damos la <strong>formaci\u00f3n en la ubicaci\u00f3n del cliente<\/strong> para facilitar el proceso educativo.<\/p>\n<\/div><\/div><footer class=\"entry-footer\"><\/footer><\/article><div class='iconlist-timeline'><\/div><\/li>\n<li><div  style='background-color:#ff6200; border:1px solid #adadad; ' class='iconlist_icon  avia-font-entypo-fontello'><span class='iconlist-char ' aria-hidden='true' data-av_icon='\ue839' data-av_iconfont='entypo-fontello'><\/span><\/div><article class=\"article-icon-entry \"  itemscope=\"itemscope\" itemtype=\"https:\/\/schema.org\/CreativeWork\" ><div class='iconlist_content_wrap'><header class=\"entry-content-header\"><h4 class='av_iconlist_title iconlist_title   '  itemprop=\"headline\"  >En constante renovaci\u00f3n<\/h4><\/header><div class='iconlist_content  '  itemprop=\"text\"  ><p style=\"text-align: justify;\">En <strong>FORVATEC <\/strong>estamos al d\u00eda de las<strong> \u00faltimas novedades en el sector de la automoci\u00f3n<\/strong> para ofrecer al cliente una <strong>formaci\u00f3n actualizada<\/strong>. <strong>Nuestro equipo<\/strong> tambi\u00e9n recibe<strong> formaci\u00f3n constante<\/strong>.<\/p>\n<\/div><\/div><footer class=\"entry-footer\"><\/footer><\/article><div class='iconlist-timeline'><\/div><\/li>\n<li><div  style='background-color:#ff6200; border:1px solid #adadad; ' class='iconlist_icon  avia-font-entypo-fontello'><span class='iconlist-char ' aria-hidden='true' data-av_icon='\ue80b' data-av_iconfont='entypo-fontello'><\/span><\/div><article class=\"article-icon-entry \"  itemscope=\"itemscope\" itemtype=\"https:\/\/schema.org\/CreativeWork\" ><div class='iconlist_content_wrap'><header class=\"entry-content-header\"><h4 class='av_iconlist_title iconlist_title   '  itemprop=\"headline\"  >Compromiso con \u00fasted<\/h4><\/header><div class='iconlist_content  '  itemprop=\"text\"  ><p style=\"text-align: justify;\">Nos <strong>comprometemos con nuestro cliente<\/strong> para darle un servicio lo m\u00e1s claro y f\u00e1cil posible, buscando <strong>relaciones duraderas y v\u00ednculos estables.<\/strong><\/p>\n<\/div><\/div><footer class=\"entry-footer\"><\/footer><\/article><div class='iconlist-timeline'><\/div><\/li>\n<li><div  style='background-color:#ff6200; border:1px solid #adadad; ' class='iconlist_icon  avia-font-entypo-fontello'><span class='iconlist-char ' aria-hidden='true' data-av_icon='\ue8b1' data-av_iconfont='entypo-fontello'><\/span><\/div><article class=\"article-icon-entry \"  itemscope=\"itemscope\" itemtype=\"https:\/\/schema.org\/CreativeWork\" ><div class='iconlist_content_wrap'><header class=\"entry-content-header\"><h4 class='av_iconlist_title iconlist_title   '  itemprop=\"headline\"  >Internacional (Global)<\/h4><\/header><div class='iconlist_content  '  itemprop=\"text\"  ><p style=\"text-align: justify;\">Trabajamos en <strong>cualquier entorno<\/strong> y en tres idiomas:<strong> Espa\u00f1ol, ingl\u00e9s y\u00a0franc\u00e9s.<\/strong><\/p>\n<\/div><\/div><footer class=\"entry-footer\"><\/footer><\/article><div class='iconlist-timeline'><\/div><\/li>\n<\/ul><\/div><\/p><\/div>\n","protected":false},"excerpt":{"rendered":"","protected":false},"author":1,"featured_media":0,"parent":3551,"menu_order":2,"comment_status":"closed","ping_status":"closed","template":"","meta":{"footnotes":""},"aioseo_notices":[],"_links":{"self":[{"href":"https:\/\/www.forvatec.com\/es\/wp-json\/wp\/v2\/pages\/3555"}],"collection":[{"href":"https:\/\/www.forvatec.com\/es\/wp-json\/wp\/v2\/pages"}],"about":[{"href":"https:\/\/www.forvatec.com\/es\/wp-json\/wp\/v2\/types\/page"}],"author":[{"embeddable":true,"href":"https:\/\/www.forvatec.com\/es\/wp-json\/wp\/v2\/users\/1"}],"replies":[{"embeddable":true,"href":"https:\/\/www.forvatec.com\/es\/wp-json\/wp\/v2\/comments?post=3555"}],"version-history":[{"count":23,"href":"https:\/\/www.forvatec.com\/es\/wp-json\/wp\/v2\/pages\/3555\/revisions"}],"predecessor-version":[{"id":5330,"href":"https:\/\/www.forvatec.com\/es\/wp-json\/wp\/v2\/pages\/3555\/revisions\/5330"}],"up":[{"embeddable":true,"href":"https:\/\/www.forvatec.com\/es\/wp-json\/wp\/v2\/pages\/3551"}],"wp:attachment":[{"href":"https:\/\/www.forvatec.com\/es\/wp-json\/wp\/v2\/media?parent=3555"}],"curies":[{"name":"wp","href":"https:\/\/api.w.org\/{rel}","templated":true}]}}