{"id":3565,"date":"2015-10-25T16:44:46","date_gmt":"2015-10-25T16:44:46","guid":{"rendered":"http:\/\/www.forvatec.com\/?page_id=3565"},"modified":"2022-07-13T09:41:51","modified_gmt":"2022-07-13T09:41:51","slug":"quienes-somos","status":"publish","type":"page","link":"https:\/\/www.forvatec.com\/es\/sobre-forvatec\/quienes-somos\/","title":{"rendered":"\u00bfQui\u00e9nes somos?"},"content":{"rendered":"<div class=\"flex_column av_one_third  flex_column_div av-zero-column-padding first  avia-builder-el-0  el_before_av_one_third  avia-builder-el-first  \" style='border-radius:0px; '><article  class=\"iconbox iconbox_top main_color    avia-builder-el-1  avia-builder-el-no-sibling  \"  itemscope=\"itemscope\" itemtype=\"https:\/\/schema.org\/CreativeWork\" ><div class=\"iconbox_content\"><header class=\"entry-content-header\"><div class=\"iconbox_icon heading-color\" aria-hidden='true' data-av_icon='\ue8bd' data-av_iconfont='entypo-fontello'  ><\/div><h3 class='iconbox_content_title  '  itemprop=\"headline\"  >FOR<\/h3><\/header><div class='iconbox_content_container  '  itemprop=\"text\"  ><h3 style=\"text-align: center;\"><span style=\"color: #ff6600;\"><strong>Formaci\u00f3n<\/strong><\/span><\/h3>\n<p style=\"text-align: left;\">Realizamos formaci\u00f3n para todo tipo de compa\u00f1\u00edas del sector de la automoci\u00f3n.<\/p>\n<ul>\n<li style=\"text-align: left;\">Formaciones T\u00e9cnicas B\u00e1sicas<\/li>\n<li style=\"text-align: left;\">Veh\u00edculos Ligeros<\/li>\n<li style=\"text-align: left;\">Veh\u00edculos Pesados<\/li>\n<li style=\"text-align: left;\">Motores Industriales<\/li>\n<li style=\"text-align: left;\">Habilitaciones y Formaciones de cualificaci\u00f3n<\/li>\n<li style=\"text-align: left;\">Formaciones de Comunicaci\u00f3n<\/li>\n<\/ul>\n<\/div><\/div><footer class=\"entry-footer\"><\/footer><\/article><\/div>\n<div class=\"flex_column av_one_third  flex_column_div av-zero-column-padding   avia-builder-el-2  el_after_av_one_third  el_before_av_one_third  \" style='border-radius:0px; '><article  class=\"iconbox iconbox_top main_color    avia-builder-el-3  avia-builder-el-no-sibling  \"  itemscope=\"itemscope\" itemtype=\"https:\/\/schema.org\/CreativeWork\" ><div class=\"iconbox_content\"><header class=\"entry-content-header\"><div class=\"iconbox_icon heading-color\" aria-hidden='true' data-av_icon='\ue8be' data-av_iconfont='entypo-fontello'  ><\/div><h3 class='iconbox_content_title  '  itemprop=\"headline\"  >V<\/h3><\/header><div class='iconbox_content_container  '  itemprop=\"text\"  ><h3 style=\"text-align: center;\"><span style=\"color: #ff6600;\"><strong>Ventas<\/strong><\/span><\/h3>\n<p style=\"text-align: left;\">Disponemos de un cat\u00e1logo de productos espec\u00edficos para la actividad del autom\u00f3vil.<\/p>\n<ul>\n<li style=\"text-align: left;\">Equipamientos para taller<\/li>\n<li style=\"text-align: left;\">Bancos did\u00e1cticos para formaci\u00f3n<\/li>\n<li style=\"text-align: left;\">Software e Interfaces de Comunicaciones Multiplexadas<\/li>\n<\/ul>\n<\/div><\/div><footer class=\"entry-footer\"><\/footer><\/article><\/div>\n<div class=\"flex_column av_one_third  flex_column_div av-zero-column-padding   avia-builder-el-4  el_after_av_one_third  el_before_av_one_full  \" style='border-radius:0px; '><article  class=\"iconbox iconbox_top main_color    avia-builder-el-5  avia-builder-el-no-sibling  \"  itemscope=\"itemscope\" itemtype=\"https:\/\/schema.org\/CreativeWork\" ><div class=\"iconbox_content\"><header class=\"entry-content-header\"><div class=\"iconbox_icon heading-color\" aria-hidden='true' data-av_icon='\ue8bf' data-av_iconfont='entypo-fontello'  ><\/div><h3 class='iconbox_content_title  '  itemprop=\"headline\"  >ATEC<\/h3><\/header><div class='iconbox_content_container  '  itemprop=\"text\"  ><h3 style=\"text-align: center;\"><span style=\"color: #ff6600;\"><strong>Consultor\u00eda<\/strong><\/span><\/h3>\n<p style=\"text-align: left;\">Servicio de atenci\u00f3n\u00a0al cliente integral,\u00a0desde el desarrollo de una formaci\u00f3n\u00a0hasta soporte\u00a0para\u00a0la venta de un producto.<\/p>\n<ul>\n<li style=\"text-align: left;\">Concepci\u00f3n, adaptaci\u00f3n y traducci\u00f3n de documentaci\u00f3n t\u00e9cnica<\/li>\n<li style=\"text-align: left;\">Certificaciones<\/li>\n<li style=\"text-align: left;\">Evaluaciones<\/li>\n<li style=\"text-align: left;\">E-learnings<\/li>\n<li style=\"text-align: left;\">Auditorias<\/li>\n<li style=\"text-align: left;\">Otras soluciones a medida<\/li>\n<\/ul>\n<\/div><\/div><footer class=\"entry-footer\"><\/footer><\/article><\/div>\n<div class=\"flex_column av_one_full  flex_column_div av-zero-column-padding first  avia-builder-el-6  el_after_av_one_third  el_before_av_one_full  column-top-margin\" style='border-radius:0px; '><p><div  style='padding-bottom:10px; ' class='av-special-heading av-special-heading-h4    avia-builder-el-7  el_before_av_textblock  avia-builder-el-first  '><h4 class='av-special-heading-tag '  itemprop=\"headline\"  >Objetivos<\/h4><div class='special-heading-border'><div class='special-heading-inner-border' ><\/div><\/div><\/div><br \/>\n<section class=\"av_textblock_section \"  itemscope=\"itemscope\" itemtype=\"https:\/\/schema.org\/CreativeWork\" ><div class='avia_textblock  '   itemprop=\"text\" ><p style=\"text-align: justify;\">Nuestro <strong>objetivo<\/strong> es que los clientes<strong> satisfagan sus necesidades formativas<\/strong> de una manera f\u00e1cil, c\u00f3moda y r\u00e1pida, sin tener que preocuparse del proceso de aprendizaje, desde la creaci\u00f3n del material educativo hasta la impartici\u00f3n de clases, pasando por el apoyo continuo.<\/p>\n<blockquote>\n<p style=\"text-align: justify;\">Queremos que <strong>nuestros clientes<\/strong> est\u00e9n <strong>satisfechos con su formaci\u00f3n.<\/strong><\/p>\n<\/blockquote>\n<\/div><\/section><br \/>\n<section class=\"av_textblock_section \"  itemscope=\"itemscope\" itemtype=\"https:\/\/schema.org\/CreativeWork\" ><div class='avia_textblock  '   itemprop=\"text\" ><p><strong style=\"text-align: justify;\">FORVATEC<\/strong> ayuda en particular a los<strong> equipos t\u00e9cnicos<\/strong> de cada taller para que <strong>mejoren sus resultados<\/strong> tanto en la reparaci\u00f3n como en el an\u00e1lisis y diagn\u00f3stico de aver\u00edas. Nuestra <strong>metodolog\u00eda<\/strong> combina <strong>contenidos te\u00f3ricos y pr\u00e1cticos<\/strong>, adapt\u00e1ndolos a las particularidades de cada <strong>compa\u00f1\u00eda<\/strong>.<\/p>\n<\/div><\/section><\/p><\/div>\n<div class=\"flex_column av_one_full  flex_column_div av-zero-column-padding first  avia-builder-el-10  el_after_av_one_full  avia-builder-el-last  column-top-margin\" style='border-radius:0px; '><p><div  style='padding-bottom:10px; ' class='av-special-heading av-special-heading-h4    avia-builder-el-11  el_before_av_textblock  avia-builder-el-first  '><h4 class='av-special-heading-tag '  itemprop=\"headline\"  >Formaci\u00f3n T\u00e9cnica<\/h4><div class='special-heading-border'><div class='special-heading-inner-border' ><\/div><\/div><\/div><br \/>\n<section class=\"av_textblock_section \"  itemscope=\"itemscope\" itemtype=\"https:\/\/schema.org\/CreativeWork\" ><div class='avia_textblock  '   itemprop=\"text\" ><p style=\"text-align: left;\"><span id=\"result_box\" lang=\"es\"><strong><img loading=\"lazy\" decoding=\"async\" class=\"alignright wp-image-6897\" src=\"http:\/\/www.forvatec.com\/wp-content\/uploads\/2022\/07\/LogoQualiopi_BV-300x97-1.jpg\" alt=\"\" width=\"350\" height=\"113\" \/><\/strong><\/span><\/p>\n<p><strong>Forvatec<\/strong> es una <strong>Organizaci\u00f3n de Formaci\u00f3n Profesional<\/strong> reconocida de acuerdo con los decretos:<\/p>\n<ul>\n<li>n \u00b0 2019-564 de 6 de junio de 2019 relativo a la calidad de las acciones de formaci\u00f3n profesional<\/li>\n<li>n \u00b0 2019-565 de 6 de junio de 2019 relativo al marco de referencia nacional sobre la calidad de las acciones que contribuyen al desarrollo de competencias.<\/li>\n<\/ul>\n<hr \/>\n<p style=\"text-align: justify;\">Estamos <strong>especializados en la formaci\u00f3n t\u00e9cnica<\/strong>. Llevamos m\u00e1s de 15 a\u00f1os formando t\u00e9cnicos para <strong>aumentar sus conocimientos <\/strong>y <strong>mejorar su productividad.<br \/>\n<\/strong><\/p>\n<p style=\"text-align: justify;\"><strong>Nos adaptamos a sus necesidades<\/strong>. Desarrollamos e impartimos formaciones <strong>\u201cin company\u201d <\/strong>y \u201c<strong>a la carta\u201d <\/strong>en<strong> Espa\u00f1ol, Franc\u00e9s e Ingl\u00e9s.<\/strong><\/p>\n<\/div><\/section><br \/>\n<div   data-size='entry_without_sidebar'  data-lightbox_size='large'  data-animation='slide'  data-conditional_play=''  data-ids='4585'  data-video_counter='0'  data-autoplay='false'  data-bg_slider='false'  data-slide_height=''  data-handle='av_slideshow'  data-interval='5'  data-class=' avia-builder-el-13  el_after_av_textblock  avia-builder-el-last  '  data-el_id=''  data-css_id=''  data-scroll_down=''  data-control_layout=''  data-custom_markup=''  data-perma_caption=''  data-autoplay_stopper=''  data-image_attachment=''  data-min_height='0px'  data-lazy_loading='disabled'  data-default-height='34.95867768595'  class='avia-slideshow avia-slideshow-1  av-default-height-applied avia-slideshow-entry_without_sidebar av_slideshow  avia-builder-el-13  el_after_av_textblock  avia-builder-el-last   avia-slide-slider '  itemprop=\"image\" itemscope=\"itemscope\" itemtype=\"https:\/\/schema.org\/ImageObject\" ><ul class='avia-slideshow-inner ' style='padding-bottom: 28.595041322314%;' ><li  class=' av-single-slide slide-1 ' ><div data-rel='slideshow-1' class='avia-slide-wrap '   ><img decoding=\"async\" class=\"wp-image-4585 avia-img-lazy-loading-not-4585\"  src=\"https:\/\/www.forvatec.com\/wp-content\/uploads\/2015\/12\/catalogo-1210x346.bmp\" width=\"1210\" height=\"346\" title='' alt=''  itemprop=\"thumbnailUrl\" srcset=\"https:\/\/www.forvatec.com\/wp-content\/uploads\/2015\/12\/catalogo-1210x346.bmp 1210w, https:\/\/www.forvatec.com\/wp-content\/uploads\/2015\/12\/catalogo-300x85.bmp 300w\" sizes=\"(max-width: 1210px) 100vw, 1210px\" \/><\/div><\/li><\/ul><\/div><\/p><\/div>\n","protected":false},"excerpt":{"rendered":"","protected":false},"author":1,"featured_media":0,"parent":3551,"menu_order":1,"comment_status":"closed","ping_status":"closed","template":"","meta":{"footnotes":""},"aioseo_notices":[],"_links":{"self":[{"href":"https:\/\/www.forvatec.com\/es\/wp-json\/wp\/v2\/pages\/3565"}],"collection":[{"href":"https:\/\/www.forvatec.com\/es\/wp-json\/wp\/v2\/pages"}],"about":[{"href":"https:\/\/www.forvatec.com\/es\/wp-json\/wp\/v2\/types\/page"}],"author":[{"embeddable":true,"href":"https:\/\/www.forvatec.com\/es\/wp-json\/wp\/v2\/users\/1"}],"replies":[{"embeddable":true,"href":"https:\/\/www.forvatec.com\/es\/wp-json\/wp\/v2\/comments?post=3565"}],"version-history":[{"count":80,"href":"https:\/\/www.forvatec.com\/es\/wp-json\/wp\/v2\/pages\/3565\/revisions"}],"predecessor-version":[{"id":7041,"href":"https:\/\/www.forvatec.com\/es\/wp-json\/wp\/v2\/pages\/3565\/revisions\/7041"}],"up":[{"embeddable":true,"href":"https:\/\/www.forvatec.com\/es\/wp-json\/wp\/v2\/pages\/3551"}],"wp:attachment":[{"href":"https:\/\/www.forvatec.com\/es\/wp-json\/wp\/v2\/media?parent=3565"}],"curies":[{"name":"wp","href":"https:\/\/api.w.org\/{rel}","templated":true}]}}