{"id":3742,"date":"2015-11-19T14:16:55","date_gmt":"2015-11-19T14:16:55","guid":{"rendered":"http:\/\/www.forvatec.com\/?page_id=3742"},"modified":"2019-10-12T16:09:28","modified_gmt":"2019-10-12T16:09:28","slug":"formacion-vehiculos-ligeros","status":"publish","type":"page","link":"https:\/\/www.forvatec.com\/es\/formacion\/formacion-vehiculos-ligeros\/","title":{"rendered":"Veh\u00edculos Ligeros"},"content":{"rendered":"<div id='layer_slider_1'  class='avia-layerslider main_color avia-shadow  avia-builder-el-0  el_before_av_one_full  avia-builder-el-first  container_wrap sidebar_right' style='  height: 201px;' ><\/div><div id='after_layer_slider_1'  class='main_color av_default_container_wrap container_wrap sidebar_right' style=' '  ><div class='container' ><div class='template-page content  av-content-small alpha units'><div class='post-entry post-entry-type-page post-entry-3742'><div class='entry-content-wrapper clearfix'>\n<div class=\"flex_column av_one_full  flex_column_div av-zero-column-padding first  avia-builder-el-1  el_after_av_layerslider  avia-builder-el-no-sibling  \" style='border-radius:0px; '><p><div  class=\"tabcontainer   top_tab   avia-builder-el-2  el_before_av_contact  avia-builder-el-first \" role=\"tablist\">\n\n<section class=\"av_tab_section\"  itemscope=\"itemscope\" itemtype=\"https:\/\/schema.org\/CreativeWork\" ><div aria-controls=\"tab-id-1-content\" role=\"tab\" tabindex=\"0\" data-fake-id=\"#tab-id-1\" class=\"tab active_tab\"  itemprop=\"headline\" >Fabricantes<\/div>\n<div id=\"tab-id-1-content\" class=\"tab_content active_tab_content\" aria-hidden=\"false\">\n<div class=\"tab_inner_content invers-color\"  itemprop=\"text\" >\n<p><b>FORVATEC<\/b> trabaja con los <b>principales fabricantes del sector de la automoci\u00f3n<\/b> para realizar y concebir la formaci\u00f3n sobre el<strong> <b>diagn\u00f3stico de veh\u00edculos ligeros, turismos y utilitarios<\/b>.<\/strong><\/p>\n<p>Las formaciones abordan los siguientes aspectos de un autom\u00f3vil:<\/p>\n<ul>\n<li><b>Motores<\/b><b>:<\/b> gasolina, di\u00e9sel, GNV, el\u00e9ctricos e h\u00edbridos.<\/li>\n<li><b>Sistemas<\/b><b> de <\/b><b>inyecci\u00f3n<\/b><b>:<\/b> Common Rail, Inyecci\u00f3n Directa Gasolina, etc.<\/li>\n<li><strong><b>Sistemas<\/b><b> de <\/b><b>postratamiento<\/b><b> de <\/b><b>gases<\/b><b> de escape.<\/b><\/strong><\/li>\n<li><strong><b>Electricidad<\/b><b>, <\/b><b>redes<\/b> <b>multiplexadas<\/b><b>.<\/b><\/strong><\/li>\n<li><strong><b>Sistemas<\/b><b> Stop &amp; Start.<\/b><\/strong><\/li>\n<li><b>Climatizaci\u00f3n<\/b> (mantenimiento y diagn\u00f3stico).<\/li>\n<li><b>Documentaci\u00f3n<\/b> <b>t\u00e9cnica<\/b> y <b>lectura<\/b><b> de <\/b><b>esquemas<\/b><b>.<\/b><\/li>\n<li>Actualizaciones de <b>nuevos<\/b> <b>productos<\/b><b>\/<\/b><b>veh\u00edculos<\/b><b>.<\/b><\/li>\n<li><b>Diagn\u00f3stico<\/b><b> de <\/b><b>fallos<\/b>.<\/li>\n<\/ul>\n<p>Estamos especializados en el manejo de herramientas de diagn\u00f3stico de las siguientes marcas:<\/p>\n<table>\n<tbody>\n<tr>\n<td width=\"192\"><strong><b>Fabricante<\/b><\/strong><\/td>\n<td width=\"192\"><strong><b>Herramienta<\/b><b> de <\/b><b>diagn\u00f3stico<\/b><\/strong><\/td>\n<\/tr>\n<tr>\n<td width=\"192\"><img loading=\"lazy\" decoding=\"async\" class=\"aligncenter wp-image-6202 size-medium\" src=\"http:\/\/www.forvatec.com\/wp-content\/uploads\/2019\/08\/logo_grupo_vw_02_400_200-300x150.jpg\" alt=\"\" width=\"150\" height=\"75\" srcset=\"https:\/\/www.forvatec.com\/wp-content\/uploads\/2019\/08\/logo_grupo_vw_02_400_200-300x150.jpg 300w, https:\/\/www.forvatec.com\/wp-content\/uploads\/2019\/08\/logo_grupo_vw_02_400_200-768x384.jpg 768w, https:\/\/www.forvatec.com\/wp-content\/uploads\/2019\/08\/logo_grupo_vw_02_400_200-705x353.jpg 705w, https:\/\/www.forvatec.com\/wp-content\/uploads\/2019\/08\/logo_grupo_vw_02_400_200-450x225.jpg 450w, https:\/\/www.forvatec.com\/wp-content\/uploads\/2019\/08\/logo_grupo_vw_02_400_200.jpg 800w\" sizes=\"(max-width: 150px) 100vw, 150px\" \/><\/td>\n<td style=\"text-align: center; vertical-align: middle;\" width=\"192\">VAS 5051B, ODIS<\/td>\n<\/tr>\n<tr>\n<td width=\"192\"><img loading=\"lazy\" decoding=\"async\" class=\"aligncenter size-medium wp-image-6088\" src=\"http:\/\/www.forvatec.com\/wp-content\/uploads\/2019\/08\/logo_nissan_400_200-300x150.jpg\" alt=\"\" width=\"150\" height=\"75\" srcset=\"https:\/\/www.forvatec.com\/wp-content\/uploads\/2019\/08\/logo_nissan_400_200-300x150.jpg 300w, https:\/\/www.forvatec.com\/wp-content\/uploads\/2019\/08\/logo_nissan_400_200.jpg 400w\" sizes=\"(max-width: 150px) 100vw, 150px\" \/><\/td>\n<td style=\"text-align: center; vertical-align: middle;\" width=\"192\">Consult-III<\/td>\n<\/tr>\n<tr>\n<td width=\"192\"><img loading=\"lazy\" decoding=\"async\" class=\"aligncenter wp-image-6201 size-medium\" src=\"http:\/\/www.forvatec.com\/wp-content\/uploads\/2019\/08\/logo_grupo_psa_2_400_200-300x150.jpg\" alt=\"\" width=\"150\" height=\"75\" srcset=\"https:\/\/www.forvatec.com\/wp-content\/uploads\/2019\/08\/logo_grupo_psa_2_400_200-300x150.jpg 300w, https:\/\/www.forvatec.com\/wp-content\/uploads\/2019\/08\/logo_grupo_psa_2_400_200-768x384.jpg 768w, https:\/\/www.forvatec.com\/wp-content\/uploads\/2019\/08\/logo_grupo_psa_2_400_200-705x353.jpg 705w, https:\/\/www.forvatec.com\/wp-content\/uploads\/2019\/08\/logo_grupo_psa_2_400_200-450x225.jpg 450w, https:\/\/www.forvatec.com\/wp-content\/uploads\/2019\/08\/logo_grupo_psa_2_400_200.jpg 800w\" sizes=\"(max-width: 150px) 100vw, 150px\" \/><\/td>\n<td style=\"text-align: center; vertical-align: middle;\" width=\"192\">Lexia, Proxia, PPS, Diagbox<\/td>\n<\/tr>\n<tr>\n<td width=\"192\"><img loading=\"lazy\" decoding=\"async\" class=\"aligncenter size-medium wp-image-6089\" src=\"http:\/\/www.forvatec.com\/wp-content\/uploads\/2019\/08\/logo_renault_400_200-300x150.jpg\" alt=\"\" width=\"150\" height=\"75\" srcset=\"https:\/\/www.forvatec.com\/wp-content\/uploads\/2019\/08\/logo_renault_400_200-300x150.jpg 300w, https:\/\/www.forvatec.com\/wp-content\/uploads\/2019\/08\/logo_renault_400_200.jpg 400w\" sizes=\"(max-width: 150px) 100vw, 150px\" \/><\/td>\n<td style=\"text-align: center; vertical-align: middle;\" width=\"192\">Clip<\/td>\n<\/tr>\n<tr>\n<td width=\"192\"><img loading=\"lazy\" decoding=\"async\" class=\"aligncenter size-medium wp-image-6087\" src=\"http:\/\/www.forvatec.com\/wp-content\/uploads\/2019\/08\/logo_kia_400_200-300x150.jpg\" alt=\"\" width=\"150\" height=\"75\" srcset=\"https:\/\/www.forvatec.com\/wp-content\/uploads\/2019\/08\/logo_kia_400_200-300x150.jpg 300w, https:\/\/www.forvatec.com\/wp-content\/uploads\/2019\/08\/logo_kia_400_200.jpg 400w\" sizes=\"(max-width: 150px) 100vw, 150px\" \/><\/td>\n<td style=\"text-align: center; vertical-align: middle;\" width=\"192\">KDS<\/td>\n<\/tr>\n<\/tbody>\n<\/table>\n\n<\/div>\n<\/div>\n<\/section>\n\n<section class=\"av_tab_section\"  itemscope=\"itemscope\" itemtype=\"https:\/\/schema.org\/CreativeWork\" ><div aria-controls=\"tab-id-2-content\" role=\"tab\" tabindex=\"0\" data-fake-id=\"#tab-id-2\" class=\"tab \"  itemprop=\"headline\" >Multimarca<\/div>\n<div id=\"tab-id-2-content\" class=\"tab_content \" aria-hidden=\"true\">\n<div class=\"tab_inner_content invers-color\"  itemprop=\"text\" >\n<p><b>FORVATEC<\/b> realiza cursos de formaci\u00f3n para <b>distribuidores<\/b><b> y <\/b><b>talleres<\/b> <b>multimarca<\/b>. Los cursos\u00a0abordan los siguientes aspectos:<\/p>\n<ul>\n<li><b>Motores<\/b><b>:<\/b> gasolina, di\u00e9sel, GNV, el\u00e9ctricos e h\u00edbridos.<\/li>\n<li><b>Sistemas<\/b><b> de <\/b><b>inyecci\u00f3n<\/b> (Common Rail, inyecci\u00f3n directa gasolina, etc.).<\/li>\n<li><strong><b>Sistemas<b> de <\/b><b>postratamiento<\/b><b> de <\/b><b>gases<\/b><b> de escape.<\/b><\/b><\/strong><\/li>\n<li><strong><b>Electricidad<\/b><b>, <\/b><b>redes<\/b> <b>multiplexadas<\/b><b>.<\/b><\/strong><\/li>\n<li><strong><b>Sistemas<\/b><b> Stop &amp; Start.<\/b><\/strong><\/li>\n<li><strong><b>Metodolog\u00eda en la investigaci\u00f3n de aver\u00edas.<\/b><\/strong><\/li>\n<li><strong><b>Geometr\u00eda<\/b><b>, <\/b><b>Suspensi\u00f3n<\/b><b> y <\/b><b>frenado<\/b><b>.<\/b><\/strong><\/li>\n<li><b>Climatizaci\u00f3n<\/b> (mantenimiento y diagn\u00f3stico).<\/li>\n<li><strong>VE-VH<\/strong> (tecnolog\u00edas VE-VH y licencias el\u00e9ctricas).<\/li>\n<li><strong>ADAS<\/strong><\/li>\n<\/ul>\n<p>Contamos con toda la documentaci\u00f3n t\u00e9cnica multimarca.<\/p>\n<p>Adem\u00e1s estamos especializados en el manejo de herramientas de diagn\u00f3stico de las siguientes marcas:<\/p>\n<table>\n<tbody>\n<tr>\n<td width=\"192\"><strong><b>Fabricante<\/b><\/strong><\/td>\n<td width=\"192\"><strong><b>Herramienta<\/b><b> de <\/b><b>diagn\u00f3stico<\/b><\/strong><\/td>\n<\/tr>\n<tr>\n<td width=\"192\"><img loading=\"lazy\" decoding=\"async\" class=\"aligncenter size-medium wp-image-6092\" src=\"http:\/\/www.forvatec.com\/wp-content\/uploads\/2019\/08\/logo_actia_400_200-300x150.jpg\" alt=\"\" width=\"150\" height=\"75\" srcset=\"https:\/\/www.forvatec.com\/wp-content\/uploads\/2019\/08\/logo_actia_400_200-300x150.jpg 300w, https:\/\/www.forvatec.com\/wp-content\/uploads\/2019\/08\/logo_actia_400_200.jpg 400w\" sizes=\"(max-width: 150px) 100vw, 150px\" \/><\/td>\n<td style=\"text-align: center; vertical-align: middle;\" width=\"192\">Multi-Diag<\/td>\n<\/tr>\n<tr>\n<td width=\"192\"><img loading=\"lazy\" decoding=\"async\" class=\"aligncenter size-medium wp-image-6093\" src=\"http:\/\/www.forvatec.com\/wp-content\/uploads\/2019\/08\/logo_bosch_400_200-300x150.jpg\" alt=\"\" width=\"150\" height=\"75\" srcset=\"https:\/\/www.forvatec.com\/wp-content\/uploads\/2019\/08\/logo_bosch_400_200-300x150.jpg 300w, https:\/\/www.forvatec.com\/wp-content\/uploads\/2019\/08\/logo_bosch_400_200.jpg 400w\" sizes=\"(max-width: 150px) 100vw, 150px\" \/><\/td>\n<td style=\"text-align: center; vertical-align: middle;\" width=\"192\">KTS (Series 5xx \/ 6xx \/ 8xx \/ 9xx), KTS200, KTS340 + Esi Tronic<\/td>\n<\/tr>\n<tr>\n<td width=\"192\"><img loading=\"lazy\" decoding=\"async\" class=\"aligncenter size-medium wp-image-6094\" src=\"http:\/\/www.forvatec.com\/wp-content\/uploads\/2019\/08\/logo_delphi_400_200-300x150.jpg\" alt=\"\" width=\"150\" height=\"75\" srcset=\"https:\/\/www.forvatec.com\/wp-content\/uploads\/2019\/08\/logo_delphi_400_200-300x150.jpg 300w, https:\/\/www.forvatec.com\/wp-content\/uploads\/2019\/08\/logo_delphi_400_200.jpg 400w\" sizes=\"(max-width: 150px) 100vw, 150px\" \/><\/td>\n<td style=\"text-align: center; vertical-align: middle;\" width=\"192\">Series DSxxx<\/td>\n<\/tr>\n<tr>\n<td width=\"192\"><img loading=\"lazy\" decoding=\"async\" class=\"aligncenter size-medium wp-image-6091\" src=\"http:\/\/www.forvatec.com\/wp-content\/uploads\/2019\/08\/logo_wurth_400_200-300x150.jpg\" alt=\"\" width=\"150\" height=\"75\" srcset=\"https:\/\/www.forvatec.com\/wp-content\/uploads\/2019\/08\/logo_wurth_400_200-300x150.jpg 300w, https:\/\/www.forvatec.com\/wp-content\/uploads\/2019\/08\/logo_wurth_400_200.jpg 400w\" sizes=\"(max-width: 150px) 100vw, 150px\" \/><\/td>\n<td style=\"text-align: center; vertical-align: middle;\" width=\"192\">Wow \/ Snooper +<\/td>\n<\/tr>\n<tr>\n<td width=\"192\"><img loading=\"lazy\" decoding=\"async\" class=\"aligncenter size-medium wp-image-6090\" src=\"http:\/\/www.forvatec.com\/wp-content\/uploads\/2019\/08\/logo_texa_400_200-300x150.jpg\" alt=\"\" width=\"150\" height=\"75\" srcset=\"https:\/\/www.forvatec.com\/wp-content\/uploads\/2019\/08\/logo_texa_400_200-300x150.jpg 300w, https:\/\/www.forvatec.com\/wp-content\/uploads\/2019\/08\/logo_texa_400_200.jpg 400w\" sizes=\"(max-width: 150px) 100vw, 150px\" \/><\/td>\n<td style=\"text-align: center; vertical-align: middle;\" width=\"192\">Axone5<\/td>\n<\/tr>\n<\/tbody>\n<\/table>\n\n<\/div>\n<\/div>\n<\/section>\n\n<\/div>\n<br \/>\n<form action=\"https:\/\/www.forvatec.com\/es\/formacion\/formacion-vehiculos-ligeros\/\" method=\"post\"  class=\"avia_ajax_form av-form-labels-visible   avia-builder-el-3  el_after_av_tab_container  avia-builder-el-last   \" data-avia-form-id=\"1\" data-avia-redirect='' ><h3 class=''>\u00bfNecesita informaci\u00f3n adicional sobre estos cursos?<\/h3><fieldset><p class='  first_form  form_element form_element_third' id='element_avia_1_1'><label for=\"avia_1_1\">Nombre <abbr class=\"required\" title=\"requerido\">*<\/abbr><\/label> <input name=\"avia_1_1\" class=\"text_input is_empty\" type=\"text\" id=\"avia_1_1\" value=\"\" \/><\/p><p class='  form_element form_element_third' id='element_avia_2_1'><label for=\"avia_2_1\">Correo electr\u00f3nico <abbr class=\"required\" title=\"requerido\">*<\/abbr><\/label> <input name=\"avia_2_1\" class=\"text_input is_email\" type=\"text\" id=\"avia_2_1\" value=\"\" \/><\/p><p class='  form_element form_element_third av-last-visible-form-element' id='element_avia_3_1'><label for=\"avia_3_1\">Tel\u00e9fono<\/label> <input name=\"avia_3_1\" class=\"text_input \" type=\"text\" id=\"avia_3_1\" value=\"\" \/><\/p><p class=\"hidden\"><input type=\"text\" name=\"avia_4_1\" class=\"hidden \" id=\"avia_4_1\" value=\"\" \/><\/p><p class=\"form_element \"><input type=\"hidden\" value=\"1\" name=\"avia_generated_form1\" \/><input type=\"submit\" value=\" Solicitar informaci\u00f3n\" class=\"button\"  data-sending-label=\"Enviando\"\/><\/p><\/fieldset><\/form><div id=\"ajaxresponse_1\" class=\"ajaxresponse ajaxresponse_1 hidden\"><\/div><\/p><\/div>\n","protected":false},"excerpt":{"rendered":"","protected":false},"author":1,"featured_media":0,"parent":3736,"menu_order":2,"comment_status":"closed","ping_status":"closed","template":"","meta":{"footnotes":""},"aioseo_notices":[],"_links":{"self":[{"href":"https:\/\/www.forvatec.com\/es\/wp-json\/wp\/v2\/pages\/3742"}],"collection":[{"href":"https:\/\/www.forvatec.com\/es\/wp-json\/wp\/v2\/pages"}],"about":[{"href":"https:\/\/www.forvatec.com\/es\/wp-json\/wp\/v2\/types\/page"}],"author":[{"embeddable":true,"href":"https:\/\/www.forvatec.com\/es\/wp-json\/wp\/v2\/users\/1"}],"replies":[{"embeddable":true,"href":"https:\/\/www.forvatec.com\/es\/wp-json\/wp\/v2\/comments?post=3742"}],"version-history":[{"count":32,"href":"https:\/\/www.forvatec.com\/es\/wp-json\/wp\/v2\/pages\/3742\/revisions"}],"predecessor-version":[{"id":8099,"href":"https:\/\/www.forvatec.com\/es\/wp-json\/wp\/v2\/pages\/3742\/revisions\/8099"}],"up":[{"embeddable":true,"href":"https:\/\/www.forvatec.com\/es\/wp-json\/wp\/v2\/pages\/3736"}],"wp:attachment":[{"href":"https:\/\/www.forvatec.com\/es\/wp-json\/wp\/v2\/media?parent=3742"}],"curies":[{"name":"wp","href":"https:\/\/api.w.org\/{rel}","templated":true}]}}