{"id":3745,"date":"2015-11-19T14:20:36","date_gmt":"2015-11-19T14:20:36","guid":{"rendered":"http:\/\/www.forvatec.com\/?page_id=3745"},"modified":"2019-10-17T18:45:05","modified_gmt":"2019-10-17T18:45:05","slug":"formacion-vehiculos-pesados","status":"publish","type":"page","link":"https:\/\/www.forvatec.com\/es\/formacion\/formacion-vehiculos-pesados\/","title":{"rendered":"Veh\u00edculos Pesados"},"content":{"rendered":"<div id='layer_slider_1'  class='avia-layerslider main_color avia-shadow  avia-builder-el-0  el_before_av_one_full  avia-builder-el-first  container_wrap sidebar_right' style='  height: 201px;' ><\/div><div id='after_layer_slider_1'  class='main_color av_default_container_wrap container_wrap sidebar_right' style=' '  ><div class='container' ><div class='template-page content  av-content-small alpha units'><div class='post-entry post-entry-type-page post-entry-3745'><div class='entry-content-wrapper clearfix'>\n<div class=\"flex_column av_one_full  flex_column_div av-zero-column-padding first  avia-builder-el-1  el_after_av_layerslider  el_before_av_hr  avia-builder-el-first  \" style='border-radius:0px; '><div  class=\"tabcontainer   top_tab   avia-builder-el-2  avia-builder-el-no-sibling \" role=\"tablist\">\n\n<section class=\"av_tab_section\"  itemscope=\"itemscope\" itemtype=\"https:\/\/schema.org\/CreativeWork\" ><div aria-controls=\"tab-id-1-content\" role=\"tab\" tabindex=\"0\" data-fake-id=\"#tab-id-1\" class=\"tab active_tab\"  itemprop=\"headline\" >Fabricantes<\/div>\n<div id=\"tab-id-1-content\" class=\"tab_content active_tab_content\" aria-hidden=\"false\">\n<div class=\"tab_inner_content invers-color\"  itemprop=\"text\" >\n<p style=\"text-align: justify;\"><b>FORVATEC<\/b> tambi\u00e9n cuenta con formaciones para los <b>veh\u00edculos<\/b> <b>pesados<\/b> y trabaja con los<strong> <b>principales fabricantes<\/b> <\/strong>para realizar y concebir cursos de formaci\u00f3n en Espa\u00f1ol, Ingl\u00e9s y Franc\u00e9s.<\/p>\n<p style=\"text-align: justify;\">Las formaciones abordan los siguientes aspectos:<\/p>\n<ul>\n<li>Motores: <b>Di\u00e9sel.<\/b><\/li>\n<li>Motores \/ veh\u00edculos de bajas emisiones: <b>GNV, <\/b><b>el\u00e9ctricos<\/b><b> e <\/b><b>h\u00edbridos<\/b>.<\/li>\n<li><b>Sistemas<\/b><b> de <\/b><b>inyecci\u00f3n<\/b><b>:<\/b> Common Rail.<\/li>\n<li><b>Sistemas<\/b><b> de <\/b><b>postratamiento<\/b><b> de <\/b><b>gases<\/b><b> de escape <\/b>(normativa EURO 6).<\/li>\n<li><strong><b>Cajas<\/b><b> de <\/b><b>velocidades<\/b><b>.<\/b><\/strong><\/li>\n<li><strong><b>Electricidad<\/b><b>, <\/b><b>redes<\/b> <b>multiplexadas<\/b><b>.<\/b><\/strong><\/li>\n<li><strong><b>Sistemas<\/b><b> de <\/b><b>frenado<\/b><\/strong><\/li>\n<li><strong><b>Sistemas<\/b><b> de <\/b><b>suspensi\u00f3n<\/b><\/strong><\/li>\n<li><b>Climatizaci\u00f3n<\/b> (mantenimiento y diagn\u00f3stico).<\/li>\n<li><b>Documentaci\u00f3n<\/b> <b>t\u00e9cnica<\/b> y<strong> <b>lectura<\/b><b> de <\/b><b>esquemas<\/b> <\/strong><\/li>\n<li>Actualizaciones de<strong> <b>nuevos<\/b> <b>productos<\/b><b>\/<\/b><b>veh\u00edculos<\/b><\/strong><\/li>\n<li><strong><b>Diagn\u00f3stico<\/b><b> de <\/b><b>fallos<\/b><b>.<\/b><\/strong><\/li>\n<\/ul>\n<p>Estamos especializados en el manejo de herramientas de diagn\u00f3stico de las siguientes marcas:<\/p>\n<table>\n<tbody>\n<tr>\n<td width=\"122\"><strong><b>Fabricante<\/b><\/strong><\/td>\n<td width=\"281\"><strong><b>Herramienta<\/b><b> de <\/b><b>diagn\u00f3stico<\/b><\/strong><\/td>\n<\/tr>\n<tr valign=\"middle\">\n<td width=\"192\"><img loading=\"lazy\" decoding=\"async\" class=\"aligncenter wp-image-6367\" src=\"http:\/\/www.forvatec.com\/wp-content\/uploads\/2019\/10\/logo_renault_trucks_400_200-300x150-300x150.jpg\" alt=\"\" width=\"150\" height=\"75\" \/><\/td>\n<td style=\"text-align: center; vertical-align: middle;\" width=\"192\">TechTool2, VCads, LCV Diag<\/td>\n<\/tr>\n<tr valign=\"middle\">\n<td valign=\"middle\" width=\"192\"><img loading=\"lazy\" decoding=\"async\" class=\"aligncenter wp-image-6368\" src=\"http:\/\/www.forvatec.com\/wp-content\/uploads\/2019\/10\/logo_volvo_trucks_400_200-300x150-300x150.jpg\" alt=\"\" width=\"150\" height=\"75\" \/><\/td>\n<td style=\"text-align: center; vertical-align: middle;\" width=\"192\">TechTool2<\/td>\n<\/tr>\n<\/tbody>\n<\/table>\n\n<\/div>\n<\/div>\n<\/section>\n\n<\/div><\/div><div   class='hr hr-default   avia-builder-el-3  el_after_av_one_full  el_before_av_contact '><span class='hr-inner ' ><span class='hr-inner-style'><\/span><\/span><\/div><\/p>\n<form action=\"https:\/\/www.forvatec.com\/es\/formacion\/formacion-vehiculos-pesados\/\" method=\"post\"  class=\"avia_ajax_form av-form-labels-visible   avia-builder-el-4  el_after_av_hr  avia-builder-el-last   \" data-avia-form-id=\"1\" data-avia-redirect='' ><h3 class=''>\u00bfNecesita informaci\u00f3n adicional sobre estos cursos?<\/h3><fieldset><p class='  first_form  form_element form_element_third' id='element_avia_1_1'><label for=\"avia_1_1\">Nombre <abbr class=\"required\" title=\"requerido\">*<\/abbr><\/label> <input name=\"avia_1_1\" class=\"text_input is_empty\" type=\"text\" id=\"avia_1_1\" value=\"\" \/><\/p><p class='  form_element form_element_third' id='element_avia_2_1'><label for=\"avia_2_1\">Correo electr\u00f3nico <abbr class=\"required\" title=\"requerido\">*<\/abbr><\/label> <input name=\"avia_2_1\" class=\"text_input is_email\" type=\"text\" id=\"avia_2_1\" value=\"\" \/><\/p><p class='  form_element form_element_third av-last-visible-form-element' id='element_avia_3_1'><label for=\"avia_3_1\">Tel\u00e9fono<\/label> <input name=\"avia_3_1\" class=\"text_input \" type=\"text\" id=\"avia_3_1\" value=\"\" \/><\/p><p class=\"hidden\"><input type=\"text\" name=\"avia_4_1\" class=\"hidden \" id=\"avia_4_1\" value=\"\" \/><\/p><p class=\"form_element \"><input type=\"hidden\" value=\"1\" name=\"avia_generated_form1\" \/><input type=\"submit\" value=\"Solicitar informaci\u00f3n\" class=\"button\"  data-sending-label=\"Enviando\"\/><\/p><\/fieldset><\/form><div id=\"ajaxresponse_1\" class=\"ajaxresponse ajaxresponse_1 hidden\"><\/div>\n","protected":false},"excerpt":{"rendered":"","protected":false},"author":1,"featured_media":0,"parent":3736,"menu_order":3,"comment_status":"closed","ping_status":"closed","template":"","meta":{"footnotes":""},"aioseo_notices":[],"_links":{"self":[{"href":"https:\/\/www.forvatec.com\/es\/wp-json\/wp\/v2\/pages\/3745"}],"collection":[{"href":"https:\/\/www.forvatec.com\/es\/wp-json\/wp\/v2\/pages"}],"about":[{"href":"https:\/\/www.forvatec.com\/es\/wp-json\/wp\/v2\/types\/page"}],"author":[{"embeddable":true,"href":"https:\/\/www.forvatec.com\/es\/wp-json\/wp\/v2\/users\/1"}],"replies":[{"embeddable":true,"href":"https:\/\/www.forvatec.com\/es\/wp-json\/wp\/v2\/comments?post=3745"}],"version-history":[{"count":28,"href":"https:\/\/www.forvatec.com\/es\/wp-json\/wp\/v2\/pages\/3745\/revisions"}],"predecessor-version":[{"id":8100,"href":"https:\/\/www.forvatec.com\/es\/wp-json\/wp\/v2\/pages\/3745\/revisions\/8100"}],"up":[{"embeddable":true,"href":"https:\/\/www.forvatec.com\/es\/wp-json\/wp\/v2\/pages\/3736"}],"wp:attachment":[{"href":"https:\/\/www.forvatec.com\/es\/wp-json\/wp\/v2\/media?parent=3745"}],"curies":[{"name":"wp","href":"https:\/\/api.w.org\/{rel}","templated":true}]}}