{"id":3751,"date":"2015-11-19T14:33:25","date_gmt":"2015-11-19T14:33:25","guid":{"rendered":"http:\/\/www.forvatec.com\/?page_id=3751"},"modified":"2025-10-14T20:14:16","modified_gmt":"2025-10-14T20:14:16","slug":"formacion-habilitaciones-y-cualificacion","status":"publish","type":"page","link":"https:\/\/www.forvatec.com\/es\/formacion-habilitaciones-y-cualificacion\/","title":{"rendered":"Habilitaciones y Cualificaci\u00f3n"},"content":{"rendered":"<div class=\"flex_column av_one_full  flex_column_div av-zero-column-padding first  avia-builder-el-0  avia-builder-el-no-sibling  \" style='border-radius:0px; '><p><div  class=\"tabcontainer   top_tab   avia-builder-el-1  el_before_av_hr  avia-builder-el-first \" role=\"tablist\">\n\n<section class=\"av_tab_section\"  itemscope=\"itemscope\" itemtype=\"https:\/\/schema.org\/CreativeWork\" ><div aria-controls=\"tab-id-1-content\" role=\"tab\" tabindex=\"0\" data-fake-id=\"#tab-id-1\" class=\"tab active_tab\"  itemprop=\"headline\" >Climatizaci\u00f3n<\/div>\n<div id=\"tab-id-1-content\" class=\"tab_content active_tab_content\" aria-hidden=\"false\">\n<div class=\"tab_inner_content invers-color\"  itemprop=\"text\" >\n<p style=\"text-align: justify;\"><b><img loading=\"lazy\" decoding=\"async\" class=\"aligncenter size-large wp-image-8369\" src=\"https:\/\/www.forvatec.com\/wp-content\/uploads\/2024\/06\/banner_ac-1030x164.jpg\" alt=\"\" width=\"1030\" height=\"164\" srcset=\"https:\/\/www.forvatec.com\/wp-content\/uploads\/2024\/06\/banner_ac-1030x164.jpg 1030w, https:\/\/www.forvatec.com\/wp-content\/uploads\/2024\/06\/banner_ac-300x48.jpg 300w, https:\/\/www.forvatec.com\/wp-content\/uploads\/2024\/06\/banner_ac-768x122.jpg 768w, https:\/\/www.forvatec.com\/wp-content\/uploads\/2024\/06\/banner_ac-705x112.jpg 705w, https:\/\/www.forvatec.com\/wp-content\/uploads\/2024\/06\/banner_ac.jpg 1223w\" sizes=\"(max-width: 1030px) 100vw, 1030px\" \/><strong><img loading=\"lazy\" decoding=\"async\" class=\"alignright wp-image-3923 size-medium\" src=\"http:\/\/www.forvatec.com\/wp-content\/uploads\/2019\/06\/attestation-de-capacit\u00e9-V3.jpg\" alt=\"Certificado Habilitaci\u00f3n\" width=\"214\" height=\"300\" \/><\/strong>FORVATEC<\/b> dispone* de una\u00a0<b>CERTIFICACI\u00d3N DE CAPACIDAD<\/b> para la <b>manipulaci\u00f3n<\/b><b> de <\/b><b>fluidos<\/b> <b>frigor\u00edficos<\/b>, certificado emitido por Bureau Veritas Certification bajo la referencia 255430.<\/p>\n<p style=\"text-align: justify;\">Nuestras formaciones abordan los siguientes aspectos:<\/p>\n<ul>\n<li style=\"text-align: justify;\"><b>Mantenimiento<\/b><b> y <\/b><b>diagn\u00f3stico<\/b> de sistemas de climatizaci\u00f3n.<\/li>\n<li style=\"text-align: justify;\">Preparaci\u00f3n del <b>test de <\/b><b>aptitud<\/b> <b>Cat.I, Cat-V<\/b><b>\u00a0y Cat.V-VHU<\/b>.<\/li>\n<\/ul>\n<p><b>FORVATEC<\/b> est\u00e1 tambi\u00e9n declarado* como <b>ORGANISMO EVALUADOR<\/b> para emitir <b>certificados<\/b><b> de <\/b><b>habilitaci\u00f3n<\/b> para sistemas de climatizaci\u00f3n* :<\/p>\n<ul>\n<li>Habilitaci\u00f3n <b>Cat.V.<\/b><\/li>\n<li>Habilitaci\u00f3n <b>Cat.V-VHU<\/b>.<\/li>\n<\/ul>\n<p style=\"text-align: right;\"><em>*solo en Francia<\/em><\/p>\n<h2><\/h2>\n\n<\/div>\n<\/div>\n<\/section>\n\n<section class=\"av_tab_section\"  itemscope=\"itemscope\" itemtype=\"https:\/\/schema.org\/CreativeWork\" ><div aria-controls=\"tab-id-2-content\" role=\"tab\" tabindex=\"0\" data-fake-id=\"#tab-id-2\" class=\"tab \"  itemprop=\"headline\" >Seguridad El\u00e9ctrica - Veh\u00edculos<\/div>\n<div id=\"tab-id-2-content\" class=\"tab_content \" aria-hidden=\"true\">\n<div class=\"tab_inner_content invers-color\"  itemprop=\"text\" >\n<p style=\"text-align: justify;\"><strong><b><img loading=\"lazy\" decoding=\"async\" class=\"aligncenter wp-image-8664\" src=\"https:\/\/www.forvatec.com\/wp-content\/uploads\/2025\/10\/habilitation-electrique-VE-VH.jpg\" alt=\"\" width=\"485\" height=\"306\" srcset=\"https:\/\/www.forvatec.com\/wp-content\/uploads\/2025\/10\/habilitation-electrique-VE-VH.jpg 597w, https:\/\/www.forvatec.com\/wp-content\/uploads\/2025\/10\/habilitation-electrique-VE-VH-300x189.jpg 300w\" sizes=\"(max-width: 485px) 100vw, 485px\" \/><img loading=\"lazy\" decoding=\"async\" class=\"size-full wp-image-5278 alignright\" src=\"http:\/\/www.forvatec.com\/wp-content\/uploads\/2019\/06\/NF-C18-550.png\" alt=\"UTE\" width=\"191\" height=\"262\" \/>FORVATEC<\/b><\/strong> ofrece formaciones en <strong><b>veh\u00edculos y m\u00e1quinas m\u00f3viles<\/b> <\/strong>con <strong><b>energ\u00eda el\u00e9ctrica o h\u00edbrida.<\/b><\/strong><\/p>\n<p style=\"text-align: justify;\">Nuestros cursos cubren los siguientes aspectos:<\/p>\n<ul>\n<li style=\"text-align: justify;\">Prevenci\u00f3n de riesgos el\u00e9ctricos <strong><b>(formaci\u00f3n inicial)<\/b><\/strong><\/li>\n<li style=\"text-align: justify;\">Prevenci\u00f3n de riesgos el\u00e9ctricos <strong><b>(mantenimiento de la calificaci\u00f3n)<\/b><\/strong><\/li>\n<\/ul>\n<p>Autorizaciones emitidas<\/p>\n<ul>\n<li>B0L<\/li>\n<li>B1L \/ B1VL<\/li>\n<li>B2L \/ B2VL<\/li>\n<li>BCL Remolcador de tienda de conveniencia<\/li>\n<li>B1XL \/ B2XL Deconstrucci\u00f3n<\/li>\n<li>B1XL \/ B2XL Operaciones de bater\u00eda<\/li>\n<li>B1XL \/ B2XL<\/li>\n<li>B1TL \/ B2TL<\/li>\n<\/ul>\n\n<\/div>\n<\/div>\n<\/section>\n\n<section class=\"av_tab_section\"  itemscope=\"itemscope\" itemtype=\"https:\/\/schema.org\/CreativeWork\" ><div aria-controls=\"tab-id-3-content\" role=\"tab\" tabindex=\"0\" data-fake-id=\"#tab-id-3\" class=\"tab \"  itemprop=\"headline\" >Alta Tension<\/div>\n<div id=\"tab-id-3-content\" class=\"tab_content \" aria-hidden=\"true\">\n<div class=\"tab_inner_content invers-color\"  itemprop=\"text\" >\n<p><strong><b><img loading=\"lazy\" decoding=\"async\" class=\"aligncenter size-full wp-image-8658\" src=\"https:\/\/www.forvatec.com\/wp-content\/uploads\/2025\/10\/TST.jpg\" alt=\"\" width=\"422\" height=\"267\" srcset=\"https:\/\/www.forvatec.com\/wp-content\/uploads\/2025\/10\/TST.jpg 422w, https:\/\/www.forvatec.com\/wp-content\/uploads\/2025\/10\/TST-300x190.jpg 300w\" sizes=\"(max-width: 422px) 100vw, 422px\" \/>FORVATEC<\/b><\/strong> ofrece formaci\u00f3n para trabajar con veh\u00edculos o m\u00e1quinas m\u00f3viles con <strong><b>motorizaci\u00f3n t\u00e9rmica, el\u00e9ctrica o h\u00edbrida con energ\u00eda incorporada (IEVE).<\/b><\/strong><\/p>\n<p>Nuestros cursos cubren los siguientes aspectos:<\/p>\n<ul>\n<li>Prevenci\u00f3n de riesgos el\u00e9ctricos <strong><b>(formaci\u00f3n inicial).<\/b><\/strong><\/li>\n<li>Prevenci\u00f3n de riesgos el\u00e9ctricos <strong><b>(mantenimiento de la calificaci\u00f3n).<\/b><\/strong><\/li>\n<\/ul>\n<p>Autorizaciones emitidas<\/p>\n<ul>\n<li>B1TL \/ B2TL<\/li>\n<\/ul>\n\n<\/div>\n<\/div>\n<\/section>\n\n<section class=\"av_tab_section\"  itemscope=\"itemscope\" itemtype=\"https:\/\/schema.org\/CreativeWork\" ><div aria-controls=\"tab-id-4-content\" role=\"tab\" tabindex=\"0\" data-fake-id=\"#tab-id-4\" class=\"tab \"  itemprop=\"headline\" >Seguridad El\u00e9ctrica - Instalaciones Taller<\/div>\n<div id=\"tab-id-4-content\" class=\"tab_content \" aria-hidden=\"true\">\n<div class=\"tab_inner_content invers-color\"  itemprop=\"text\" >\n<p><strong><b><img loading=\"lazy\" decoding=\"async\" class=\"aligncenter size-full wp-image-8655\" src=\"https:\/\/www.forvatec.com\/wp-content\/uploads\/2025\/10\/habilitation-electrique-batiment.jpg\" alt=\"\" width=\"511\" height=\"287\" srcset=\"https:\/\/www.forvatec.com\/wp-content\/uploads\/2025\/10\/habilitation-electrique-batiment.jpg 511w, https:\/\/www.forvatec.com\/wp-content\/uploads\/2025\/10\/habilitation-electrique-batiment-300x168.jpg 300w\" sizes=\"(max-width: 511px) 100vw, 511px\" \/>FORVATEC<\/b><\/strong> ofrece formaci\u00f3n para <strong><b>t\u00e9cnicos de mantenimiento<\/b><\/strong> en equipos de garaje (instalaciones el\u00e9ctricas).<\/p>\n<p>Nuestros cursos cubren los siguientes aspectos:<\/p>\n<ul>\n<li>Prevenci\u00f3n de riesgos el\u00e9ctricos<strong><b>(formaci\u00f3n inicial).<\/b><\/strong><\/li>\n<li>Prevenci\u00f3n de riesgos el\u00e9ctricos <strong><b>(mantenimiento de la calificaci\u00f3n).<\/b><\/strong><\/li>\n<\/ul>\n<p>Autorizaciones emitidas<\/p>\n<ul>\n<li>B0<\/li>\n<li>B1 \/ B1V<\/li>\n<li>B2 \/ B2V<\/li>\n<li>BC<\/li>\n<li>BR<\/li>\n<li>BS<\/li>\n<li>BE maniobra, mide, verifica o prueba<\/li>\n<\/ul>\n\n<\/div>\n<\/div>\n<\/section>\n\n<section class=\"av_tab_section\"  itemscope=\"itemscope\" itemtype=\"https:\/\/schema.org\/CreativeWork\" ><div aria-controls=\"tab-id-5-content\" role=\"tab\" tabindex=\"0\" data-fake-id=\"#tab-id-5\" class=\"tab \"  itemprop=\"headline\" >Elevaci\u00f3n y Seguridad<\/div>\n<div id=\"tab-id-5-content\" class=\"tab_content \" aria-hidden=\"true\">\n<div class=\"tab_inner_content invers-color\"  itemprop=\"text\" >\n<p><img loading=\"lazy\" decoding=\"async\" class=\"aligncenter size-full wp-image-8661\" src=\"https:\/\/www.forvatec.com\/wp-content\/uploads\/2025\/10\/Levage.jpg\" alt=\"\" width=\"440\" height=\"255\" srcset=\"https:\/\/www.forvatec.com\/wp-content\/uploads\/2025\/10\/Levage.jpg 440w, https:\/\/www.forvatec.com\/wp-content\/uploads\/2025\/10\/Levage-300x174.jpg 300w\" sizes=\"(max-width: 440px) 100vw, 440px\" \/>Art\u00edculo R4323-55<br \/>\nCreado por decreto n\u00b02008-244 de 7 marzo de 2008 &#8211; art. (V)<\/p>\n<blockquote>\n<p>La utilizaci\u00f3n de equipos de trabajo m\u00f3viles automotrices y de equipamientos de trabajo de elevaci\u00f3n est\u00e1 reservada a trabajadores de hayan recibido una formaci\u00f3n adecuada. Esta formaci\u00f3n se complementa y actualiza siempre que sea necesario.<\/p>\n<\/blockquote>\n<p style=\"text-align: justify;\">Nuestras formaciones abordan los aspectos <b>te\u00f3ricos <\/b>y <b>pr\u00e1cticos<\/b> (en sus equipamientos elevaci\u00f3n).<\/p>\n\n<\/div>\n<\/div>\n<\/section>\n\n<section class=\"av_tab_section\"  itemscope=\"itemscope\" itemtype=\"https:\/\/schema.org\/CreativeWork\" ><div aria-controls=\"tab-id-6-content\" role=\"tab\" tabindex=\"0\" data-fake-id=\"#tab-id-6\" class=\"tab \"  itemprop=\"headline\" >GNC<\/div>\n<div id=\"tab-id-6-content\" class=\"tab_content \" aria-hidden=\"true\">\n<div class=\"tab_inner_content invers-color\"  itemprop=\"text\" >\n<p><img loading=\"lazy\" decoding=\"async\" class=\"aligncenter wp-image-8672\" src=\"https:\/\/www.forvatec.com\/wp-content\/uploads\/2025\/10\/GNV.jpg\" alt=\"\" width=\"326\" height=\"227\" srcset=\"https:\/\/www.forvatec.com\/wp-content\/uploads\/2025\/10\/GNV.jpg 600w, https:\/\/www.forvatec.com\/wp-content\/uploads\/2025\/10\/GNV-300x209.jpg 300w\" sizes=\"(max-width: 326px) 100vw, 326px\" \/><\/p>\n<p>Debido a la restricci\u00f3n de emisiones por las diversas normativas anticontaminaci\u00f3n, los veh\u00edculos, tanto pesados como ligeros, con motor <b>GNC(Gas Natural Comprimido)<\/b> se est\u00e1n haciendo cada vez m\u00e1s populares.<\/p>\n<p><b>FORVATEC<\/b> trabaja con fabricantes de veh\u00edculos pesados dise\u00f1ando e impartiendo este tipo de formaciones para su red de formadores y t\u00e9cnicos. Las formaciones se imparten en ingl\u00e9s, franc\u00e9s y espa\u00f1ol.<\/p>\n<p>Adem\u00e1s, en Francia, es necesario que los t\u00e9cnicos involucrados en estos veh\u00edculos tienen que estar habilitados para poder trabajar en ellos. Forvatec, ofrece una formaci\u00f3n para la habilitaci\u00f3n de estos para operaciones de <b>nivel 1, 2 y 3<\/b>.<\/p>\n<p>Las formaciones abordan los siguientes aspectos:<\/p>\n<ul>\n<li>Origen y composici\u00f3n de GNC<\/li>\n<li>Normativa para trabajos con GNC<\/li>\n<li>Riesgos y precauciones a tomar para veh\u00edculos\/instalaciones GNC<\/li>\n<li>Circuito y componentes del sistema de alta presi\u00f3n<\/li>\n<li>Circuito y componentes del sistema de baja presi\u00f3n\/motor<\/li>\n<li>Diagn\u00f3stico de aver\u00edas GNC<\/li>\n<li>Mantenimiento en veh\u00edculos GNC<\/li>\n<\/ul>\n\n<\/div>\n<\/div>\n<\/section>\n\n<section class=\"av_tab_section\"  itemscope=\"itemscope\" itemtype=\"https:\/\/schema.org\/CreativeWork\" ><div aria-controls=\"tab-id-7-content\" role=\"tab\" tabindex=\"0\" data-fake-id=\"#tab-id-7\" class=\"tab \"  itemprop=\"headline\" >GPL<\/div>\n<div id=\"tab-id-7-content\" class=\"tab_content \" aria-hidden=\"true\">\n<div class=\"tab_inner_content invers-color\"  itemprop=\"text\" >\n<p><img loading=\"lazy\" decoding=\"async\" class=\"aligncenter wp-image-8667\" src=\"https:\/\/www.forvatec.com\/wp-content\/uploads\/2025\/10\/GPL-1030x606.jpg\" alt=\"\" width=\"301\" height=\"177\" srcset=\"https:\/\/www.forvatec.com\/wp-content\/uploads\/2025\/10\/GPL-1030x606.jpg 1030w, https:\/\/www.forvatec.com\/wp-content\/uploads\/2025\/10\/GPL-300x177.jpg 300w, https:\/\/www.forvatec.com\/wp-content\/uploads\/2025\/10\/GPL-768x452.jpg 768w, https:\/\/www.forvatec.com\/wp-content\/uploads\/2025\/10\/GPL-705x415.jpg 705w, https:\/\/www.forvatec.com\/wp-content\/uploads\/2025\/10\/GPL.jpg 1500w\" sizes=\"(max-width: 301px) 100vw, 301px\" \/><\/p>\n<p><strong>FORVATEC<\/strong> colabora con numerosos fabricantes de veh\u00edculos y maquinaria para dise\u00f1ar e impartir formaci\u00f3n sobre GLP a su red (tanto para sus formadores como para sus propios t\u00e9cnicos). Los cursos se imparten en ingl\u00e9s, franc\u00e9s y espa\u00f1ol.<\/p>\n<p>Adem\u00e1s, en Francia, quienes trabajan en este tipo de veh\u00edculos y maquinaria deben estar autorizados. Forvatec ofrece formaci\u00f3n cualificada para <strong>operaciones de Nivel 1 y Nivel 2.<\/strong><\/p>\n<p>La formaci\u00f3n abarca los siguientes aspectos:<\/p>\n<ul>\n<li>Origen y composici\u00f3n del gas licuado de petr\u00f3leo<\/li>\n<li>Normativa ATEX para trabajar en veh\u00edculos propulsados \u200b\u200bpor GLP<\/li>\n<li>Riesgos y precauciones para veh\u00edculos e instalaciones<\/li>\n<li>Circuitos y componentes del sistema de gas<\/li>\n<li>Circuitos y componentes del sistema del motor<\/li>\n<li>Diagn\u00f3stico<\/li>\n<li>Mantenimiento del veh\u00edculo<\/li>\n<\/ul>\n\n<\/div>\n<\/div>\n<\/section>\n\n<\/div>\n<br \/>\n<div   class='hr hr-default   avia-builder-el-2  el_after_av_tab_container  el_before_av_contact '><span class='hr-inner ' ><span class='hr-inner-style'><\/span><\/span><\/div><br \/>\n<form action=\"https:\/\/www.forvatec.com\/es\/formacion-habilitaciones-y-cualificacion\/\" method=\"post\"  class=\"avia_ajax_form av-form-labels-visible   avia-builder-el-3  el_after_av_hr  avia-builder-el-last   \" data-avia-form-id=\"1\" data-avia-redirect='' ><h3 class=''>\u00bfNecesita informaci\u00f3n adicional sobre estos cursos?<\/h3><fieldset><p class='  first_form  form_element form_element_third' id='element_avia_1_1'><label for=\"avia_1_1\">Nombre <abbr class=\"required\" title=\"requerido\">*<\/abbr><\/label> <input name=\"avia_1_1\" class=\"text_input is_empty\" type=\"text\" id=\"avia_1_1\" value=\"\" \/><\/p><p class='  form_element form_element_third' id='element_avia_2_1'><label for=\"avia_2_1\">Correo electr\u00f3nico <abbr class=\"required\" title=\"requerido\">*<\/abbr><\/label> <input name=\"avia_2_1\" class=\"text_input is_email\" type=\"text\" id=\"avia_2_1\" value=\"\" \/><\/p><p class='  form_element form_element_third av-last-visible-form-element' id='element_avia_3_1'><label for=\"avia_3_1\">Tel\u00e9fono<\/label> <input name=\"avia_3_1\" class=\"text_input \" type=\"text\" id=\"avia_3_1\" value=\"\" \/><\/p><p class=\"hidden\"><input type=\"text\" name=\"avia_4_1\" class=\"hidden \" id=\"avia_4_1\" value=\"\" \/><\/p><p class=\"form_element \"><input type=\"hidden\" value=\"1\" name=\"avia_generated_form1\" \/><input type=\"submit\" value=\"Solicitar informaci\u00f3n\" class=\"button\"  data-sending-label=\"Enviando\"\/><\/p><\/fieldset><\/form><div id=\"ajaxresponse_1\" class=\"ajaxresponse ajaxresponse_1 hidden\"><\/div><\/p><\/div>\n","protected":false},"excerpt":{"rendered":"","protected":false},"author":1,"featured_media":0,"parent":0,"menu_order":5,"comment_status":"closed","ping_status":"closed","template":"","meta":{"footnotes":""},"aioseo_notices":[],"_links":{"self":[{"href":"https:\/\/www.forvatec.com\/es\/wp-json\/wp\/v2\/pages\/3751"}],"collection":[{"href":"https:\/\/www.forvatec.com\/es\/wp-json\/wp\/v2\/pages"}],"about":[{"href":"https:\/\/www.forvatec.com\/es\/wp-json\/wp\/v2\/types\/page"}],"author":[{"embeddable":true,"href":"https:\/\/www.forvatec.com\/es\/wp-json\/wp\/v2\/users\/1"}],"replies":[{"embeddable":true,"href":"https:\/\/www.forvatec.com\/es\/wp-json\/wp\/v2\/comments?post=3751"}],"version-history":[{"count":61,"href":"https:\/\/www.forvatec.com\/es\/wp-json\/wp\/v2\/pages\/3751\/revisions"}],"predecessor-version":[{"id":8735,"href":"https:\/\/www.forvatec.com\/es\/wp-json\/wp\/v2\/pages\/3751\/revisions\/8735"}],"wp:attachment":[{"href":"https:\/\/www.forvatec.com\/es\/wp-json\/wp\/v2\/media?parent=3751"}],"curies":[{"name":"wp","href":"https:\/\/api.w.org\/{rel}","templated":true}]}}