{"id":3929,"date":"2015-11-24T17:12:50","date_gmt":"2015-11-24T17:12:50","guid":{"rendered":"http:\/\/www.forvatec.com\/?page_id=3929"},"modified":"2023-05-29T19:03:07","modified_gmt":"2023-05-29T19:03:07","slug":"zona-empleo","status":"publish","type":"page","link":"https:\/\/www.forvatec.com\/es\/contacto\/zona-empleo\/","title":{"rendered":"Zona Empleo"},"content":{"rendered":"<div class=\"flex_column av_one_third  flex_column_div av-zero-column-padding first  avia-builder-el-0  el_before_av_one_third  avia-builder-el-first  \" style='border-radius:0px; '><div  class='avia-image-container  av-styling- av-hover-grow   avia-builder-el-1  avia-builder-el-no-sibling  avia-align-center '  itemprop=\"image\" itemscope=\"itemscope\" itemtype=\"https:\/\/schema.org\/ImageObject\"  ><div class='avia-image-container-inner'><div class='avia-image-overlay-wrap'><img decoding=\"async\" class='wp-image-4931 avia-img-lazy-loading-not-4931 avia_image' src=\"https:\/\/www.forvatec.com\/wp-content\/uploads\/2015\/11\/cv_image_03.jpg\" alt='' title='' height=\"270\" width=\"410\"  itemprop=\"thumbnailUrl\" srcset=\"https:\/\/www.forvatec.com\/wp-content\/uploads\/2015\/11\/cv_image_03.jpg 410w, https:\/\/www.forvatec.com\/wp-content\/uploads\/2015\/11\/cv_image_03-300x198.jpg 300w\" sizes=\"(max-width: 410px) 100vw, 410px\" \/><\/div><\/div><\/div><\/div>\n<div class=\"flex_column av_one_third  flex_column_div av-zero-column-padding   avia-builder-el-2  el_after_av_one_third  el_before_av_one_third  \" style='border-radius:0px; '><div  class='avia-image-container  av-styling- av-hover-grow   avia-builder-el-3  avia-builder-el-no-sibling  avia-align-center '  itemprop=\"image\" itemscope=\"itemscope\" itemtype=\"https:\/\/schema.org\/ImageObject\"  ><div class='avia-image-container-inner'><div class='avia-image-overlay-wrap'><img decoding=\"async\" class='wp-image-4930 avia-img-lazy-loading-not-4930 avia_image' src=\"https:\/\/www.forvatec.com\/wp-content\/uploads\/2015\/11\/cv_image_02.jpg\" alt='' title='' height=\"270\" width=\"410\"  itemprop=\"thumbnailUrl\" srcset=\"https:\/\/www.forvatec.com\/wp-content\/uploads\/2015\/11\/cv_image_02.jpg 410w, https:\/\/www.forvatec.com\/wp-content\/uploads\/2015\/11\/cv_image_02-300x198.jpg 300w\" sizes=\"(max-width: 410px) 100vw, 410px\" \/><\/div><\/div><\/div><\/div>\n<div class=\"flex_column av_one_third  flex_column_div av-zero-column-padding   avia-builder-el-4  el_after_av_one_third  el_before_av_hr  \" style='border-radius:0px; '><div  class='avia-image-container  av-styling- av-hover-grow   avia-builder-el-5  avia-builder-el-no-sibling  avia-align-center '  itemprop=\"image\" itemscope=\"itemscope\" itemtype=\"https:\/\/schema.org\/ImageObject\"  ><div class='avia-image-container-inner'><div class='avia-image-overlay-wrap'><img decoding=\"async\" class='wp-image-4929 avia-img-lazy-loading-not-4929 avia_image' src=\"https:\/\/www.forvatec.com\/wp-content\/uploads\/2015\/11\/cv_image_01.jpg\" alt='' title='' height=\"270\" width=\"410\"  itemprop=\"thumbnailUrl\" srcset=\"https:\/\/www.forvatec.com\/wp-content\/uploads\/2015\/11\/cv_image_01.jpg 410w, https:\/\/www.forvatec.com\/wp-content\/uploads\/2015\/11\/cv_image_01-300x198.jpg 300w\" sizes=\"(max-width: 410px) 100vw, 410px\" \/><\/div><\/div><\/div><\/div>\n<div   class='hr hr-default   avia-builder-el-6  el_after_av_one_third  el_before_av_textblock '><span class='hr-inner ' ><span class='hr-inner-style'><\/span><\/span><\/div>\n<section class=\"av_textblock_section \"  itemscope=\"itemscope\" itemtype=\"https:\/\/schema.org\/CreativeWork\" ><div class='avia_textblock  '   itemprop=\"text\" ><p style=\"text-align: justify;\">Para <strong>FORVATEC<\/strong> los <strong>principales valores<\/strong> de sus empleados son\u00a0 su\u00a0<strong>competencia<\/strong>\u00a0y <strong>compromiso<\/strong> con la organizaci\u00f3n.<\/p>\n<blockquote>\n<p>\u00bfQuieres unirte a una <strong>estructura din\u00e1mica<\/strong> y desarrollar tu carrera profesional en la <strong>formaci\u00f3n t\u00e9cnica del autom\u00f3vil<\/strong>?<\/p>\n<\/blockquote>\n<\/div><\/section>\n<div  style='padding-bottom:20px; ' class='av-special-heading av-special-heading-h2  blockquote modern-quote modern-centered  avia-builder-el-8  el_after_av_textblock  el_before_av_heading  '><h2 class='av-special-heading-tag '  itemprop=\"headline\"  >\u00a1Nos interesa tu talento!<\/h2><div class='special-heading-border'><div class='special-heading-inner-border' ><\/div><\/div><\/div>\n<div  style='padding-bottom:10px; ' class='av-special-heading av-special-heading-h3    avia-builder-el-9  el_after_av_heading  el_before_av_textblock  '><h3 class='av-special-heading-tag '  itemprop=\"headline\"  >FORMADOR T\u00c9CNICO, EXPERTO O JUNIOR<\/h3><div class='special-heading-border'><div class='special-heading-inner-border' ><\/div><\/div><\/div>\n<section class=\"av_textblock_section \"  itemscope=\"itemscope\" itemtype=\"https:\/\/schema.org\/CreativeWork\" ><div class='avia_textblock  '   itemprop=\"text\" ><h4>Informaci\u00f3n y tareas a realizar<\/h4>\n<p>Despu\u00e9s de un per\u00edodo de <strong>formaci\u00f3n t\u00e9cnica y pedag\u00f3gica,<\/strong> usted ser\u00e1 responsable de:<\/p>\n<ul>\n<li><strong>Impartir la formaci\u00f3n t\u00e9cnica<\/strong><\/li>\n<li><strong>Desarrollar materiales<\/strong> de capacitaci\u00f3n<\/li>\n<li><strong>Adaptar<\/strong> los cursos existentes<\/li>\n<li>Llevar a cabo\u00a0<strong>actuaciones relacionadas con\u00a0actividades<\/strong> de Forvatec en <strong>Espa\u00f1a, Francia\u00a0o a nivel internacional<\/strong><\/li>\n<\/ul>\n<h4>Perfiles que buscamos<\/h4>\n<ul>\n<li style=\"text-align: justify;\"><strong>T\u00e9cnico en electromec\u00e1nica de veh\u00edculos autom\u00f3viles y\/o maquinaria, T\u00e9cnico superior en automoci\u00f3n, Ingeniero t\u00e9cnico o Graduado en Ingenier\u00eda mec\u00e1nica<\/strong> con varios a\u00f1os de<strong> experiencia en la formaci\u00f3n t\u00e9cnica,<\/strong> reparaciones del taller (autom\u00f3viles, camiones, veh\u00edculos industriales, agr\u00edcolas y de maquinaria de obras p\u00fablicas), responsable de postventa,\u00a0soporte t\u00e9cnico o cualquier otro negocio del sector automovil\u00edstico.<\/li>\n<li><strong>Apasionado de la mec\u00e1nica en general<\/strong> y que le guste <strong>transmitir su conocimiento.<\/strong><\/li>\n<li>El<strong> excelente nivel t\u00e9cnico<\/strong> (motores t\u00e9rmicos, mec\u00e1nicos, electricidad\/redes multiplexadas, aire acondicionado, geometr\u00eda, diagn\u00f3stico de averias, hidr\u00e1ulica\u2026), el manejo fluido de los paquetes inform\u00e1ticos habituales<strong>,\u00a0las habilidades interpersonales, la independencia y capacidad de organizaci\u00f3n <\/strong>son claves para el\u00a0\u00e9xito de nuestra actividad<\/li>\n<li style=\"text-align: justify;\">Nivel alto y fluido en ingl\u00e9s t\u00e9cnico (le\u00eddo, hablado y escrito). Se valorar\u00e1 el conocimiento de otros idiomas<\/li>\n<li style=\"text-align: justify;\">Remuneraci\u00f3n de acuerdo al perfil y experiencia<\/li>\n<\/ul>\n<\/div><\/section>\n<div  style='padding-bottom:10px; ' class='av-special-heading av-special-heading-h3    avia-builder-el-11  el_after_av_textblock  el_before_av_textblock  '><h3 class='av-special-heading-tag '  itemprop=\"headline\"  >ENV\u00cdENOS SU CURRICULUM VITAE<\/h3><div class='special-heading-border'><div class='special-heading-inner-border' ><\/div><\/div><\/div>\n<section class=\"av_textblock_section \"  itemscope=\"itemscope\" itemtype=\"https:\/\/schema.org\/CreativeWork\" ><div class='avia_textblock  '   itemprop=\"text\" ><p><em>(*) requirido<\/em><\/p>\n<\/div><\/section>\n\n<section class=\"av_textblock_section \"  itemscope=\"itemscope\" itemtype=\"https:\/\/schema.org\/CreativeWork\" ><div class='avia_textblock  '   itemprop=\"text\" ><p><strong>Informaci\u00f3n:<\/strong> Si tiene alg\u00fan problema en el env\u00edo de la informaci\u00f3n, <strong>puede ponerse en contacto<\/strong> con nosotros enviando un <strong>e-mail<\/strong> con sus datos a la direcci\u00f3n<strong> info@forvatec.com<\/strong>.<\/p>\n<\/div><\/section>\n","protected":false},"excerpt":{"rendered":"","protected":false},"author":1,"featured_media":0,"parent":1167,"menu_order":2,"comment_status":"closed","ping_status":"closed","template":"","meta":{"footnotes":""},"aioseo_notices":[],"_links":{"self":[{"href":"https:\/\/www.forvatec.com\/es\/wp-json\/wp\/v2\/pages\/3929"}],"collection":[{"href":"https:\/\/www.forvatec.com\/es\/wp-json\/wp\/v2\/pages"}],"about":[{"href":"https:\/\/www.forvatec.com\/es\/wp-json\/wp\/v2\/types\/page"}],"author":[{"embeddable":true,"href":"https:\/\/www.forvatec.com\/es\/wp-json\/wp\/v2\/users\/1"}],"replies":[{"embeddable":true,"href":"https:\/\/www.forvatec.com\/es\/wp-json\/wp\/v2\/comments?post=3929"}],"version-history":[{"count":24,"href":"https:\/\/www.forvatec.com\/es\/wp-json\/wp\/v2\/pages\/3929\/revisions"}],"predecessor-version":[{"id":4935,"href":"https:\/\/www.forvatec.com\/es\/wp-json\/wp\/v2\/pages\/3929\/revisions\/4935"}],"up":[{"embeddable":true,"href":"https:\/\/www.forvatec.com\/es\/wp-json\/wp\/v2\/pages\/1167"}],"wp:attachment":[{"href":"https:\/\/www.forvatec.com\/es\/wp-json\/wp\/v2\/media?parent=3929"}],"curies":[{"name":"wp","href":"https:\/\/api.w.org\/{rel}","templated":true}]}}