{"id":5733,"date":"2018-07-26T09:44:56","date_gmt":"2018-07-26T09:44:56","guid":{"rendered":"http:\/\/www.forvatec.com\/es\/?page_id=5733"},"modified":"2019-08-28T19:12:18","modified_gmt":"2019-08-28T19:12:18","slug":"formacion-compresores-y-generadores","status":"publish","type":"page","link":"https:\/\/www.forvatec.com\/es\/formacion\/formacion-compresores-y-generadores\/","title":{"rendered":"Formaci\u00f3n Compresores y Generadores"},"content":{"rendered":"<div id='layer_slider_1'  class='avia-layerslider main_color avia-shadow  avia-builder-el-0  el_before_av_one_full  avia-builder-el-first  container_wrap sidebar_right' style='  height: 201px;' ><\/div><div id='after_layer_slider_1'  class='main_color av_default_container_wrap container_wrap sidebar_right' style=' '  ><div class='container' ><div class='template-page content  av-content-small alpha units'><div class='post-entry post-entry-type-page post-entry-5733'><div class='entry-content-wrapper clearfix'>\n<div class=\"flex_column av_one_full  flex_column_div av-zero-column-padding first  avia-builder-el-1  el_after_av_layerslider  avia-builder-el-no-sibling  \" style='border-radius:0px; '><p><section class=\"av_textblock_section \"  itemscope=\"itemscope\" itemtype=\"https:\/\/schema.org\/CreativeWork\" ><div class='avia_textblock  '   itemprop=\"text\" ><p><strong>FORVATEC <\/strong>incorpora a su portfolio de formaci\u00f3n, las formaciones sobre Compresores y Generadores industriales.<\/p>\n<p>Forvatec trabaja con fabricantes de estos equipos dando formaci\u00f3n en ingl\u00e9s, franc\u00e9s y espa\u00f1ol.<\/p>\n<p>Las formaciones abordan los siguientes aspectos:<\/p>\n<p><strong>Compresores<\/strong><img loading=\"lazy\" decoding=\"async\" class=\"wp-image-6209 size-medium alignright\" src=\"http:\/\/www.forvatec.com\/wp-content\/uploads\/2019\/08\/foto_generador_01-300x225.jpg\" alt=\"\" width=\"300\" height=\"225\" srcset=\"https:\/\/www.forvatec.com\/wp-content\/uploads\/2019\/08\/foto_generador_01-300x225.jpg 300w, https:\/\/www.forvatec.com\/wp-content\/uploads\/2019\/08\/foto_generador_01-450x337.jpg 450w, https:\/\/www.forvatec.com\/wp-content\/uploads\/2019\/08\/foto_generador_01.jpg 600w\" sizes=\"(max-width: 300px) 100vw, 300px\" \/><\/p>\n<ul>\n<li>Motor (normativa EU\/EPA o fuera de normativa)<\/li>\n<li>Unidad compresora o Airend<\/li>\n<li>Sistema de Lubricaci\u00f3n\/ Refrigeraci\u00f3n<\/li>\n<li>Sistema de regulaci\u00f3n<\/li>\n<li>Estudio de componentes<\/li>\n<li>Sistema el\u00e9ctrico<\/li>\n<li>Diagn\u00f3stico de aver\u00edas<\/li>\n<\/ul>\n<p><strong>Generadores<\/strong><strong><img loading=\"lazy\" decoding=\"async\" class=\"wp-image-6113 size-medium alignright\" src=\"http:\/\/www.forvatec.com\/wp-content\/uploads\/2019\/08\/foto_generador_02-300x250.jpg\" alt=\"\" width=\"300\" height=\"250\" srcset=\"https:\/\/www.forvatec.com\/wp-content\/uploads\/2019\/08\/foto_generador_02-300x250.jpg 300w, https:\/\/www.forvatec.com\/wp-content\/uploads\/2019\/08\/foto_generador_02-450x375.jpg 450w, https:\/\/www.forvatec.com\/wp-content\/uploads\/2019\/08\/foto_generador_02.jpg 600w\" sizes=\"(max-width: 300px) 100vw, 300px\" \/><\/strong><\/p>\n<ul>\n<li>Motor (normativa EU\/EPA o fuera de normativa)<\/li>\n<li>Alternador<\/li>\n<li>Panel de control<\/li>\n<li>Estudio de componentes<\/li>\n<li>Diagn\u00f3stico de aver\u00edas<\/li>\n<\/ul>\n<\/div><\/section><br \/>\n<div   class='hr hr-default   avia-builder-el-3  el_after_av_textblock  el_before_av_contact '><span class='hr-inner ' ><span class='hr-inner-style'><\/span><\/span><\/div><br \/>\n<form action=\"https:\/\/www.forvatec.com\/es\/formacion\/formacion-compresores-y-generadores\/\" method=\"post\"  class=\"avia_ajax_form av-form-labels-visible   avia-builder-el-4  el_after_av_hr  avia-builder-el-last   \" data-avia-form-id=\"1\" data-avia-redirect='' ><h3 class=''>\u00bfNecesita informaci\u00f3n adicional sobre estos cursos?<\/h3><fieldset><p class='  first_form  form_element form_element_third' id='element_avia_1_1'><label for=\"avia_1_1\">Nombre <abbr class=\"required\" title=\"requerido\">*<\/abbr><\/label> <input name=\"avia_1_1\" class=\"text_input is_empty\" type=\"text\" id=\"avia_1_1\" value=\"\" \/><\/p><p class='  form_element form_element_third' id='element_avia_2_1'><label for=\"avia_2_1\">Correo electr\u00f3nico <abbr class=\"required\" title=\"requerido\">*<\/abbr><\/label> <input name=\"avia_2_1\" class=\"text_input is_email\" type=\"text\" id=\"avia_2_1\" value=\"\" \/><\/p><p class='  form_element form_element_third av-last-visible-form-element' id='element_avia_3_1'><label for=\"avia_3_1\">Tel\u00e9fono<\/label> <input name=\"avia_3_1\" class=\"text_input \" type=\"text\" id=\"avia_3_1\" value=\"\" \/><\/p><p class=\"hidden\"><input type=\"text\" name=\"avia_4_1\" class=\"hidden \" id=\"avia_4_1\" value=\"\" \/><\/p><p class=\"form_element \"><input type=\"hidden\" value=\"1\" name=\"avia_generated_form1\" \/><input type=\"submit\" value=\"Solicitar informaci\u00f3n\" class=\"button\"  data-sending-label=\"Enviando\"\/><\/p><\/fieldset><\/form><div id=\"ajaxresponse_1\" class=\"ajaxresponse ajaxresponse_1 hidden\"><\/div><\/p><\/div>\n","protected":false},"excerpt":{"rendered":"","protected":false},"author":1,"featured_media":0,"parent":3736,"menu_order":8,"comment_status":"closed","ping_status":"closed","template":"","meta":{"footnotes":""},"aioseo_notices":[],"_links":{"self":[{"href":"https:\/\/www.forvatec.com\/es\/wp-json\/wp\/v2\/pages\/5733"}],"collection":[{"href":"https:\/\/www.forvatec.com\/es\/wp-json\/wp\/v2\/pages"}],"about":[{"href":"https:\/\/www.forvatec.com\/es\/wp-json\/wp\/v2\/types\/page"}],"author":[{"embeddable":true,"href":"https:\/\/www.forvatec.com\/es\/wp-json\/wp\/v2\/users\/1"}],"replies":[{"embeddable":true,"href":"https:\/\/www.forvatec.com\/es\/wp-json\/wp\/v2\/comments?post=5733"}],"version-history":[{"count":7,"href":"https:\/\/www.forvatec.com\/es\/wp-json\/wp\/v2\/pages\/5733\/revisions"}],"predecessor-version":[{"id":6213,"href":"https:\/\/www.forvatec.com\/es\/wp-json\/wp\/v2\/pages\/5733\/revisions\/6213"}],"up":[{"embeddable":true,"href":"https:\/\/www.forvatec.com\/es\/wp-json\/wp\/v2\/pages\/3736"}],"wp:attachment":[{"href":"https:\/\/www.forvatec.com\/es\/wp-json\/wp\/v2\/media?parent=5733"}],"curies":[{"name":"wp","href":"https:\/\/api.w.org\/{rel}","templated":true}]}}