{"id":5749,"date":"2018-07-26T09:16:05","date_gmt":"2018-07-26T09:16:05","guid":{"rendered":"http:\/\/www.forvatec.com\/es\/?page_id=5749"},"modified":"2018-07-26T14:39:39","modified_gmt":"2018-07-26T14:39:39","slug":"vehiculos-gnc","status":"publish","type":"page","link":"https:\/\/www.forvatec.com\/es\/formacion\/vehiculos-gnc\/","title":{"rendered":"Veh\u00edculos GNC"},"content":{"rendered":"<div id='layer_slider_1'  class='avia-layerslider main_color avia-shadow  avia-builder-el-0  el_before_av_one_full  avia-builder-el-first  container_wrap sidebar_right' style='  height: 201px;' ><\/div><div id='after_layer_slider_1'  class='main_color av_default_container_wrap container_wrap sidebar_right' style=' '  ><div class='container' ><div class='template-page content  av-content-small alpha units'><div class='post-entry post-entry-type-page post-entry-5749'><div class='entry-content-wrapper clearfix'>\n<div class=\"flex_column av_one_full  flex_column_div av-zero-column-padding first  avia-builder-el-1  el_after_av_layerslider  avia-builder-el-no-sibling  \" style='border-radius:0px; '><p><section class=\"av_textblock_section \"  itemscope=\"itemscope\" itemtype=\"https:\/\/schema.org\/CreativeWork\" ><div class='avia_textblock  '   itemprop=\"text\" ><p>Debido a la restricci\u00f3n de emisiones por las diversas normativas anticontaminaci\u00f3n, los veh\u00edculos, tanto pesados como ligeros, con motor GNC (Gas Natural Comprimido) se est\u00e1n haciendo cada vez m\u00e1s populares.<\/p>\n<p><strong>FORVATEC<\/strong> trabaja con fabricantes de veh\u00edculos pesados dise\u00f1ando e impartiendo este tipo de formaciones para su red de formadores y t\u00e9cnicos. Las formaciones se imparten en ingl\u00e9s, franc\u00e9s y espa\u00f1ol.<\/p>\n<p>Adem\u00e1s, en Francia, es necesario que los t\u00e9cnicos involucrados en estos veh\u00edculos tienen que estar habilitados para poder trabajar en ellos. <strong>FORVATEC<\/strong> , ofrece una formaci\u00f3n para la habilitaci\u00f3n de estos para operaciones de nivel 1, 2 y 3.<\/p>\n<p><img loading=\"lazy\" decoding=\"async\" class=\"size-medium wp-image-5764 alignright\" src=\"http:\/\/www.forvatec.com\/wp-content\/uploads\/2018\/07\/gnc-300x176.png\" alt=\"\" width=\"300\" height=\"176\" srcset=\"https:\/\/www.forvatec.com\/wp-content\/uploads\/2018\/07\/gnc-300x176.png 300w, https:\/\/www.forvatec.com\/wp-content\/uploads\/2018\/07\/gnc-450x264.png 450w, https:\/\/www.forvatec.com\/wp-content\/uploads\/2018\/07\/gnc.png 556w\" sizes=\"(max-width: 300px) 100vw, 300px\" \/>Las formaciones abordan los siguientes aspectos:<\/p>\n<ul>\n<li>Origen y composici\u00f3n de GNC<\/li>\n<li>Normativa para trabajos con GNC<\/li>\n<li>Riesgos y precauciones a tomar para veh\u00edculos\/instalaciones GNC<\/li>\n<li>Circuito y componentes del sistema de alta presi\u00f3n<\/li>\n<li>Circuito y componentes del sistema de baja presi\u00f3n\/motor<\/li>\n<li>Diagn\u00f3stico de aver\u00edas GNC<\/li>\n<li>Mantenimiento en veh\u00edculos GNC<\/li>\n<\/ul>\n<\/div><\/section><br \/>\n<div   class='hr hr-default   avia-builder-el-3  el_after_av_textblock  el_before_av_contact '><span class='hr-inner ' ><span class='hr-inner-style'><\/span><\/span><\/div><br \/>\n<form action=\"https:\/\/www.forvatec.com\/es\/formacion\/vehiculos-gnc\/\" method=\"post\"  class=\"avia_ajax_form av-form-labels-visible   avia-builder-el-4  el_after_av_hr  avia-builder-el-last   \" data-avia-form-id=\"1\" data-avia-redirect='' ><h3 class=''>\u00bfNecesita informaci\u00f3n adicional sobre estos cursos?<\/h3><fieldset><p class='  first_form  form_element form_element_third' id='element_avia_1_1'><label for=\"avia_1_1\">Nombre <abbr class=\"required\" title=\"requerido\">*<\/abbr><\/label> <input name=\"avia_1_1\" class=\"text_input is_empty\" type=\"text\" id=\"avia_1_1\" value=\"\" \/><\/p><p class='  form_element form_element_third' id='element_avia_2_1'><label for=\"avia_2_1\">Correo electr\u00f3nico <abbr class=\"required\" title=\"requerido\">*<\/abbr><\/label> <input name=\"avia_2_1\" class=\"text_input is_email\" type=\"text\" id=\"avia_2_1\" value=\"\" \/><\/p><p class='  form_element form_element_third av-last-visible-form-element' id='element_avia_3_1'><label for=\"avia_3_1\">Tel\u00e9fono<\/label> <input name=\"avia_3_1\" class=\"text_input \" type=\"text\" id=\"avia_3_1\" value=\"\" \/><\/p><p class=\"hidden\"><input type=\"text\" name=\"avia_4_1\" class=\"hidden \" id=\"avia_4_1\" value=\"\" \/><\/p><p class=\"form_element \"><input type=\"hidden\" value=\"1\" name=\"avia_generated_form1\" \/><input type=\"submit\" value=\"Solicitar informaci\u00f3n\" class=\"button\"  data-sending-label=\"Enviando\"\/><\/p><\/fieldset><\/form><div id=\"ajaxresponse_1\" class=\"ajaxresponse ajaxresponse_1 hidden\"><\/div><\/p><\/div>\n","protected":false},"excerpt":{"rendered":"","protected":false},"author":1,"featured_media":0,"parent":3736,"menu_order":7,"comment_status":"closed","ping_status":"closed","template":"","meta":{"footnotes":""},"aioseo_notices":[],"_links":{"self":[{"href":"https:\/\/www.forvatec.com\/es\/wp-json\/wp\/v2\/pages\/5749"}],"collection":[{"href":"https:\/\/www.forvatec.com\/es\/wp-json\/wp\/v2\/pages"}],"about":[{"href":"https:\/\/www.forvatec.com\/es\/wp-json\/wp\/v2\/types\/page"}],"author":[{"embeddable":true,"href":"https:\/\/www.forvatec.com\/es\/wp-json\/wp\/v2\/users\/1"}],"replies":[{"embeddable":true,"href":"https:\/\/www.forvatec.com\/es\/wp-json\/wp\/v2\/comments?post=5749"}],"version-history":[{"count":5,"href":"https:\/\/www.forvatec.com\/es\/wp-json\/wp\/v2\/pages\/5749\/revisions"}],"predecessor-version":[{"id":5825,"href":"https:\/\/www.forvatec.com\/es\/wp-json\/wp\/v2\/pages\/5749\/revisions\/5825"}],"up":[{"embeddable":true,"href":"https:\/\/www.forvatec.com\/es\/wp-json\/wp\/v2\/pages\/3736"}],"wp:attachment":[{"href":"https:\/\/www.forvatec.com\/es\/wp-json\/wp\/v2\/media?parent=5749"}],"curies":[{"name":"wp","href":"https:\/\/api.w.org\/{rel}","templated":true}]}}