{"id":6157,"date":"2019-08-28T16:07:59","date_gmt":"2019-08-28T16:07:59","guid":{"rendered":"http:\/\/www.forvatec.com\/es\/?page_id=6157"},"modified":"2025-10-14T19:28:29","modified_gmt":"2025-10-14T19:28:29","slug":"clientes-forvatec","status":"publish","type":"page","link":"https:\/\/www.forvatec.com\/es\/clientes-forvatec\/","title":{"rendered":"Nuestros clientes"},"content":{"rendered":"<section class=\"av_textblock_section \"  itemscope=\"itemscope\" itemtype=\"https:\/\/schema.org\/CreativeWork\" ><div class='avia_textblock  '   itemprop=\"text\" ><h1 style=\"text-align: center;\">Nuestros clientes<\/h1>\n<p><img loading=\"lazy\" decoding=\"async\" class=\"aligncenter wp-image-8696\" src=\"https:\/\/www.forvatec.com\/wp-content\/uploads\/2025\/10\/Activites-1030x687.png\" alt=\"\" width=\"657\" height=\"438\" srcset=\"https:\/\/www.forvatec.com\/wp-content\/uploads\/2025\/10\/Activites-1030x687.png 1030w, https:\/\/www.forvatec.com\/wp-content\/uploads\/2025\/10\/Activites-300x200.png 300w, https:\/\/www.forvatec.com\/wp-content\/uploads\/2025\/10\/Activites-768x512.png 768w, https:\/\/www.forvatec.com\/wp-content\/uploads\/2025\/10\/Activites-1500x1000.png 1500w, https:\/\/www.forvatec.com\/wp-content\/uploads\/2025\/10\/Activites-705x470.png 705w, https:\/\/www.forvatec.com\/wp-content\/uploads\/2025\/10\/Activites.png 1536w\" sizes=\"(max-width: 657px) 100vw, 657px\" \/><\/p>\n<ul>\n<li>Fabricantes de veh\u00edculos ligeros, utilitarios, pesados, autobuses, autocares, equipos de manutenci\u00f3n, equipos de obras p\u00fablicas, maquinaria agr\u00edcola y veh\u00edculos\/maquinaria\/equipos espec\u00edficos.<\/li>\n<li>Redes de concesionarios.<\/li>\n<li>Taller multimarca.<\/li>\n<li>Servicio r\u00e1pido.<\/li>\n<li>Redes de distribuci\u00f3n\/venta de recambios.<\/li>\n<li>Talleres de carrocer\u00eda.<\/li>\n<li>Especialistas en lunas.<\/li>\n<li>Inspectores t\u00e9cnicos.<\/li>\n<li>Empresas de desguace, centros de veh\u00edculos fuera de uso.<\/li>\n<li>Fabricantes de equipos.<\/li>\n<li>Servicios de emergencia.<\/li>\n<li>Centros de formaci\u00f3n, etc&#8230;<\/li>\n<\/ul>\n<\/div><\/section>\n<div   class='hr hr-default   avia-builder-el-1  el_after_av_textblock  el_before_av_contact '><span class='hr-inner ' ><span class='hr-inner-style'><\/span><\/span><\/div>\n<form action=\"https:\/\/www.forvatec.com\/es\/clientes-forvatec\/\" method=\"post\"  class=\"avia_ajax_form av-form-labels-visible   avia-builder-el-2  el_after_av_hr  avia-builder-el-last   \" data-avia-form-id=\"1\" data-avia-redirect='' ><h3 class=''>\u00bfNecesita informaci\u00f3n adicional sobre estos cursos?<\/h3><fieldset><p class='  first_form  form_element form_element_third' id='element_avia_1_1'><label for=\"avia_1_1\">Nombre <abbr class=\"required\" title=\"requerido\">*<\/abbr><\/label> <input name=\"avia_1_1\" class=\"text_input is_empty\" type=\"text\" id=\"avia_1_1\" value=\"\" \/><\/p><p class='  form_element form_element_third' id='element_avia_2_1'><label for=\"avia_2_1\">Correo electr\u00f3nico <abbr class=\"required\" title=\"requerido\">*<\/abbr><\/label> <input name=\"avia_2_1\" class=\"text_input is_email\" type=\"text\" id=\"avia_2_1\" value=\"\" \/><\/p><p class='  form_element form_element_third av-last-visible-form-element' id='element_avia_3_1'><label for=\"avia_3_1\">Tel\u00e9fono<\/label> <input name=\"avia_3_1\" class=\"text_input \" type=\"text\" id=\"avia_3_1\" value=\"\" \/><\/p><p class=\"hidden\"><input type=\"text\" name=\"avia_4_1\" class=\"hidden \" id=\"avia_4_1\" value=\"\" \/><\/p><p class=\"form_element \"><input type=\"hidden\" value=\"1\" name=\"avia_generated_form1\" \/><input type=\"submit\" value=\"Solicitar informaci\u00f3n\" class=\"button\"  data-sending-label=\"Enviando\"\/><\/p><\/fieldset><\/form><div id=\"ajaxresponse_1\" class=\"ajaxresponse ajaxresponse_1 hidden\"><\/div>\n","protected":false},"excerpt":{"rendered":"","protected":false},"author":1,"featured_media":0,"parent":0,"menu_order":0,"comment_status":"closed","ping_status":"closed","template":"","meta":{"footnotes":""},"aioseo_notices":[],"_links":{"self":[{"href":"https:\/\/www.forvatec.com\/es\/wp-json\/wp\/v2\/pages\/6157"}],"collection":[{"href":"https:\/\/www.forvatec.com\/es\/wp-json\/wp\/v2\/pages"}],"about":[{"href":"https:\/\/www.forvatec.com\/es\/wp-json\/wp\/v2\/types\/page"}],"author":[{"embeddable":true,"href":"https:\/\/www.forvatec.com\/es\/wp-json\/wp\/v2\/users\/1"}],"replies":[{"embeddable":true,"href":"https:\/\/www.forvatec.com\/es\/wp-json\/wp\/v2\/comments?post=6157"}],"version-history":[{"count":9,"href":"https:\/\/www.forvatec.com\/es\/wp-json\/wp\/v2\/pages\/6157\/revisions"}],"predecessor-version":[{"id":8723,"href":"https:\/\/www.forvatec.com\/es\/wp-json\/wp\/v2\/pages\/6157\/revisions\/8723"}],"wp:attachment":[{"href":"https:\/\/www.forvatec.com\/es\/wp-json\/wp\/v2\/media?parent=6157"}],"curies":[{"name":"wp","href":"https:\/\/api.w.org\/{rel}","templated":true}]}}