{"id":755,"date":"2013-04-01T20:49:40","date_gmt":"2013-04-01T20:49:40","guid":{"rendered":"http:\/\/www.kriesi.at\/themes\/enfold\/?page_id=755"},"modified":"2025-10-14T20:18:29","modified_gmt":"2025-10-14T20:18:29","slug":"forvatec-consultoria-2","status":"publish","type":"page","link":"https:\/\/www.forvatec.com\/es\/forvatec-consultoria-2\/","title":{"rendered":"Consultor\u00eda"},"content":{"rendered":"<div class=\"flex_column av_three_fifth  flex_column_div first  avia-builder-el-0  el_before_av_two_fifth  avia-builder-el-first  \" ><p><div  style='padding-bottom:10px; ' class='av-special-heading av-special-heading-h3    avia-builder-el-1  el_before_av_textblock  avia-builder-el-first  '><h3 class='av-special-heading-tag '  itemprop=\"headline\"  >Su Proveedor de Soluciones<\/h3><div class='special-heading-border'><div class='special-heading-inner-border' ><\/div><\/div><\/div><br \/>\n<section class=\"av_textblock_section \"  itemscope=\"itemscope\" itemtype=\"https:\/\/schema.org\/CreativeWork\" ><div class='avia_textblock  '   itemprop=\"text\" ><blockquote>\n<p style=\"text-align: justify;\"><span id=\"result_box\" lang=\"es\"><strong><span class=\"hps\">Nuestro lema<\/span>:<\/strong> <span class=\"hps\">Ser capaz de<\/span> <span class=\"hps\">ofrecer a nuestros clientes<\/span> <span class=\"hps\">una <strong>amplia gama de<\/strong><\/span><strong> <span class=\"hps\">servicios <\/span><\/strong><span class=\"hps\">totalmente<\/span> <span class=\"hps\">adaptados a sus<\/span> <span class=\"hps\"><strong>necesidades<\/strong> y<\/span> aplicarlos<span class=\"hps\"> de manera<\/span><span class=\"hps\"> m\u00e1s<\/span> <strong><span class=\"hps\">sencilla<\/span>, <span class=\"hps\">eficaz y transparente<\/span> posible<\/strong>.<br \/>\n<\/span><\/p>\n<\/blockquote>\n<p style=\"text-align: justify;\">Ofrecemos una amplia variedad de servicios y trabajamos para<b> cualquier tipo de <\/b><b>compa\u00f1ia<\/b><b>, <\/b>en <b>varias \u00e1reas de negocio <\/b>y<b> <\/b>en <b>tres idiomas <\/b>(Espa\u00f1ol, Ingl\u00e9s y Franc\u00e9s).<\/p>\n<\/div><\/section><\/p><\/div>\n<div class=\"flex_column av_two_fifth  flex_column_div av-zero-column-padding   avia-builder-el-3  el_after_av_three_fifth  el_before_av_section  avia-builder-el-last  \" style='border-radius:0px; '><div   data-size='no scaling'  data-lightbox_size='large'  data-animation='slide'  data-conditional_play=''  data-ids='4550,4551,4552'  data-video_counter='0'  data-autoplay='true'  data-bg_slider='false'  data-slide_height=''  data-handle='av_slideshow'  data-interval='5'  data-class=' avia-builder-el-4  avia-builder-el-no-sibling  '  data-el_id=''  data-css_id=''  data-scroll_down=''  data-control_layout=''  data-custom_markup=''  data-perma_caption=''  data-autoplay_stopper=''  data-image_attachment=''  data-min_height='0px'  data-lazy_loading='disabled'  class='avia-slideshow avia-slideshow-1  av-default-height-applied avia-slideshow-no scaling av_slideshow  avia-builder-el-4  avia-builder-el-no-sibling   avia-slide-slider '  itemprop=\"image\" itemscope=\"itemscope\" itemtype=\"https:\/\/schema.org\/ImageObject\" ><ul class='avia-slideshow-inner ' style='padding-bottom: 66.666666666667%;' ><li  class=' slide-1 ' ><div data-rel='slideshow-1' class='avia-slide-wrap '   ><img decoding=\"async\" class=\"wp-image-4550 avia-img-lazy-loading-not-4550\"  src=\"https:\/\/www.forvatec.com\/wp-content\/uploads\/2013\/04\/balloons_600x400.jpg\" width=\"600\" height=\"400\" title='' alt=''  itemprop=\"thumbnailUrl\" srcset=\"https:\/\/www.forvatec.com\/wp-content\/uploads\/2013\/04\/balloons_600x400.jpg 600w, https:\/\/www.forvatec.com\/wp-content\/uploads\/2013\/04\/balloons_600x400-300x200.jpg 300w, https:\/\/www.forvatec.com\/wp-content\/uploads\/2013\/04\/balloons_600x400-450x300.jpg 450w\" sizes=\"(max-width: 600px) 100vw, 600px\" \/><\/div><\/li><li  class=' slide-2 ' ><div data-rel='slideshow-1' class='avia-slide-wrap '   ><img decoding=\"async\" class=\"wp-image-4551 avia-img-lazy-loading-not-4551\"  src=\"https:\/\/www.forvatec.com\/wp-content\/uploads\/2013\/04\/vehicle_600x400.jpg\" width=\"600\" height=\"400\" title='' alt=''  itemprop=\"thumbnailUrl\" srcset=\"https:\/\/www.forvatec.com\/wp-content\/uploads\/2013\/04\/vehicle_600x400.jpg 600w, https:\/\/www.forvatec.com\/wp-content\/uploads\/2013\/04\/vehicle_600x400-300x200.jpg 300w, https:\/\/www.forvatec.com\/wp-content\/uploads\/2013\/04\/vehicle_600x400-450x300.jpg 450w\" sizes=\"(max-width: 600px) 100vw, 600px\" \/><\/div><\/li><li  class=' slide-3 ' ><div data-rel='slideshow-1' class='avia-slide-wrap '   ><img decoding=\"async\" class=\"wp-image-4552 avia-img-lazy-loading-not-4552\"  src=\"https:\/\/www.forvatec.com\/wp-content\/uploads\/2013\/04\/competence_600x400.jpg\" width=\"600\" height=\"400\" title='' alt=''  itemprop=\"thumbnailUrl\" srcset=\"https:\/\/www.forvatec.com\/wp-content\/uploads\/2013\/04\/competence_600x400.jpg 600w, https:\/\/www.forvatec.com\/wp-content\/uploads\/2013\/04\/competence_600x400-300x200.jpg 300w, https:\/\/www.forvatec.com\/wp-content\/uploads\/2013\/04\/competence_600x400-450x300.jpg 450w\" sizes=\"(max-width: 600px) 100vw, 600px\" \/><\/div><\/li><\/ul><div class='avia-slideshow-arrows avia-slideshow-controls' ><a href='#prev' class='prev-slide ' aria-hidden='true' data-av_icon='\ue87c' data-av_iconfont='entypo-fontello' aria-hidden='true' tabindex='-1'>Anterior<\/a><a href='#next' class='next-slide ' aria-hidden='true' data-av_icon='\ue87d' data-av_iconfont='entypo-fontello' aria-hidden='true' tabindex='-1'>Posterior<\/a><\/div><div class='avia-slideshow-dots avia-slideshow-controls'><a href='#1' class='goto-slide active' >1<\/a><a href='#2' class='goto-slide ' >2<\/a><a href='#3' class='goto-slide ' >3<\/a><\/div><\/div><\/div>\n<\/div><\/div><\/div><!-- close content main div --><\/div><\/div><div id='av_section_1'  class='avia-section main_color avia-section-default avia-no-shadow  avia-bg-style-scroll  avia-builder-el-5  el_after_av_two_fifth  el_before_av_one_half   container_wrap sidebar_right' style=' '  ><div class='container' ><div class='template-page content  av-content-small alpha units'><div class='post-entry post-entry-type-page post-entry-755'><div class='entry-content-wrapper clearfix'>\n<div class=\"flex_column av_one_half  flex_column_div av-zero-column-padding first  avia-builder-el-6  el_before_av_one_half  avia-builder-el-first  \" style='border-radius:0px; '><div  class='avia-icon-list-container   avia-builder-el-7  avia-builder-el-no-sibling '><ul class='avia-icon-list avia-icon-list-left av-iconlist-big avia_animate_when_almost_visible avia-iconlist-animate'>\n<li><div  style='background-color:#ff6200; border:1px solid #bfbfbf; ' class='iconlist_icon  avia-font-entypo-fontello'><span class='iconlist-char ' aria-hidden='true' data-av_icon='\ue856' data-av_iconfont='entypo-fontello'><\/span><\/div><article class=\"article-icon-entry \"  itemscope=\"itemscope\" itemtype=\"https:\/\/schema.org\/CreativeWork\" ><div class='iconlist_content_wrap'><header class=\"entry-content-header\"><h4 class='av_iconlist_title iconlist_title   '  itemprop=\"headline\"  >Soporte T\u00e9cnico<\/h4><\/header><div class='iconlist_content  '  itemprop=\"text\"  ><p><strong>Asistir<\/strong> a los<strong> t\u00e9cnicos o clientes<\/strong> cuando lo necesiten<\/p>\n<\/div><\/div><footer class=\"entry-footer\"><\/footer><\/article><div class='iconlist-timeline'><\/div><\/li>\n<li><div  style='background-color:#ff6200; border:1px solid #bfbfbf; ' class='iconlist_icon  avia-font-entypo-fontello'><span class='iconlist-char ' aria-hidden='true' data-av_icon='\ue864' data-av_iconfont='entypo-fontello'><\/span><\/div><article class=\"article-icon-entry \"  itemscope=\"itemscope\" itemtype=\"https:\/\/schema.org\/CreativeWork\" ><div class='iconlist_content_wrap'><header class=\"entry-content-header\"><h4 class='av_iconlist_title iconlist_title   '  itemprop=\"headline\"  >Concepci\u00f3n<\/h4><\/header><div class='iconlist_content  '  itemprop=\"text\"  ><p>Concebir <strong>contenidos pedag\u00f3gicos<\/strong> para <strong>formaci\u00f3n<\/strong><\/p>\n<\/div><\/div><footer class=\"entry-footer\"><\/footer><\/article><div class='iconlist-timeline'><\/div><\/li>\n<li><div  style='background-color:#ff6200; border:1px solid #bfbfbf; ' class='iconlist_icon  avia-font-entypo-fontello'><span class='iconlist-char ' aria-hidden='true' data-av_icon='\ue84e' data-av_iconfont='entypo-fontello'><\/span><\/div><article class=\"article-icon-entry \"  itemscope=\"itemscope\" itemtype=\"https:\/\/schema.org\/CreativeWork\" ><div class='iconlist_content_wrap'><header class=\"entry-content-header\"><h4 class='av_iconlist_title iconlist_title   '  itemprop=\"headline\"  >Formaci\u00f3n<\/h4><\/header><div class='iconlist_content  '  itemprop=\"text\"  ><p>Impartir <strong>formaciones t\u00e9cnicas a medida<\/strong><\/p>\n<\/div><\/div><footer class=\"entry-footer\"><\/footer><\/article><div class='iconlist-timeline'><\/div><\/li>\n<li><div  style='background-color:#ff6200; border:1px solid #bfbfbf; ' class='iconlist_icon  avia-font-entypo-fontello'><span class='iconlist-char ' aria-hidden='true' data-av_icon='\ue839' data-av_iconfont='entypo-fontello'><\/span><\/div><article class=\"article-icon-entry \"  itemscope=\"itemscope\" itemtype=\"https:\/\/schema.org\/CreativeWork\" ><div class='iconlist_content_wrap'><header class=\"entry-content-header\"><h4 class='av_iconlist_title iconlist_title   '  itemprop=\"headline\"  >Adaptaci\u00f3n<\/h4><\/header><div class='iconlist_content  '  itemprop=\"text\"  ><p><strong>Adaptar el contenido<\/strong> de cursos existentes<\/p>\n<\/div><\/div><footer class=\"entry-footer\"><\/footer><\/article><div class='iconlist-timeline'><\/div><\/li>\n<li><div  style='background-color:#ff6200; border:1px solid #bfbfbf; ' class='iconlist_icon  avia-font-entypo-fontello'><span class='iconlist-char ' aria-hidden='true' data-av_icon='\ue83c' data-av_iconfont='entypo-fontello'><\/span><\/div><article class=\"article-icon-entry \"  itemscope=\"itemscope\" itemtype=\"https:\/\/schema.org\/CreativeWork\" ><div class='iconlist_content_wrap'><header class=\"entry-content-header\"><h4 class='av_iconlist_title iconlist_title   '  itemprop=\"headline\"  >Traducci\u00f3n<\/h4><\/header><div class='iconlist_content  '  itemprop=\"text\"  ><p><strong>Traducir <\/strong>los documentos t\u00e9cnicos en <strong>Espa\u00f1ol<\/strong>,\u00a0<strong>Ingl\u00e9s\u00a0y Franc\u00e9s<\/strong><\/p>\n<\/div><\/div><footer class=\"entry-footer\"><\/footer><\/article><div class='iconlist-timeline'><\/div><\/li>\n<li><div  style='background-color:#ff6200; border:1px solid #bfbfbf; ' class='iconlist_icon  avia-font-entypo-fontello'><span class='iconlist-char ' aria-hidden='true' data-av_icon='\ue803' data-av_iconfont='entypo-fontello'><\/span><\/div><article class=\"article-icon-entry \"  itemscope=\"itemscope\" itemtype=\"https:\/\/schema.org\/CreativeWork\" ><div class='iconlist_content_wrap'><header class=\"entry-content-header\"><h4 class='av_iconlist_title iconlist_title   '  itemprop=\"headline\"  >CID<\/h4><\/header><div class='iconlist_content  '  itemprop=\"text\"  ><p><strong>Control de inspecci\u00f3n<\/strong> detallada de camiones, autobuses, autom\u00f3viles, veh\u00edculos industriales de m\u00e1s de <strong>3.5 T, suministros de Gas Natural para Veh\u00edculos.<\/strong><\/p>\n<\/div><\/div><footer class=\"entry-footer\"><\/footer><\/article><div class='iconlist-timeline'><\/div><\/li>\n<\/ul><\/div><\/div><div class=\"flex_column av_one_half  flex_column_div av-zero-column-padding   avia-builder-el-8  el_after_av_one_half  avia-builder-el-last  \" style='border-radius:0px; '><div  class='avia-icon-list-container   avia-builder-el-9  avia-builder-el-no-sibling '><ul class='avia-icon-list avia-icon-list-left av-iconlist-big avia_animate_when_almost_visible avia-iconlist-animate'>\n<li><div  style='background-color:#ff6200; border:1px solid #bfbfbf; ' class='iconlist_icon  avia-font-entypo-fontello'><span class='iconlist-char ' aria-hidden='true' data-av_icon='\ue8a6' data-av_iconfont='entypo-fontello'><\/span><\/div><article class=\"article-icon-entry \"  itemscope=\"itemscope\" itemtype=\"https:\/\/schema.org\/CreativeWork\" ><div class='iconlist_content_wrap'><header class=\"entry-content-header\"><h4 class='av_iconlist_title iconlist_title   '  itemprop=\"headline\"  >Evaluaci\u00f3n de competencias<\/h4><\/header><div class='iconlist_content  '  itemprop=\"text\"  ><p><strong>Evaluar las competencias t\u00e9cnicas<\/strong> de los profesionales<\/p>\n<\/div><\/div><footer class=\"entry-footer\"><\/footer><\/article><div class='iconlist-timeline'><\/div><\/li>\n<li><div  style='background-color:#ff6200; border:1px solid #bfbfbf; ' class='iconlist_icon  avia-font-entypo-fontello'><span class='iconlist-char ' aria-hidden='true' data-av_icon='\ue82b' data-av_iconfont='entypo-fontello'><\/span><\/div><article class=\"article-icon-entry \"  itemscope=\"itemscope\" itemtype=\"https:\/\/schema.org\/CreativeWork\" ><div class='iconlist_content_wrap'><header class=\"entry-content-header\"><h4 class='av_iconlist_title iconlist_title   '  itemprop=\"headline\"  >Auditor\u00edas<\/h4><\/header><div class='iconlist_content  '  itemprop=\"text\"  ><p>Realizaci\u00f3n de <strong>auditorias insitu<\/strong><\/p>\n<\/div><\/div><footer class=\"entry-footer\"><\/footer><\/article><div class='iconlist-timeline'><\/div><\/li>\n<li><div  style='background-color:#ff6200; border:1px solid #bfbfbf; ' class='iconlist_icon  avia-font-entypo-fontello'><span class='iconlist-char ' aria-hidden='true' data-av_icon='\ue8ab' data-av_iconfont='entypo-fontello'><\/span><\/div><article class=\"article-icon-entry \"  itemscope=\"itemscope\" itemtype=\"https:\/\/schema.org\/CreativeWork\" ><div class='iconlist_content_wrap'><header class=\"entry-content-header\"><h4 class='av_iconlist_title iconlist_title   '  itemprop=\"headline\"  >E-Learning<\/h4><\/header><div class='iconlist_content  '  itemprop=\"text\"  ><p>Formaci\u00f3n <strong>e-learning<\/strong> (en formato SCORM 1.2)<\/p>\n<\/div><\/div><footer class=\"entry-footer\"><\/footer><\/article><div class='iconlist-timeline'><\/div><\/li>\n<li><div  style='background-color:#ff6200; border:1px solid #bfbfbf; ' class='iconlist_icon  avia-font-entypo-fontello'><span class='iconlist-char ' aria-hidden='true' data-av_icon='\ue80b' data-av_iconfont='entypo-fontello'><\/span><\/div><article class=\"article-icon-entry \"  itemscope=\"itemscope\" itemtype=\"https:\/\/schema.org\/CreativeWork\" ><div class='iconlist_content_wrap'><header class=\"entry-content-header\"><h4 class='av_iconlist_title iconlist_title   '  itemprop=\"headline\"  >Presentaciones comerciales<\/h4><\/header><div class='iconlist_content  '  itemprop=\"text\"  ><p>Efectuar <strong>presentaciones comerciales<\/strong> y\/o <strong>actualizaciones de servicio<\/strong> en sus productos de diagn\u00f3stico y equipamiento para talleres<\/p>\n<\/div><\/div><footer class=\"entry-footer\"><\/footer><\/article><div class='iconlist-timeline'><\/div><\/li>\n<li><div  style='background-color:#ff6200; border:1px solid #bfbfbf; ' class='iconlist_icon  avia-font-entypo-fontello'><span class='iconlist-char ' aria-hidden='true' data-av_icon='\ue8ad' data-av_iconfont='entypo-fontello'><\/span><\/div><article class=\"article-icon-entry \"  itemscope=\"itemscope\" itemtype=\"https:\/\/schema.org\/CreativeWork\" ><div class='iconlist_content_wrap'><header class=\"entry-content-header\"><h4 class='av_iconlist_title iconlist_title   '  itemprop=\"headline\"  >Ferias<\/h4><\/header><div class='iconlist_content  '  itemprop=\"text\"  ><p>Participar en <strong>ferias nacionales<\/strong> e<strong> internacionales<\/strong> ofreciendo <strong>soporte t\u00e9cnico-comercial<\/strong> para sus productos.<\/p>\n<\/div><\/div><footer class=\"entry-footer\"><\/footer><\/article><div class='iconlist-timeline'><\/div><\/li>\n<\/ul><\/div><\/div><\/div><\/div><\/div><!-- close content main div --><\/div><\/div><div id='after_section_1'  class='main_color av_default_container_wrap container_wrap sidebar_right' style=' '  ><div class='container' ><div class='template-page content  av-content-small alpha units'><div class='post-entry post-entry-type-page post-entry-755'><div class='entry-content-wrapper clearfix'><div class=\"flex_column av_one_half  flex_column_div av-zero-column-padding first  avia-builder-el-10  el_after_av_section  el_before_av_one_half  avia-builder-el-first  \" style='border-radius:0px; '><div  class='avia-image-container  av-styling-    avia-builder-el-11  avia-builder-el-no-sibling  avia-align-center '  itemprop=\"image\" itemscope=\"itemscope\" itemtype=\"https:\/\/schema.org\/ImageObject\"  ><div class='avia-image-container-inner'><div class='avia-image-overlay-wrap'><img decoding=\"async\" class='wp-image-4585 avia-img-lazy-loading-not-4585 avia_image' src=\"https:\/\/www.forvatec.com\/wp-content\/uploads\/2015\/12\/catalogo-845x321.bmp\" alt='' title='' height=\"321\" width=\"845\"  itemprop=\"thumbnailUrl\"  \/><\/div><\/div><\/div><\/div><\/p>\n<div class=\"flex_column av_one_half  flex_column_div av-zero-column-padding   avia-builder-el-12  el_after_av_one_half  avia-builder-el-last  \" style='border-radius:0px; '><section class=\"av_textblock_section \"  itemscope=\"itemscope\" itemtype=\"https:\/\/schema.org\/CreativeWork\" ><div class='avia_textblock  '   itemprop=\"text\" ><blockquote>\n<h2>Nos adaptamos a sus necesidades. Ofrecemos nuestro servicio \u201cin company\u201d y \u201ca la carta\u201d en Espa\u00f1ol, Franc\u00e9s e Ingl\u00e9s.<\/h2>\n<\/blockquote>\n<\/div><\/section><\/div>\n","protected":false},"excerpt":{"rendered":"","protected":false},"author":1,"featured_media":0,"parent":0,"menu_order":0,"comment_status":"open","ping_status":"closed","template":"","meta":{"footnotes":""},"aioseo_notices":[],"_links":{"self":[{"href":"https:\/\/www.forvatec.com\/es\/wp-json\/wp\/v2\/pages\/755"}],"collection":[{"href":"https:\/\/www.forvatec.com\/es\/wp-json\/wp\/v2\/pages"}],"about":[{"href":"https:\/\/www.forvatec.com\/es\/wp-json\/wp\/v2\/types\/page"}],"author":[{"embeddable":true,"href":"https:\/\/www.forvatec.com\/es\/wp-json\/wp\/v2\/users\/1"}],"replies":[{"embeddable":true,"href":"https:\/\/www.forvatec.com\/es\/wp-json\/wp\/v2\/comments?post=755"}],"version-history":[{"count":25,"href":"https:\/\/www.forvatec.com\/es\/wp-json\/wp\/v2\/pages\/755\/revisions"}],"predecessor-version":[{"id":8739,"href":"https:\/\/www.forvatec.com\/es\/wp-json\/wp\/v2\/pages\/755\/revisions\/8739"}],"wp:attachment":[{"href":"https:\/\/www.forvatec.com\/es\/wp-json\/wp\/v2\/media?parent=755"}],"curies":[{"name":"wp","href":"https:\/\/api.w.org\/{rel}","templated":true}]}}