{"id":8764,"date":"2025-10-14T20:32:24","date_gmt":"2025-10-14T20:32:24","guid":{"rendered":"https:\/\/www.forvatec.com\/es\/cid\/"},"modified":"2025-10-17T19:18:34","modified_gmt":"2025-10-17T19:18:34","slug":"cid","status":"publish","type":"page","link":"https:\/\/www.forvatec.com\/es\/cid\/","title":{"rendered":"CID (Control de Inspecci\u00f3n Detallada)"},"content":{"rendered":"<div class='flex_column_table av-equal-height-column-flextable -flextable' ><div class=\"flex_column av_two_third  flex_column_table_cell av-equal-height-column av-align-middle av-zero-column-padding first  avia-builder-el-0  el_before_av_one_third  avia-builder-el-first  \" style='border-radius:0px; '><p><div  style='padding-bottom:10px; ' class='av-special-heading av-special-heading-h4    avia-builder-el-1  el_before_av_textblock  avia-builder-el-first  '><h4 class='av-special-heading-tag '  itemprop=\"headline\"  >\u00bfQu\u00e9 dice el reglamento?<\/h4><div class='special-heading-border'><div class='special-heading-inner-border' ><\/div><\/div><\/div><br \/>\n<section class=\"av_textblock_section \"  itemscope=\"itemscope\" itemtype=\"https:\/\/schema.org\/CreativeWork\" ><div class='avia_textblock  '   itemprop=\"text\" ><p>La normativa, establecida por el decreto del 12 de julio de 2010 y el Reglamento R110 de la CEPE\/ONU, exige una inspecci\u00f3n CID del sistema de gas cada cuatro a\u00f1os, as\u00ed como en caso de:<\/p>\n<ul>\n<li>Accidente,<\/li>\n<li>Sustituci\u00f3n del dep\u00f3sito,<\/li>\n<li>Modificaci\u00f3n significativa del sistema,<\/li>\n<li>Exposici\u00f3n del veh\u00edculo a sobrepresi\u00f3n o incendio.<\/li>\n<\/ul>\n<p>Tambi\u00e9n se recomienda al vender o comprar un veh\u00edculo de gas.<\/p>\n<\/div><\/section><\/p><\/div><div class='av-flex-placeholder'><\/div><div class=\"flex_column av_one_third  flex_column_table_cell av-equal-height-column av-align-middle av-zero-column-padding   avia-builder-el-3  el_after_av_two_third  el_before_av_one_full  \" style='border-radius:0px; '><section class=\"av_textblock_section \"  itemscope=\"itemscope\" itemtype=\"https:\/\/schema.org\/CreativeWork\" ><div class='avia_textblock  '   itemprop=\"text\" ><p><img loading=\"lazy\" decoding=\"async\" class=\"size-full wp-image-8745 alignleft\" src=\"https:\/\/www.forvatec.com\/wp-content\/uploads\/2025\/10\/Camion-GNV.jpg\" alt=\"\" width=\"456\" height=\"292\" srcset=\"https:\/\/www.forvatec.com\/wp-content\/uploads\/2025\/10\/Camion-GNV.jpg 456w, https:\/\/www.forvatec.com\/wp-content\/uploads\/2025\/10\/Camion-GNV-300x192.jpg 300w\" sizes=\"(max-width: 456px) 100vw, 456px\" \/><\/p>\n<\/div><\/section><\/div><\/div><!--close column table wrapper. Autoclose: 1 --><\/p>\n<div class=\"flex_column av_one_full  flex_column_div av-zero-column-padding first  avia-builder-el-5  el_after_av_one_third  el_before_av_one_third  column-top-margin\" style='border-radius:0px; '><p><div  style='padding-bottom:10px; ' class='av-special-heading av-special-heading-h4    avia-builder-el-6  el_before_av_textblock  avia-builder-el-first  '><h4 class='av-special-heading-tag '  itemprop=\"headline\"  >\u00bfQu\u00e9 pasa si no se respetan las normas?<\/h4><div class='special-heading-border'><div class='special-heading-inner-border' ><\/div><\/div><\/div><br \/>\n<section class=\"av_textblock_section \"  itemscope=\"itemscope\" itemtype=\"https:\/\/schema.org\/CreativeWork\" ><div class='avia_textblock  '   itemprop=\"text\" ><p>La ausencia o el incumplimiento del Informe de Inspecci\u00f3n Detallada (IDD) durante la inspecci\u00f3n t\u00e9cnica constituye una deficiencia grave.<br \/>\nComo consecuencia, el veh\u00edculo ser\u00e1 rechazado y se requerir\u00e1 una nueva inspecci\u00f3n.<\/p>\n<\/div><\/section><\/p><\/div><div class='flex_column_table av-equal-height-column-flextable -flextable' ><div class=\"flex_column av_one_third  flex_column_table_cell av-equal-height-column av-align-middle av-zero-column-padding first  avia-builder-el-8  el_after_av_one_full  el_before_av_two_third  column-top-margin\" style='border-radius:0px; '><section class=\"av_textblock_section \"  itemscope=\"itemscope\" itemtype=\"https:\/\/schema.org\/CreativeWork\" ><div class='avia_textblock  '   itemprop=\"text\" ><p><img loading=\"lazy\" decoding=\"async\" class=\"aligncenter wp-image-8746 size-full\" src=\"https:\/\/www.forvatec.com\/wp-content\/uploads\/2025\/10\/Bus-GNV-2.jpg\" alt=\"\" width=\"819\" height=\"614\" srcset=\"https:\/\/www.forvatec.com\/wp-content\/uploads\/2025\/10\/Bus-GNV-2.jpg 819w, https:\/\/www.forvatec.com\/wp-content\/uploads\/2025\/10\/Bus-GNV-2-300x225.jpg 300w, https:\/\/www.forvatec.com\/wp-content\/uploads\/2025\/10\/Bus-GNV-2-768x576.jpg 768w, https:\/\/www.forvatec.com\/wp-content\/uploads\/2025\/10\/Bus-GNV-2-705x529.jpg 705w\" sizes=\"(max-width: 819px) 100vw, 819px\" \/><\/p>\n<\/div><\/section><\/div><\/p>\n<div class='av-flex-placeholder'><\/div><div class=\"flex_column av_two_third  flex_column_table_cell av-equal-height-column av-align-middle av-zero-column-padding   avia-builder-el-10  el_after_av_one_third  el_before_av_one_full  column-top-margin\" style='border-radius:0px; '><p><div  style='padding-bottom:10px; ' class='av-special-heading av-special-heading-h4    avia-builder-el-11  el_before_av_textblock  avia-builder-el-first  '><h4 class='av-special-heading-tag '  itemprop=\"headline\"  >\u00bfQu\u00e9 tipos de controles incluye el CID?<\/h4><div class='special-heading-border'><div class='special-heading-inner-border' ><\/div><\/div><\/div><br \/>\n<section class=\"av_textblock_section \"  itemscope=\"itemscope\" itemtype=\"https:\/\/schema.org\/CreativeWork\" ><div class='avia_textblock  '   itemprop=\"text\" ><p>La inspecci\u00f3n del CID incluye una inspecci\u00f3n detallada de:<\/p>\n<ul>\n<li>Tanques de gas, sus soportes y sistemas de montaje,<\/li>\n<li>Circuitos de alta presi\u00f3n de acuerdo con los procedimientos legales,<\/li>\n<li>Estanqueidad del circuito,<\/li>\n<li>Pruebas de funcionamiento de todos los componentes,<\/li>\n<li>Y una verificaci\u00f3n de los dispositivos de seguridad.<\/li>\n<\/ul>\n<\/div><\/section><\/p><\/div><\/div><!--close column table wrapper. Autoclose: 1 --><div class=\"flex_column av_one_full  flex_column_div av-zero-column-padding first  avia-builder-el-13  el_after_av_two_third  el_before_av_two_third  column-top-margin\" style='border-radius:0px; '><p><div  style='padding-bottom:10px; ' class='av-special-heading av-special-heading-h4    avia-builder-el-14  el_before_av_textblock  avia-builder-el-first  '><h4 class='av-special-heading-tag '  itemprop=\"headline\"  >\u00bfQui\u00e9n puede realizar un CID?<\/h4><div class='special-heading-border'><div class='special-heading-inner-border' ><\/div><\/div><\/div><br \/>\n<section class=\"av_textblock_section \"  itemscope=\"itemscope\" itemtype=\"https:\/\/schema.org\/CreativeWork\" ><div class='avia_textblock  '   itemprop=\"text\" ><p>En Francia, s\u00f3lo los inspectores certificados por COFREND est\u00e1n autorizados a realizar una inspecci\u00f3n CID dentro de un marco reglamentario estricto y a emitir informes oficiales.<\/p>\n<\/div><\/section><\/p><\/div><div class='flex_column_table av-equal-height-column-flextable -flextable' ><div class=\"flex_column av_two_third  flex_column_table_cell av-equal-height-column av-align-middle av-zero-column-padding first  avia-builder-el-16  el_after_av_one_full  el_before_av_one_third  column-top-margin\" style='border-radius:0px; '><p><div  style='padding-bottom:10px; ' class='av-special-heading av-special-heading-h4    avia-builder-el-17  el_before_av_textblock  avia-builder-el-first  '><h4 class='av-special-heading-tag '  itemprop=\"headline\"  >\u00bfC\u00f3mo puede FORVATEC ayudarle?<\/h4><div class='special-heading-border'><div class='special-heading-inner-border' ><\/div><\/div><\/div><br \/>\n<section class=\"av_textblock_section \"  itemscope=\"itemscope\" itemtype=\"https:\/\/schema.org\/CreativeWork\" ><div class='avia_textblock  '   itemprop=\"text\" ><p>FORVATEC puede acudir a sus instalaciones para realizar la Inspecci\u00f3n Cerrada (CID) adaptada al tipo de veh\u00edculo, por ejemplo:<\/p>\n<ul>\n<li>Cami\u00f3n con 8 cisternas<\/li>\n<li>Autob\u00fas de 12 metros (cl\u00e1sico) con 6 a 9 cisternas o 4 cisternas longitudinales grandes<\/li>\n<li>Autob\u00fas de 18 metros (acorde\u00f3n) con 8 cisternas<\/li>\n<li>Autob\u00fas de 18 metros (acorde\u00f3n) con 10 a 13 cisternas, etc.<\/li>\n<\/ul>\n<\/div><\/section><\/p><\/div><div class='av-flex-placeholder'><\/div><div class=\"flex_column av_one_third  flex_column_table_cell av-equal-height-column av-align-middle av-zero-column-padding   avia-builder-el-19  el_after_av_two_third  avia-builder-el-last  column-top-margin\" style='border-radius:0px; '><section class=\"av_textblock_section \"  itemscope=\"itemscope\" itemtype=\"https:\/\/schema.org\/CreativeWork\" ><div class='avia_textblock  '   itemprop=\"text\" ><p><img loading=\"lazy\" decoding=\"async\" class=\"aligncenter wp-image-8747 size-full\" src=\"https:\/\/www.forvatec.com\/wp-content\/uploads\/2025\/10\/Bus-GNV.jpg\" alt=\"\" width=\"620\" height=\"465\" srcset=\"https:\/\/www.forvatec.com\/wp-content\/uploads\/2025\/10\/Bus-GNV.jpg 620w, https:\/\/www.forvatec.com\/wp-content\/uploads\/2025\/10\/Bus-GNV-300x225.jpg 300w\" sizes=\"(max-width: 620px) 100vw, 620px\" \/><\/p>\n<\/div><\/section><\/div><\/div><!--close column table wrapper. Autoclose: 1 --><\/p>\n","protected":false},"excerpt":{"rendered":"","protected":false},"author":1,"featured_media":0,"parent":0,"menu_order":0,"comment_status":"closed","ping_status":"closed","template":"","meta":{"footnotes":""},"aioseo_notices":[],"_links":{"self":[{"href":"https:\/\/www.forvatec.com\/es\/wp-json\/wp\/v2\/pages\/8764"}],"collection":[{"href":"https:\/\/www.forvatec.com\/es\/wp-json\/wp\/v2\/pages"}],"about":[{"href":"https:\/\/www.forvatec.com\/es\/wp-json\/wp\/v2\/types\/page"}],"author":[{"embeddable":true,"href":"https:\/\/www.forvatec.com\/es\/wp-json\/wp\/v2\/users\/1"}],"replies":[{"embeddable":true,"href":"https:\/\/www.forvatec.com\/es\/wp-json\/wp\/v2\/comments?post=8764"}],"version-history":[{"count":4,"href":"https:\/\/www.forvatec.com\/es\/wp-json\/wp\/v2\/pages\/8764\/revisions"}],"predecessor-version":[{"id":8802,"href":"https:\/\/www.forvatec.com\/es\/wp-json\/wp\/v2\/pages\/8764\/revisions\/8802"}],"wp:attachment":[{"href":"https:\/\/www.forvatec.com\/es\/wp-json\/wp\/v2\/media?parent=8764"}],"curies":[{"name":"wp","href":"https:\/\/api.w.org\/{rel}","templated":true}]}}