{"id":4183,"date":"2013-04-04T23:13:40","date_gmt":"2013-04-04T23:13:40","guid":{"rendered":"http:\/\/www.forvatec.com\/fr\/?page_id=4183"},"modified":"2026-01-04T12:56:27","modified_gmt":"2026-01-04T12:56:27","slug":"accueil","status":"publish","type":"page","link":"https:\/\/www.forvatec.com\/fr\/","title":{"rendered":"Accueil"},"content":{"rendered":"<div id='layer_slider_1'  class='avia-layerslider main_color avia-shadow  avia-builder-el-0  el_before_av_one_third  avia-builder-el-first  container_wrap sidebar_right' style='  height: 351px; max-width: 1700px; margin: 0 auto;' ><\/div><div id='after_layer_slider_1'  class='main_color av_default_container_wrap container_wrap sidebar_right' style=' '  ><div class='container' ><div class='template-page content  av-content-small alpha units'><div class='post-entry post-entry-type-page post-entry-4183'><div class='entry-content-wrapper clearfix'>\n<div class='flex_column_table av-equal-height-column-flextable -flextable' style='margin-top:30; margin-bottom:30; '><div class=\"flex_column av_one_third  flex_column_table_cell av-equal-height-column av-align-middle first  avia-builder-el-1  el_after_av_layerslider  el_before_av_two_third  avia-builder-el-first  \" style='-webkit-transform: scale(1.1); -ms-transform: scale(1.1); transform: scale(1.1); z-index: 4;padding:20; border-radius:20; '><section class=\"av_textblock_section \"  itemscope=\"itemscope\" itemtype=\"https:\/\/schema.org\/CreativeWork\" ><div class='avia_textblock  '   itemprop=\"text\" ><p><img loading=\"lazy\" decoding=\"async\" class=\"aligncenter size-full wp-image-8706\" src=\"https:\/\/www.forvatec.com\/wp-content\/uploads\/2026\/01\/Annonce-site-jan26.jpg\" alt=\"\" width=\"647\" height=\"808\" \/><\/p>\n<\/div><\/section><\/div><div class='av-flex-placeholder'><\/div><div class=\"flex_column av_two_third  flex_column_table_cell av-equal-height-column av-align-middle   avia-builder-el-3  el_after_av_one_third  el_before_av_one_third  \" style='-webkit-transform: scale(1.1); -ms-transform: scale(1.1); transform: scale(1.1); z-index: 4;padding:20; border-radius:20; '><article  class=\"iconbox iconbox_top main_color    avia-builder-el-4  avia-builder-el-no-sibling  \"  itemscope=\"itemscope\" itemtype=\"https:\/\/schema.org\/CreativeWork\" ><div class=\"iconbox_content\"><header class=\"entry-content-header\"><div class=\"iconbox_icon heading-color\" aria-hidden='true' data-av_icon='\ue839' data-av_iconfont='entypo-fontello'  ><\/div><\/header><div class='iconbox_content_container  '  itemprop=\"text\"  ><p><strong>FORVATEC<\/strong> est un Organisme de Formation Professionnelle reconnu conforme au R\u00e9f\u00e9rentiel National Qualit\u00e9 (certification <strong>Qualiopi<\/strong> d\u00e9livr\u00e9e par Bureau Veritas Certification).<\/p>\n<div  style='height:10px' class='hr hr-invisible   avia-builder-el-5  el_before_av_hr  avia-builder-el-first '><span class='hr-inner ' ><span class='hr-inner-style'><\/span><\/span><\/div>\n<p style=\"text-align: center;\"><strong>FORVATEC<\/strong>\u00a0dispose\u00a0d\u2019un agr\u00e9ment d\u00e9livr\u00e9 par le minist\u00e8re du travail permettant de dispenser des formations aux travaux sous tension sur v\u00e9hicules ou engins mobiles \u00e0 motorisation thermique, \u00e9lectrique ou hybride ayant une \u00e9nergie embarqu\u00e9e (IEVE),\u00a0<strong>habilitations B1TL-B2TL.<\/strong><\/p>\n<div  style='height:10px' class='hr hr-invisible   avia-builder-el-6  el_after_av_hr  el_before_av_button '><span class='hr-inner ' ><span class='hr-inner-style'><\/span><\/span><\/div>\n<p><strong>FORVATEC<\/strong> dispose d&rsquo;un agr\u00e9ment Organisme Evaluateur permettant de d\u00e9livrer des attestations d&rsquo;aptitude <strong>climatisation<\/strong> de cat\u00e9gories V et V-VHU (V\u00e9hicules Hors d&rsquo;Usage).<\/p>\n<p style=\"text-align: center;\"><div  class='avia-button-wrap avia-button-center  avia-builder-el-7  el_after_av_hr  avia-builder-el-last ' ><a href='http:\/\/www.forvatec.com\/fr\/contact\/formulaire-de-contact-forvatec-fr\/'  class='avia-button  avia-color-theme-color   avia-icon_select-yes-left-icon avia-size-medium avia-position-center '   ><span class='avia_button_icon avia_button_icon_left ' aria-hidden='true' data-av_icon='' data-av_iconfont='entypo-fontello'><\/span><span class='avia_iconbox_title' >Contactez-nous<\/span><\/a><\/div><\/p>\n<\/div><\/div><footer class=\"entry-footer\"><\/footer><\/article><\/div><\/div><!--close column table wrapper. Autoclose: 1 --><\/p>\n<div class=\"flex_column av_one_third  flex_column_div av-zero-column-padding first  avia-builder-el-8  el_after_av_two_third  el_before_av_one_third  column-top-margin\" style='border-radius:0px; '><article  class=\"iconbox iconbox_top main_color    avia-builder-el-9  avia-builder-el-no-sibling  \"  itemscope=\"itemscope\" itemtype=\"https:\/\/schema.org\/CreativeWork\" ><div class=\"iconbox_content\"><header class=\"entry-content-header\"><a href='https:\/\/www.forvatec.com\/fr\/formations\/' title='Formation'  class=\"iconbox_icon heading-color\" aria-hidden='true' data-av_icon='\ue82b' data-av_iconfont='entypo-fontello'  ><\/a><h3 class='iconbox_content_title  '  itemprop=\"headline\"  ><a href='https:\/\/www.forvatec.com\/fr\/formations\/' title='Formation' >Formation<\/a><\/h3><\/header><div class='iconbox_content_container  '  itemprop=\"text\"  ><p style=\"text-align: left;\"><span class=\"av_dropcap1 \" ><span style=\"color: #ff6600;\"><strong>FOR<\/strong><\/span><\/span>Nous concevons et animons des <strong>formations <\/strong>pour l\u2019ensemble des <strong>acteurs <\/strong>du secteur <strong>Automobile.<\/strong><\/p>\n<\/div><\/div><footer class=\"entry-footer\"><\/footer><\/article><\/div>\n<div class=\"flex_column av_one_third  flex_column_div av-zero-column-padding   avia-builder-el-10  el_after_av_one_third  el_before_av_one_third  column-top-margin\" style='border-radius:0px; '><article  class=\"iconbox iconbox_top main_color    avia-builder-el-11  avia-builder-el-no-sibling  \"  itemscope=\"itemscope\" itemtype=\"https:\/\/schema.org\/CreativeWork\" ><div class=\"iconbox_content\"><header class=\"entry-content-header\"><a href='https:\/\/www.forvatec.com\/fr\/ventes\/' title='Vente'  class=\"iconbox_icon heading-color\" aria-hidden='true' data-av_icon='\ue855' data-av_iconfont='entypo-fontello'  style='background-color:#a1cca5; ' ><\/a><h3 class='iconbox_content_title  '  itemprop=\"headline\"  ><a href='https:\/\/www.forvatec.com\/fr\/ventes\/' title='Vente' >Vente<\/a><\/h3><\/header><div class='iconbox_content_container  '  itemprop=\"text\"  ><p style=\"text-align: left;\"><span class=\"av_dropcap1 \" ><strong><span style=\"color: #ff6600;\">V<\/span><\/strong><\/span>Forvatec dispose d\u2019un <strong>catalogue de produits <\/strong>sp\u00e9cifiques \u00e0 l\u2019activit\u00e9 <strong>Automobile<\/strong> et \u00e0 la\u00a0<strong>Formation.<\/strong><\/p>\n<\/div><\/div><footer class=\"entry-footer\"><\/footer><\/article><\/div>\n<div class=\"flex_column av_one_third  flex_column_div av-zero-column-padding   avia-builder-el-12  el_after_av_one_third  el_before_av_heading  column-top-margin\" style='border-radius:0px; '><article  class=\"iconbox iconbox_top main_color    avia-builder-el-13  avia-builder-el-no-sibling  \"  itemscope=\"itemscope\" itemtype=\"https:\/\/schema.org\/CreativeWork\" ><div class=\"iconbox_content\"><header class=\"entry-content-header\"><a href='https:\/\/www.forvatec.com\/fr\/services\/' title='Assistance Technique'  class=\"iconbox_icon heading-color\" aria-hidden='true' data-av_icon='\ue839' data-av_iconfont='entypo-fontello'  ><\/a><h3 class='iconbox_content_title  '  itemprop=\"headline\"  ><a href='https:\/\/www.forvatec.com\/fr\/services\/' title='Assistance Technique' >Assistance Technique<\/a><\/h3><\/header><div class='iconbox_content_container  '  itemprop=\"text\"  ><p style=\"text-align: left;\"><span class=\"av_dropcap1 \" ><strong><span style=\"color: #ff6600;\">ATEC<\/span><\/strong><\/span> Nous proposons une <strong>offre compl\u00e8te\u00a0<\/strong>en<strong> ing\u00e9nierie p\u00e9dagogique <\/strong>et\u00a0<strong>prestations de service.<\/strong><\/p>\n<\/div><\/div><footer class=\"entry-footer\"><\/footer><\/article><\/div>\n<div  style='padding-bottom:10px; ' class='av-special-heading av-special-heading-h2  blockquote modern-quote modern-centered  avia-builder-el-14  el_after_av_one_third  el_before_av_section  avia-builder-el-last  '><h2 class='av-special-heading-tag '  itemprop=\"headline\"  >FORVATEC est votre FOURNISSEUR DE SOLUTIONS<\/h2><div class='special-heading-border'><div class='special-heading-inner-border' ><\/div><\/div><\/div>\n<\/div><\/div><\/div><!-- close content main div --><\/div><\/div><div id='av_section_1'  class='avia-section main_color avia-section-large avia-no-shadow  avia-bg-style-scroll  avia-builder-el-15  el_after_av_heading  el_before_av_section   av-arrow-down-section container_wrap sidebar_right' style='background-color: #e0e0e0;  '  ><div class='av-section-color-overlay-wrap'><a href='#next-section' title='' class='scroll-down-link '  aria-hidden='true' data-av_icon='\ue877' data-av_iconfont='entypo-fontello'><\/a><div class='container' ><div class='template-page content  av-content-small alpha units'><div class='post-entry post-entry-type-page post-entry-4183'><div class='entry-content-wrapper clearfix'>\n<div class='flex_column_table av-equal-height-column-flextable -flextable' ><div class=\"flex_column av_one_fourth  flex_column_table_cell av-equal-height-column av-align-top first  avia-builder-el-16  el_before_av_one_fourth  avia-builder-el-first  \" style='padding:10px; border-radius:0px; '><article  class=\"iconbox iconbox_top main_color    avia-builder-el-17  avia-builder-el-no-sibling  \"  itemscope=\"itemscope\" itemtype=\"https:\/\/schema.org\/CreativeWork\" ><div class=\"iconbox_content\"><header class=\"entry-content-header\"><a href='https:\/\/www.forvatec.com\/fr\/a-propos-de-forvatec\/lequipe-forvatec\/' title='Notre Equipe'  class=\"iconbox_icon heading-color\" aria-hidden='true' data-av_icon='\ue80b' data-av_iconfont='entypo-fontello'  ><\/a><h3 class='iconbox_content_title  '  itemprop=\"headline\"  ><a href='https:\/\/www.forvatec.com\/fr\/a-propos-de-forvatec\/lequipe-forvatec\/' title='Notre Equipe' >Notre Equipe<\/a><\/h3><\/header><div class='iconbox_content_container  '  itemprop=\"text\"  ><\/div><\/div><footer class=\"entry-footer\"><\/footer><\/article><\/div><div class='av-flex-placeholder'><\/div><div class=\"flex_column av_one_fourth  flex_column_table_cell av-equal-height-column av-align-top   avia-builder-el-18  el_after_av_one_fourth  el_before_av_one_fourth  \" style='padding:10px; border-radius:0px; '><article  class=\"iconbox iconbox_top main_color    avia-builder-el-19  avia-builder-el-no-sibling  \"  itemscope=\"itemscope\" itemtype=\"https:\/\/schema.org\/CreativeWork\" ><div class=\"iconbox_content\"><header class=\"entry-content-header\"><a href='https:\/\/www.forvatec.com\/fr\/principaux-clients\/' title='Nos Clients'  class=\"iconbox_icon heading-color\" aria-hidden='true' data-av_icon='\ue8b1' data-av_iconfont='entypo-fontello'  ><\/a><h3 class='iconbox_content_title  '  itemprop=\"headline\"  ><a href='https:\/\/www.forvatec.com\/fr\/principaux-clients\/' title='Nos Clients' >Nos Clients<\/a><\/h3><\/header><div class='iconbox_content_container  '  itemprop=\"text\"  ><\/div><\/div><footer class=\"entry-footer\"><\/footer><\/article><\/div><div class='av-flex-placeholder'><\/div><div class=\"flex_column av_one_fourth  flex_column_table_cell av-equal-height-column av-align-top   avia-builder-el-20  el_after_av_one_fourth  el_before_av_one_fourth  \" style='padding:10px; border-radius:0px; '><article  class=\"iconbox iconbox_top main_color    avia-builder-el-21  avia-builder-el-no-sibling  \"  itemscope=\"itemscope\" itemtype=\"https:\/\/schema.org\/CreativeWork\" ><div class=\"iconbox_content\"><header class=\"entry-content-header\"><a href='https:\/\/www.forvatec.com\/fr\/?page_id=4268' title='Nos Formations'  class=\"iconbox_icon heading-color\" aria-hidden='true' data-av_icon='\ue84e' data-av_iconfont='entypo-fontello'  ><\/a><h3 class='iconbox_content_title  '  itemprop=\"headline\"  ><a href='https:\/\/www.forvatec.com\/fr\/?page_id=4268' title='Nos Formations' >Nos Formations<\/a><\/h3><\/header><div class='iconbox_content_container  '  itemprop=\"text\"  ><\/div><\/div><footer class=\"entry-footer\"><\/footer><\/article><\/div><div class='av-flex-placeholder'><\/div><div class=\"flex_column av_one_fourth  flex_column_table_cell av-equal-height-column av-align-top   avia-builder-el-22  el_after_av_one_fourth  avia-builder-el-last  \" style='padding:10px; border-radius:0px; '><article  class=\"iconbox iconbox_top main_color    avia-builder-el-23  avia-builder-el-no-sibling  \"  itemscope=\"itemscope\" itemtype=\"https:\/\/schema.org\/CreativeWork\" ><div class=\"iconbox_content\"><header class=\"entry-content-header\"><a href='https:\/\/www.forvatec.com\/fr\/services\/' title='Nos Prestations'  class=\"iconbox_icon heading-color\" aria-hidden='true' data-av_icon='\ue864' data-av_iconfont='entypo-fontello'  ><\/a><h3 class='iconbox_content_title  '  itemprop=\"headline\"  ><a href='https:\/\/www.forvatec.com\/fr\/services\/' title='Nos Prestations' >Nos Prestations<\/a><\/h3><\/header><div class='iconbox_content_container  '  itemprop=\"text\"  ><\/div><\/div><footer class=\"entry-footer\"><\/footer><\/article><\/div><\/div><!--close column table wrapper. Autoclose: 1 -->\n\n<\/div><\/div><\/div><!-- close content main div --><\/div><div class='av-extra-border-element border-extra-arrow-down'><div class='av-extra-border-outer'><div class='av-extra-border-inner'  style='background-color:#e0e0e0;' ><\/div><\/div><\/div><\/div><\/div><div id='av_section_2'  class='avia-section main_color avia-section-large avia-no-shadow  avia-bg-style-scroll  avia-builder-el-24  el_after_av_section  avia-builder-el-last   container_wrap sidebar_right' style=' '  ><div class='av-section-color-overlay-wrap'><a href='#next-section' title='' class='scroll-down-link '  aria-hidden='true' data-av_icon='\ue877' data-av_iconfont='entypo-fontello'><\/a><div class='container' ><div class='template-page content  av-content-small alpha units'><div class='post-entry post-entry-type-page post-entry-4183'><div class='entry-content-wrapper clearfix'>\n<div class='flex_column_table av-equal-height-column-flextable -flextable' ><div class=\"flex_column av_one_half  flex_column_table_cell av-equal-height-column av-align-top first  avia-builder-el-25  el_before_av_one_half  avia-builder-el-first  \" style='padding:10px; border-radius:0px; '><p><div  style='padding-bottom:20px; ' class='av-special-heading av-special-heading-h4 meta-heading   avia-builder-el-26  el_before_av_partner  avia-builder-el-first  '><h4 class='av-special-heading-tag '  itemprop=\"headline\"  >Environnement international<\/h4><div class='special-heading-border'><div class='special-heading-inner-border' ><\/div><\/div><\/div><br \/>\n<div   data-autoplay='true'  data-interval='3'  data-animation='fade'  class='avia-logo-element-container av-border-deactivate avia-logo-grid avia-content-slider avia-smallarrow-slider avia-content-grid-active noHover avia-content-slider1 avia-content-slider-odd  avia-builder-el-27  el_after_av_heading  avia-builder-el-last  ' ><div class='avia-smallarrow-slider-heading  no-logo-slider-heading '><div class='new-special-heading'>&nbsp;<\/div><\/div><div class='avia-content-slider-inner'><div class='slide-entry-wrap' ><div  class='slide-entry flex_column no_margin post-entry slide-entry-overview slide-loop-1 slide-parity-odd  av_one_third first real-thumbnail'><span class='av-partner-fake-img' style='padding-bottom:100%; background-image:url(https:\/\/www.forvatec.com\/wp-content\/uploads\/2015\/12\/Flag_of_France_128.png);'><\/span><\/div><div  class='slide-entry flex_column no_margin post-entry slide-entry-overview slide-loop-2 slide-parity-even  av_one_third  real-thumbnail'><span class='av-partner-fake-img' style='padding-bottom:100%; background-image:url(https:\/\/www.forvatec.com\/wp-content\/uploads\/2015\/12\/Flag_of_United_Kingdom_128.png);'><\/span><\/div><div  class='slide-entry flex_column no_margin post-entry slide-entry-overview slide-loop-3 slide-parity-odd  post-entry-last  av_one_third  real-thumbnail'><span class='av-partner-fake-img' style='padding-bottom:100%; background-image:url(https:\/\/www.forvatec.com\/wp-content\/uploads\/2015\/12\/Flag_of_Spain_128.png);'><\/span><\/div><\/div><\/div><\/div><\/p><\/div><div class='av-flex-placeholder'><\/div><div class=\"flex_column av_one_half  flex_column_table_cell av-equal-height-column av-align-top av-zero-column-padding   avia-builder-el-28  el_after_av_one_half  avia-builder-el-last  \" style='border-radius:0px; '><p><div  style='padding-bottom:20px; ' class='av-special-heading av-special-heading-h4 meta-heading   avia-builder-el-29  el_before_av_contact  avia-builder-el-first  '><h4 class='av-special-heading-tag '  itemprop=\"headline\"  >Contactez-nous<\/h4><div class='special-heading-border'><div class='special-heading-inner-border' ><\/div><\/div><\/div><br \/>\n<form action=\"https:\/\/www.forvatec.com\/fr\/\" method=\"post\"  class=\"avia_ajax_form av-form-labels-visible   avia-builder-el-30  el_after_av_heading  avia-builder-el-last   \" data-avia-form-id=\"1\" data-avia-redirect='' ><fieldset><p class='  first_form  form_element form_element_half' id='element_avia_1_1'><label for=\"avia_1_1\">Nom <abbr class=\"required\" title=\"requis(e)\">*<\/abbr><\/label> <input name=\"avia_1_1\" class=\"text_input is_empty\" type=\"text\" id=\"avia_1_1\" value=\"\" \/><\/p><p class='  form_element form_element_half' id='element_avia_2_1'><label for=\"avia_2_1\">E-Mail <abbr class=\"required\" title=\"requis(e)\">*<\/abbr><\/label> <input name=\"avia_2_1\" class=\"text_input is_email\" type=\"text\" id=\"avia_2_1\" value=\"\" \/><\/p><p class='  first_form  form_element form_fullwidth av-last-visible-form-element' id='element_avia_3_1'><label for=\"avia_3_1\" class=\"textare_label hidden textare_label_avia_3_1\">Message <abbr class=\"required\" title=\"requis(e)\">*<\/abbr><\/label><textarea  name=\"avia_3_1\" class=\"text_area is_empty\" cols=\"40\" rows=\"7\" id=\"avia_3_1\" ><\/textarea><\/p><p class=\"hidden\"><input type=\"text\" name=\"avia_4_1\" class=\"hidden \" id=\"avia_4_1\" value=\"\" \/><\/p><p class=\"form_element \"><input type=\"hidden\" value=\"1\" name=\"avia_generated_form1\" \/><input type=\"submit\" value=\"Envoyer\" class=\"button\"  data-sending-label=\"Envoi\"\/><\/p><\/fieldset><\/form><div id=\"ajaxresponse_1\" class=\"ajaxresponse ajaxresponse_1 hidden\"><\/div><\/p><\/div><\/div><!--close column table wrapper. Autoclose: 1 -->\n<\/div><\/div><\/div><!-- close content main div --><\/div><\/div><\/div><div id='after_section_2'  class='main_color av_default_container_wrap container_wrap sidebar_right' style=' '  ><div class='container' ><div class='template-page content  av-content-small alpha units'><div class='post-entry post-entry-type-page post-entry-4183'><div class='entry-content-wrapper clearfix'>\n","protected":false},"excerpt":{"rendered":"<p>This is a Page excerpt. It will be displayed for search results<\/p>\n","protected":false},"author":1,"featured_media":0,"parent":0,"menu_order":0,"comment_status":"open","ping_status":"closed","template":"","meta":{"footnotes":""},"aioseo_notices":[],"_links":{"self":[{"href":"https:\/\/www.forvatec.com\/fr\/wp-json\/wp\/v2\/pages\/4183"}],"collection":[{"href":"https:\/\/www.forvatec.com\/fr\/wp-json\/wp\/v2\/pages"}],"about":[{"href":"https:\/\/www.forvatec.com\/fr\/wp-json\/wp\/v2\/types\/page"}],"author":[{"embeddable":true,"href":"https:\/\/www.forvatec.com\/fr\/wp-json\/wp\/v2\/users\/1"}],"replies":[{"embeddable":true,"href":"https:\/\/www.forvatec.com\/fr\/wp-json\/wp\/v2\/comments?post=4183"}],"version-history":[{"count":67,"href":"https:\/\/www.forvatec.com\/fr\/wp-json\/wp\/v2\/pages\/4183\/revisions"}],"predecessor-version":[{"id":8833,"href":"https:\/\/www.forvatec.com\/fr\/wp-json\/wp\/v2\/pages\/4183\/revisions\/8833"}],"wp:attachment":[{"href":"https:\/\/www.forvatec.com\/fr\/wp-json\/wp\/v2\/media?parent=4183"}],"curies":[{"name":"wp","href":"https:\/\/api.w.org\/{rel}","templated":true}]}}