{"id":4192,"date":"2015-10-25T16:44:46","date_gmt":"2015-10-25T16:44:46","guid":{"rendered":"http:\/\/www.forvatec.com\/fr\/?page_id=4192"},"modified":"2026-01-12T07:09:13","modified_gmt":"2026-01-12T07:09:13","slug":"qui-sommes-nous","status":"publish","type":"page","link":"https:\/\/www.forvatec.com\/fr\/a-propos-de-forvatec\/qui-sommes-nous\/","title":{"rendered":"Qui sommes nous?"},"content":{"rendered":"<div class=\"flex_column av_one_third  flex_column_div av-zero-column-padding first  avia-builder-el-0  el_before_av_one_third  avia-builder-el-first  \" style='border-radius:0px; '><article  class=\"iconbox iconbox_top main_color    avia-builder-el-1  avia-builder-el-no-sibling  \"  itemscope=\"itemscope\" itemtype=\"https:\/\/schema.org\/CreativeWork\" ><div class=\"iconbox_content\"><header class=\"entry-content-header\"><div class=\"iconbox_icon heading-color\" aria-hidden='true' data-av_icon='\ue8bd' data-av_iconfont='entypo-fontello'  ><\/div><h3 class='iconbox_content_title  '  itemprop=\"headline\"  >FOR<\/h3><\/header><div class='iconbox_content_container  '  itemprop=\"text\"  ><h3 style=\"text-align: center;\"><span style=\"color: #ff6600;\"><strong>Formations<\/strong><\/span><\/h3>\n<p style=\"text-align: justify;\">Nous animons des formations pour l&rsquo;ensemble des acteurs du secteur\u00a0Automobile.<\/p>\n<ul>\n<li style=\"text-align: left;\">Formations\u00a0aux Techniques de\u00a0Base<\/li>\n<li style=\"text-align: left;\">V\u00e9hicules L\u00e9gers<\/li>\n<li style=\"text-align: left;\">Poids Lourds<\/li>\n<li style=\"text-align: left;\">Moteurs Industriels<\/li>\n<li style=\"text-align: left;\">Habilitations et Formations Qualifiantes<\/li>\n<li style=\"text-align: left;\">Formations en Communication<\/li>\n<\/ul>\n<\/div><\/div><footer class=\"entry-footer\"><\/footer><\/article><\/div>\n<div class=\"flex_column av_one_third  flex_column_div av-zero-column-padding   avia-builder-el-2  el_after_av_one_third  el_before_av_one_third  \" style='border-radius:0px; '><article  class=\"iconbox iconbox_top main_color    avia-builder-el-3  avia-builder-el-no-sibling  \"  itemscope=\"itemscope\" itemtype=\"https:\/\/schema.org\/CreativeWork\" ><div class=\"iconbox_content\"><header class=\"entry-content-header\"><div class=\"iconbox_icon heading-color\" aria-hidden='true' data-av_icon='\ue8be' data-av_iconfont='entypo-fontello'  ><\/div><h3 class='iconbox_content_title  '  itemprop=\"headline\"  >V<\/h3><\/header><div class='iconbox_content_container  '  itemprop=\"text\"  ><h3 style=\"text-align: center;\"><span style=\"color: #ff6600;\"><strong>Ventes<\/strong><\/span><\/h3>\n<p style=\"text-align: justify;\">Nous disposons d&rsquo;un catalogue de produits sp\u00e9cifiques \u00e0 l&rsquo;activit\u00e9 Automobile.<\/p>\n<ul>\n<li style=\"text-align: left;\">Equipements de garage<\/li>\n<li style=\"text-align: left;\">Bancs didactiques pour la\u00a0formation<\/li>\n<li style=\"text-align: left;\">Logiciels d&rsquo;analyse\/\u00e9mulation et Interfaces de communications multiplex\u00e9es<\/li>\n<\/ul>\n<\/div><\/div><footer class=\"entry-footer\"><\/footer><\/article><\/div>\n<div class=\"flex_column av_one_third  flex_column_div av-zero-column-padding   avia-builder-el-4  el_after_av_one_third  el_before_av_one_full  \" style='border-radius:0px; '><article  class=\"iconbox iconbox_top main_color    avia-builder-el-5  avia-builder-el-no-sibling  \"  itemscope=\"itemscope\" itemtype=\"https:\/\/schema.org\/CreativeWork\" ><div class=\"iconbox_content\"><header class=\"entry-content-header\"><div class=\"iconbox_icon heading-color\" aria-hidden='true' data-av_icon='\ue8bf' data-av_iconfont='entypo-fontello'  ><\/div><h3 class='iconbox_content_title  '  itemprop=\"headline\"  >ATEC<\/h3><\/header><div class='iconbox_content_container  '  itemprop=\"text\"  ><h3 style=\"text-align: center;\"><span style=\"color: #ff6600;\"><strong>Assistance Tech.<\/strong><\/span><\/h3>\n<p style=\"text-align: justify;\">Service complet au client depuis le d\u00e9veloppement d&rsquo;une formation jusqu&rsquo;\u00e0 la vente d&rsquo;un produit.<\/p>\n<ul>\n<li style=\"text-align: left;\">Conception, adaptation et traduction de documentation technique<\/li>\n<li style=\"text-align: left;\">Certifications<\/li>\n<li style=\"text-align: left;\">Evaluations de comp\u00e9tence<\/li>\n<li style=\"text-align: left;\">E-learning<\/li>\n<li style=\"text-align: left;\">Audits<\/li>\n<li style=\"text-align: left;\">Autres services sur mesure<\/li>\n<\/ul>\n<\/div><\/div><footer class=\"entry-footer\"><\/footer><\/article><\/div>\n<div class=\"flex_column av_one_full  flex_column_div av-zero-column-padding first  avia-builder-el-6  el_after_av_one_third  el_before_av_one_full  column-top-margin\" style='border-radius:0px; '><p><div  style='padding-bottom:10px; ' class='av-special-heading av-special-heading-h4    avia-builder-el-7  el_before_av_textblock  avia-builder-el-first  '><h4 class='av-special-heading-tag '  itemprop=\"headline\"  >Objectifs<\/h4><div class='special-heading-border'><div class='special-heading-inner-border' ><\/div><\/div><\/div><br \/>\n<section class=\"av_textblock_section \"  itemscope=\"itemscope\" itemtype=\"https:\/\/schema.org\/CreativeWork\" ><div class='avia_textblock  '   itemprop=\"text\" ><p style=\"text-align: justify;\">Notre <strong>objectif<\/strong> est de <strong>satisfaire aux<\/strong><strong> besoins en formation<\/strong> de mani\u00e8re simple, pratique et rapide, sans que vous ayez \u00e0 vous pr\u00e9occuper\u00a0de la m\u00e9thode d&rsquo;apprentissage, et ce depuis la cr\u00e9ation du mat\u00e9riel \u00e9ducatif jusqu&rsquo;\u00e0 l&rsquo;animation\u00a0du stage, en passant par la formation continue.<\/p>\n<blockquote>\n<p style=\"text-align: justify;\">Nous tenons \u00e0 ce que <strong>nos clients<\/strong> soient <strong>satisfaits de leur formation.<\/strong><\/p>\n<\/blockquote>\n<\/div><\/section><br \/>\n<section class=\"av_textblock_section \"  itemscope=\"itemscope\" itemtype=\"https:\/\/schema.org\/CreativeWork\" ><div class='avia_textblock  '   itemprop=\"text\" ><p><strong style=\"text-align: justify;\">FORVATEC<\/strong> apporte un soutien tout particulier aux\u00a0<strong>\u00e9quipes techniques<\/strong> de chaque atelier afin que chaque intervenant\u00a0puisse\u00a0<strong>am\u00e9liorer ses performances<\/strong> tant dans la r\u00e9paration comme dans l&rsquo;analyse et le\u00a0diagnostic de pannes. Notre <strong>m\u00e9thodologie<\/strong> combine des <strong>contenus th\u00e9oriques et pratiques<\/strong> adapt\u00e9s aux particularit\u00e9s de chaque <strong>entreprise<\/strong>.<\/p>\n<\/div><\/section><\/p><\/div>\n<div class=\"flex_column av_one_full  flex_column_div av-zero-column-padding first  avia-builder-el-10  el_after_av_one_full  el_before_av_one_full  column-top-margin\" style='border-radius:0px; '><p><div  style='padding-bottom:10px; ' class='av-special-heading av-special-heading-h4    avia-builder-el-11  el_before_av_textblock  avia-builder-el-first  '><h4 class='av-special-heading-tag '  itemprop=\"headline\"  >Formation Professionnelle<\/h4><div class='special-heading-border'><div class='special-heading-inner-border' ><\/div><\/div><\/div><br \/>\n<section class=\"av_textblock_section \"  itemscope=\"itemscope\" itemtype=\"https:\/\/schema.org\/CreativeWork\" ><div class='avia_textblock  '   itemprop=\"text\" ><p style=\"text-align: justify;\"><img loading=\"lazy\" decoding=\"async\" class=\"alignright wp-image-6897\" src=\"http:\/\/www.forvatec.com\/wp-content\/uploads\/2022\/07\/LogoQualiopi_BV-300x97-1.jpg\" alt=\"\" width=\"350\" height=\"113\" \/><\/p>\n<p>Forvatec est un\u00a0<strong>Organisme de Formation Professionnelle<\/strong>\u00a0reconnu conforme aux d\u00e9crets\u00a0:<\/p>\n<ul>\n<li>n\u00b02019-564 du 6 juin 2019 relatif \u00e0 la qualit\u00e9 des actions de la formation professionnelle<\/li>\n<li>n\u00b02019-565 du 6 juin 2019\u00a0relatif au r\u00e9f\u00e9rentiel national sur la qualit\u00e9 des actions concourant au d\u00e9veloppement des comp\u00e9tences.<\/li>\n<\/ul>\n<p>N\u00b0 de d\u00e9claration d&rsquo;activit\u00e9 : 52 72 01122 72<\/p>\n<p>Certificat Qualiopi N\u00b0 FR091141-1 valable jusqu&rsquo;au 02\/09\/2027 (<a href=\"https:\/\/www.forvatec.com\/wp-content\/uploads\/2026\/01\/21479154-FORVATEC-Qualiopi.pdf\">t\u00e9l\u00e9charger le certificat<\/a>)<\/p>\n<\/div><\/section><\/p><\/div><div class=\"flex_column av_one_full  flex_column_div av-zero-column-padding first  avia-builder-el-13  el_after_av_one_full  avia-builder-el-last  column-top-margin\" style='border-radius:0px; '><p><div  style='padding-bottom:10px; ' class='av-special-heading av-special-heading-h4    avia-builder-el-14  el_before_av_textblock  avia-builder-el-first  '><h4 class='av-special-heading-tag '  itemprop=\"headline\"  >Formation Technique<\/h4><div class='special-heading-border'><div class='special-heading-inner-border' ><\/div><\/div><\/div><br \/>\n<section class=\"av_textblock_section \"  itemscope=\"itemscope\" itemtype=\"https:\/\/schema.org\/CreativeWork\" ><div class='avia_textblock  '   itemprop=\"text\" ><p style=\"text-align: justify;\">Nous sommes <strong>sp\u00e9cialis\u00e9s dans la\u00a0formation technique<\/strong>. Depuis plus de 20 ans, nous formons des techniciens dans le but <strong>d&rsquo;am\u00e9liorer<\/strong>\u00a0<strong>leurs comp\u00e9tences <\/strong>et\u00a0<strong> d&rsquo;augmenter leur\u00a0productivit\u00e9.<br \/>\n<\/strong><\/p>\n<p style=\"text-align: justify;\"><strong>Nous nous adaptons\u00a0\u00e0 vos besoins<\/strong>. Nous concevons et animons des formations <strong>\u201csur site\u201d\u00a0<\/strong>et <strong>\u201c<\/strong><strong>\u00e0 la carte\u201d <\/strong>en<strong> fran\u00e7ais, Anglais et Espagnol.<\/strong><\/p>\n<\/div><\/section><br \/>\n<div   data-size='entry_without_sidebar'  data-lightbox_size='large'  data-animation='slide'  data-conditional_play=''  data-ids='4585'  data-video_counter='0'  data-autoplay='false'  data-bg_slider='false'  data-slide_height=''  data-handle='av_slideshow'  data-interval='5'  data-class=' avia-builder-el-16  el_after_av_textblock  avia-builder-el-last  '  data-el_id=''  data-css_id=''  data-scroll_down=''  data-control_layout=''  data-custom_markup=''  data-perma_caption=''  data-autoplay_stopper=''  data-image_attachment=''  data-min_height='0px'  data-lazy_loading='disabled'  data-default-height='34.95867768595'  class='avia-slideshow avia-slideshow-1  av-default-height-applied avia-slideshow-entry_without_sidebar av_slideshow  avia-builder-el-16  el_after_av_textblock  avia-builder-el-last   avia-slide-slider '  itemprop=\"image\" itemscope=\"itemscope\" itemtype=\"https:\/\/schema.org\/ImageObject\" ><ul class='avia-slideshow-inner ' style='padding-bottom: 28.595041322314%;' ><li  class=' av-single-slide slide-1 ' ><div data-rel='slideshow-1' class='avia-slide-wrap '   ><img decoding=\"async\" class=\"wp-image-4585 avia-img-lazy-loading-not-4585\"  src=\"https:\/\/www.forvatec.com\/wp-content\/uploads\/2015\/12\/catalogo-1210x346.bmp\" width=\"1210\" height=\"346\" title='' alt=''  itemprop=\"thumbnailUrl\" srcset=\"https:\/\/www.forvatec.com\/wp-content\/uploads\/2015\/12\/catalogo-1210x346.bmp 1210w, https:\/\/www.forvatec.com\/wp-content\/uploads\/2015\/12\/catalogo-300x85.bmp 300w\" sizes=\"(max-width: 1210px) 100vw, 1210px\" \/><\/div><\/li><\/ul><\/div><\/p><\/div><\/p>\n","protected":false},"excerpt":{"rendered":"","protected":false},"author":1,"featured_media":0,"parent":4211,"menu_order":1,"comment_status":"closed","ping_status":"closed","template":"","meta":{"footnotes":""},"aioseo_notices":[],"_links":{"self":[{"href":"https:\/\/www.forvatec.com\/fr\/wp-json\/wp\/v2\/pages\/4192"}],"collection":[{"href":"https:\/\/www.forvatec.com\/fr\/wp-json\/wp\/v2\/pages"}],"about":[{"href":"https:\/\/www.forvatec.com\/fr\/wp-json\/wp\/v2\/types\/page"}],"author":[{"embeddable":true,"href":"https:\/\/www.forvatec.com\/fr\/wp-json\/wp\/v2\/users\/1"}],"replies":[{"embeddable":true,"href":"https:\/\/www.forvatec.com\/fr\/wp-json\/wp\/v2\/comments?post=4192"}],"version-history":[{"count":58,"href":"https:\/\/www.forvatec.com\/fr\/wp-json\/wp\/v2\/pages\/4192\/revisions"}],"predecessor-version":[{"id":8840,"href":"https:\/\/www.forvatec.com\/fr\/wp-json\/wp\/v2\/pages\/4192\/revisions\/8840"}],"up":[{"embeddable":true,"href":"https:\/\/www.forvatec.com\/fr\/wp-json\/wp\/v2\/pages\/4211"}],"wp:attachment":[{"href":"https:\/\/www.forvatec.com\/fr\/wp-json\/wp\/v2\/media?parent=4192"}],"curies":[{"name":"wp","href":"https:\/\/api.w.org\/{rel}","templated":true}]}}