{"id":4205,"date":"2013-04-01T20:49:40","date_gmt":"2013-04-01T20:49:40","guid":{"rendered":"http:\/\/www.forvatec.com\/fr\/?page_id=4205"},"modified":"2025-10-04T12:19:34","modified_gmt":"2025-10-04T12:19:34","slug":"services","status":"publish","type":"page","link":"https:\/\/www.forvatec.com\/fr\/services\/","title":{"rendered":"Services"},"content":{"rendered":"<div class=\"flex_column av_three_fifth  flex_column_div first  avia-builder-el-0  el_before_av_two_fifth  avia-builder-el-first  \" ><p><div  style='padding-bottom:10px; ' class='av-special-heading av-special-heading-h3    avia-builder-el-1  el_before_av_textblock  avia-builder-el-first  '><h3 class='av-special-heading-tag '  itemprop=\"headline\"  >Votre Fournisseur de Solutions<\/h3><div class='special-heading-border'><div class='special-heading-inner-border' ><\/div><\/div><\/div><br \/>\n<section class=\"av_textblock_section \"  itemscope=\"itemscope\" itemtype=\"https:\/\/schema.org\/CreativeWork\" ><div class='avia_textblock  '   itemprop=\"text\" ><blockquote>\n<p style=\"text-align: justify;\"><strong>Notre devise :<\/strong> Etre en mesure de proposer \u00e0\u00a0nos clients <strong>une offre globale\u00a0de services <\/strong>totalement adapt\u00e9e\u00a0\u00e0 leurs <strong>besoins<\/strong> et mise en place de la\u00a0fa\u00e7on la plus\u00a0<strong>simple, efficace et <\/strong><strong>transparente.<br \/>\n<\/strong><\/p>\n<\/blockquote>\n<p>Nous disposons d&rsquo;un large \u00e9ventail de prestations et travaillons pour\u00a0tout<strong> type d&rsquo;entreprise <\/strong>dans<strong> diff\u00e9rents domaines d&rsquo;activit\u00e9s <\/strong>en <strong>trois langues<\/strong> (fran\u00e7ais, anglais et\u00a0espagnol).<\/p>\n<\/div><\/section><\/p><\/div>\n<div class=\"flex_column av_two_fifth  flex_column_div av-zero-column-padding   avia-builder-el-3  el_after_av_three_fifth  el_before_av_section  avia-builder-el-last  \" style='border-radius:0px; '><div   data-size='no scaling'  data-lightbox_size='large'  data-animation='slide'  data-conditional_play=''  data-ids='4550,4551,4552'  data-video_counter='0'  data-autoplay='true'  data-bg_slider='false'  data-slide_height=''  data-handle='av_slideshow'  data-interval='5'  data-class=' avia-builder-el-4  avia-builder-el-no-sibling  '  data-el_id=''  data-css_id=''  data-scroll_down=''  data-control_layout=''  data-custom_markup=''  data-perma_caption=''  data-autoplay_stopper=''  data-image_attachment=''  data-min_height='0px'  data-lazy_loading='disabled'  class='avia-slideshow avia-slideshow-1  av-default-height-applied avia-slideshow-no scaling av_slideshow  avia-builder-el-4  avia-builder-el-no-sibling   avia-slide-slider '  itemprop=\"image\" itemscope=\"itemscope\" itemtype=\"https:\/\/schema.org\/ImageObject\" ><ul class='avia-slideshow-inner ' style='padding-bottom: 66.666666666667%;' ><li  class=' slide-1 ' ><div data-rel='slideshow-1' class='avia-slide-wrap '   ><img decoding=\"async\" class=\"wp-image-4550 avia-img-lazy-loading-not-4550\"  src=\"https:\/\/www.forvatec.com\/wp-content\/uploads\/2013\/04\/balloons_600x400.jpg\" width=\"600\" height=\"400\" title='' alt=''  itemprop=\"thumbnailUrl\" srcset=\"https:\/\/www.forvatec.com\/wp-content\/uploads\/2013\/04\/balloons_600x400.jpg 600w, https:\/\/www.forvatec.com\/wp-content\/uploads\/2013\/04\/balloons_600x400-300x200.jpg 300w, https:\/\/www.forvatec.com\/wp-content\/uploads\/2013\/04\/balloons_600x400-450x300.jpg 450w\" sizes=\"(max-width: 600px) 100vw, 600px\" \/><\/div><\/li><li  class=' slide-2 ' ><div data-rel='slideshow-1' class='avia-slide-wrap '   ><img decoding=\"async\" class=\"wp-image-4551 avia-img-lazy-loading-not-4551\"  src=\"https:\/\/www.forvatec.com\/wp-content\/uploads\/2013\/04\/vehicle_600x400.jpg\" width=\"600\" height=\"400\" title='' alt=''  itemprop=\"thumbnailUrl\" srcset=\"https:\/\/www.forvatec.com\/wp-content\/uploads\/2013\/04\/vehicle_600x400.jpg 600w, https:\/\/www.forvatec.com\/wp-content\/uploads\/2013\/04\/vehicle_600x400-300x200.jpg 300w, https:\/\/www.forvatec.com\/wp-content\/uploads\/2013\/04\/vehicle_600x400-450x300.jpg 450w\" sizes=\"(max-width: 600px) 100vw, 600px\" \/><\/div><\/li><li  class=' slide-3 ' ><div data-rel='slideshow-1' class='avia-slide-wrap '   ><img decoding=\"async\" class=\"wp-image-4552 avia-img-lazy-loading-not-4552\"  src=\"https:\/\/www.forvatec.com\/wp-content\/uploads\/2013\/04\/competence_600x400.jpg\" width=\"600\" height=\"400\" title='' alt=''  itemprop=\"thumbnailUrl\" srcset=\"https:\/\/www.forvatec.com\/wp-content\/uploads\/2013\/04\/competence_600x400.jpg 600w, https:\/\/www.forvatec.com\/wp-content\/uploads\/2013\/04\/competence_600x400-300x200.jpg 300w, https:\/\/www.forvatec.com\/wp-content\/uploads\/2013\/04\/competence_600x400-450x300.jpg 450w\" sizes=\"(max-width: 600px) 100vw, 600px\" \/><\/div><\/li><\/ul><div class='avia-slideshow-arrows avia-slideshow-controls' ><a href='#prev' class='prev-slide ' aria-hidden='true' data-av_icon='\ue87c' data-av_iconfont='entypo-fontello' aria-hidden='true' tabindex='-1'>Pr\u00e9c\u00e9dent<\/a><a href='#next' class='next-slide ' aria-hidden='true' data-av_icon='\ue87d' data-av_iconfont='entypo-fontello' aria-hidden='true' tabindex='-1'>Suivant<\/a><\/div><div class='avia-slideshow-dots avia-slideshow-controls'><a href='#1' class='goto-slide active' >1<\/a><a href='#2' class='goto-slide ' >2<\/a><a href='#3' class='goto-slide ' >3<\/a><\/div><\/div><\/div>\n<\/div><\/div><\/div><!-- close content main div --><\/div><\/div><div id='av_section_1'  class='avia-section main_color avia-section-default avia-no-shadow  avia-bg-style-scroll  avia-builder-el-5  el_after_av_two_fifth  el_before_av_one_half   container_wrap sidebar_right' style=' '  ><div class='container' ><div class='template-page content  av-content-small alpha units'><div class='post-entry post-entry-type-page post-entry-4205'><div class='entry-content-wrapper clearfix'>\n<div class=\"flex_column av_one_half  flex_column_div av-zero-column-padding first  avia-builder-el-6  el_before_av_one_half  avia-builder-el-first  \" style='border-radius:0px; '><div  class='avia-icon-list-container   avia-builder-el-7  avia-builder-el-no-sibling '><ul class='avia-icon-list avia-icon-list-left av-iconlist-big avia_animate_when_almost_visible avia-iconlist-animate'>\n<li><div  style='background-color:#ff6200; border:1px solid #bfbfbf; ' class='iconlist_icon  avia-font-entypo-fontello'><span class='iconlist-char ' aria-hidden='true' data-av_icon='\ue856' data-av_iconfont='entypo-fontello'><\/span><\/div><article class=\"article-icon-entry \"  itemscope=\"itemscope\" itemtype=\"https:\/\/schema.org\/CreativeWork\" ><div class='iconlist_content_wrap'><header class=\"entry-content-header\"><h4 class='av_iconlist_title iconlist_title   '  itemprop=\"headline\"  >Support Technique<\/h4><\/header><div class='iconlist_content  '  itemprop=\"text\"  ><p>Apporter une<strong> expertise\u00a0technique <\/strong>aupr\u00e8s de nos <strong>clients<\/strong><\/p>\n<\/div><\/div><footer class=\"entry-footer\"><\/footer><\/article><div class='iconlist-timeline'><\/div><\/li>\n<li><div  style='background-color:#ff6200; border:1px solid #bfbfbf; ' class='iconlist_icon  avia-font-entypo-fontello'><span class='iconlist-char ' aria-hidden='true' data-av_icon='\ue864' data-av_iconfont='entypo-fontello'><\/span><\/div><article class=\"article-icon-entry \"  itemscope=\"itemscope\" itemtype=\"https:\/\/schema.org\/CreativeWork\" ><div class='iconlist_content_wrap'><header class=\"entry-content-header\"><h4 class='av_iconlist_title iconlist_title   '  itemprop=\"headline\"  >Conception<\/h4><\/header><div class='iconlist_content  '  itemprop=\"text\"  ><p>Concevoir des <strong>contenus p\u00e9dagogiques <\/strong>pour la <strong>formation<\/strong><\/p>\n<\/div><\/div><footer class=\"entry-footer\"><\/footer><\/article><div class='iconlist-timeline'><\/div><\/li>\n<li><div  style='background-color:#ff6200; border:1px solid #bfbfbf; ' class='iconlist_icon  avia-font-entypo-fontello'><span class='iconlist-char ' aria-hidden='true' data-av_icon='\ue84e' data-av_iconfont='entypo-fontello'><\/span><\/div><article class=\"article-icon-entry \"  itemscope=\"itemscope\" itemtype=\"https:\/\/schema.org\/CreativeWork\" ><div class='iconlist_content_wrap'><header class=\"entry-content-header\"><h4 class='av_iconlist_title iconlist_title   '  itemprop=\"headline\"  >Formation<\/h4><\/header><div class='iconlist_content  '  itemprop=\"text\"  ><p>Animer des <strong>formations techniques sur mesure<\/strong><\/p>\n<\/div><\/div><footer class=\"entry-footer\"><\/footer><\/article><div class='iconlist-timeline'><\/div><\/li>\n<li><div  style='background-color:#ff6200; border:1px solid #bfbfbf; ' class='iconlist_icon  avia-font-entypo-fontello'><span class='iconlist-char ' aria-hidden='true' data-av_icon='\ue839' data-av_iconfont='entypo-fontello'><\/span><\/div><article class=\"article-icon-entry \"  itemscope=\"itemscope\" itemtype=\"https:\/\/schema.org\/CreativeWork\" ><div class='iconlist_content_wrap'><header class=\"entry-content-header\"><h4 class='av_iconlist_title iconlist_title   '  itemprop=\"headline\"  >Adaptation<\/h4><\/header><div class='iconlist_content  '  itemprop=\"text\"  ><p><strong>Adapter le contenu<\/strong> de stages existants<\/p>\n<\/div><\/div><footer class=\"entry-footer\"><\/footer><\/article><div class='iconlist-timeline'><\/div><\/li>\n<li><div  style='background-color:#ff6200; border:1px solid #bfbfbf; ' class='iconlist_icon  avia-font-entypo-fontello'><span class='iconlist-char ' aria-hidden='true' data-av_icon='\ue83c' data-av_iconfont='entypo-fontello'><\/span><\/div><article class=\"article-icon-entry \"  itemscope=\"itemscope\" itemtype=\"https:\/\/schema.org\/CreativeWork\" ><div class='iconlist_content_wrap'><header class=\"entry-content-header\"><h4 class='av_iconlist_title iconlist_title   '  itemprop=\"headline\"  >Traduction<\/h4><\/header><div class='iconlist_content  '  itemprop=\"text\"  ><p><strong>Traduire <\/strong>des documents techniques en <strong>Fran\u00e7ais, Anglais ou Espagnol<\/strong><\/p>\n<\/div><\/div><footer class=\"entry-footer\"><\/footer><\/article><div class='iconlist-timeline'><\/div><\/li>\n<li><div  style='background-color:#ff6200; border:1px solid #bfbfbf; ' class='iconlist_icon  avia-font-entypo-fontello'><span class='iconlist-char ' aria-hidden='true' data-av_icon='\ue803' data-av_iconfont='entypo-fontello'><\/span><\/div><article class=\"article-icon-entry \"  itemscope=\"itemscope\" itemtype=\"https:\/\/schema.org\/CreativeWork\" ><div class='iconlist_content_wrap'><header class=\"entry-content-header\"><h4 class='av_iconlist_title iconlist_title   '  itemprop=\"headline\"  >CID<\/h4><\/header><div class='iconlist_content  '  itemprop=\"text\"  ><p><strong>Contr\u00f4le <\/strong>par <strong>Inspection D\u00e9taill\u00e9e <\/strong>de vos camions, bus, autocars, v\u00e9hicules industriels de plus de 3,5T, aliment\u00e9s au <strong>Gaz Naturel pour V\u00e9hicule<\/strong><\/p>\n<\/div><\/div><footer class=\"entry-footer\"><\/footer><\/article><div class='iconlist-timeline'><\/div><\/li>\n<\/ul><\/div><\/div><div class=\"flex_column av_one_half  flex_column_div av-zero-column-padding   avia-builder-el-8  el_after_av_one_half  avia-builder-el-last  \" style='border-radius:0px; '><div  class='avia-icon-list-container   avia-builder-el-9  avia-builder-el-no-sibling '><ul class='avia-icon-list avia-icon-list-left av-iconlist-big avia_animate_when_almost_visible avia-iconlist-animate'>\n<li><div  style='background-color:#ff6200; border:1px solid #bfbfbf; ' class='iconlist_icon  avia-font-entypo-fontello'><span class='iconlist-char ' aria-hidden='true' data-av_icon='\ue8a6' data-av_iconfont='entypo-fontello'><\/span><\/div><article class=\"article-icon-entry \"  itemscope=\"itemscope\" itemtype=\"https:\/\/schema.org\/CreativeWork\" ><div class='iconlist_content_wrap'><header class=\"entry-content-header\"><h4 class='av_iconlist_title iconlist_title   '  itemprop=\"headline\"  >Evaluation de comp\u00e9tences<\/h4><\/header><div class='iconlist_content  '  itemprop=\"text\"  ><p><strong>Evaluer les comp\u00e9tences techniques<\/strong> des Professionnels<\/p>\n<\/div><\/div><footer class=\"entry-footer\"><\/footer><\/article><div class='iconlist-timeline'><\/div><\/li>\n<li><div  style='background-color:#ff6200; border:1px solid #bfbfbf; ' class='iconlist_icon  avia-font-entypo-fontello'><span class='iconlist-char ' aria-hidden='true' data-av_icon='\ue82b' data-av_iconfont='entypo-fontello'><\/span><\/div><article class=\"article-icon-entry \"  itemscope=\"itemscope\" itemtype=\"https:\/\/schema.org\/CreativeWork\" ><div class='iconlist_content_wrap'><header class=\"entry-content-header\"><h4 class='av_iconlist_title iconlist_title   '  itemprop=\"headline\"  >Audits<\/h4><\/header><div class='iconlist_content  '  itemprop=\"text\"  ><p>R\u00e9aliser des <strong>audits sur site<\/strong><\/p>\n<\/div><\/div><footer class=\"entry-footer\"><\/footer><\/article><div class='iconlist-timeline'><\/div><\/li>\n<li><div  style='background-color:#ff6200; border:1px solid #bfbfbf; ' class='iconlist_icon  avia-font-entypo-fontello'><span class='iconlist-char ' aria-hidden='true' data-av_icon='\ue8ab' data-av_iconfont='entypo-fontello'><\/span><\/div><article class=\"article-icon-entry \"  itemscope=\"itemscope\" itemtype=\"https:\/\/schema.org\/CreativeWork\" ><div class='iconlist_content_wrap'><header class=\"entry-content-header\"><h4 class='av_iconlist_title iconlist_title   '  itemprop=\"headline\"  >E-Learning<\/h4><\/header><div class='iconlist_content  '  itemprop=\"text\"  ><p>Concevoir des modules de formation <strong>e-learning<\/strong> (au format SCORM 1.2)<\/p>\n<\/div><\/div><footer class=\"entry-footer\"><\/footer><\/article><div class='iconlist-timeline'><\/div><\/li>\n<li><div  style='background-color:#ff6200; border:1px solid #bfbfbf; ' class='iconlist_icon  avia-font-entypo-fontello'><span class='iconlist-char ' aria-hidden='true' data-av_icon='\ue80b' data-av_iconfont='entypo-fontello'><\/span><\/div><article class=\"article-icon-entry \"  itemscope=\"itemscope\" itemtype=\"https:\/\/schema.org\/CreativeWork\" ><div class='iconlist_content_wrap'><header class=\"entry-content-header\"><h4 class='av_iconlist_title iconlist_title   '  itemprop=\"headline\"  >Presentations commerciales<\/h4><\/header><div class='iconlist_content  '  itemprop=\"text\"  ><p>Effectuer des <strong>pr\u00e9sentations commerciales<\/strong> et\/ou des <strong>mises en service<\/strong> de vos produits de diagnostic et \u00e9quipements de garage<\/p>\n<\/div><\/div><footer class=\"entry-footer\"><\/footer><\/article><div class='iconlist-timeline'><\/div><\/li>\n<li><div  style='background-color:#ff6200; border:1px solid #bfbfbf; ' class='iconlist_icon  avia-font-entypo-fontello'><span class='iconlist-char ' aria-hidden='true' data-av_icon='\ue8ad' data-av_iconfont='entypo-fontello'><\/span><\/div><article class=\"article-icon-entry \"  itemscope=\"itemscope\" itemtype=\"https:\/\/schema.org\/CreativeWork\" ><div class='iconlist_content_wrap'><header class=\"entry-content-header\"><h4 class='av_iconlist_title iconlist_title   '  itemprop=\"headline\"  >Salons<\/h4><\/header><div class='iconlist_content  '  itemprop=\"text\"  ><p>Participer \u00e0 des\u00a0<strong>salons nationaux<\/strong> et<strong> internationaux<\/strong> afin d&rsquo;offrir un <strong>support technico-commercial<\/strong> \u00e0 vos produits.<\/p>\n<\/div><\/div><footer class=\"entry-footer\"><\/footer><\/article><div class='iconlist-timeline'><\/div><\/li>\n<\/ul><\/div><\/div><\/div><\/div><\/div><!-- close content main div --><\/div><\/div><div id='after_section_1'  class='main_color av_default_container_wrap container_wrap sidebar_right' style=' '  ><div class='container' ><div class='template-page content  av-content-small alpha units'><div class='post-entry post-entry-type-page post-entry-4205'><div class='entry-content-wrapper clearfix'><div class=\"flex_column av_one_half  flex_column_div av-zero-column-padding first  avia-builder-el-10  el_after_av_section  el_before_av_one_half  avia-builder-el-first  \" style='border-radius:0px; '><div  class='avia-image-container  av-styling-    avia-builder-el-11  avia-builder-el-no-sibling  avia-align-center '  itemprop=\"image\" itemscope=\"itemscope\" itemtype=\"https:\/\/schema.org\/ImageObject\"  ><div class='avia-image-container-inner'><div class='avia-image-overlay-wrap'><img decoding=\"async\" class='wp-image-4585 avia-img-lazy-loading-not-4585 avia_image' src=\"https:\/\/www.forvatec.com\/wp-content\/uploads\/2015\/12\/catalogo-845x321.bmp\" alt='' title='' height=\"321\" width=\"845\"  itemprop=\"thumbnailUrl\"  \/><\/div><\/div><\/div><\/div><\/p>\n<div class=\"flex_column av_one_half  flex_column_div av-zero-column-padding   avia-builder-el-12  el_after_av_one_half  avia-builder-el-last  \" style='border-radius:0px; '><section class=\"av_textblock_section \"  itemscope=\"itemscope\" itemtype=\"https:\/\/schema.org\/CreativeWork\" ><div class='avia_textblock  '   itemprop=\"text\" ><blockquote>\n<h2><span id=\"result_box\" lang=\"fr\"><span class=\"hps\">Nous nous adaptons \u00e0<\/span> <span class=\"hps\">vos besoins<\/span>. <span class=\"hps\">Nous<\/span> <span class=\"hps\">vous proposons une offre globale <\/span><span class=\"hps atn\">\u00ab\u00a0sur site<\/span><span class=\"atn\">\u00a0\u00bb et \u00ab\u00a0<\/span>\u00e0 la carte\u00a0\u00bb <span class=\"hps\">en Fran\u00e7ais, Anglais et Espagnol<\/span>.<\/span><\/h2>\n<\/blockquote>\n<\/div><\/section><\/div>\n","protected":false},"excerpt":{"rendered":"","protected":false},"author":1,"featured_media":0,"parent":0,"menu_order":0,"comment_status":"open","ping_status":"closed","template":"","meta":{"footnotes":""},"aioseo_notices":[],"_links":{"self":[{"href":"https:\/\/www.forvatec.com\/fr\/wp-json\/wp\/v2\/pages\/4205"}],"collection":[{"href":"https:\/\/www.forvatec.com\/fr\/wp-json\/wp\/v2\/pages"}],"about":[{"href":"https:\/\/www.forvatec.com\/fr\/wp-json\/wp\/v2\/types\/page"}],"author":[{"embeddable":true,"href":"https:\/\/www.forvatec.com\/fr\/wp-json\/wp\/v2\/users\/1"}],"replies":[{"embeddable":true,"href":"https:\/\/www.forvatec.com\/fr\/wp-json\/wp\/v2\/comments?post=4205"}],"version-history":[{"count":23,"href":"https:\/\/www.forvatec.com\/fr\/wp-json\/wp\/v2\/pages\/4205\/revisions"}],"predecessor-version":[{"id":8737,"href":"https:\/\/www.forvatec.com\/fr\/wp-json\/wp\/v2\/pages\/4205\/revisions\/8737"}],"wp:attachment":[{"href":"https:\/\/www.forvatec.com\/fr\/wp-json\/wp\/v2\/media?parent=4205"}],"curies":[{"name":"wp","href":"https:\/\/api.w.org\/{rel}","templated":true}]}}