{"id":4209,"date":"2015-12-28T07:54:30","date_gmt":"2015-12-28T07:54:30","guid":{"rendered":"http:\/\/www.forvatec.com\/fr\/?page_id=4209"},"modified":"2016-01-19T10:41:58","modified_gmt":"2016-01-19T10:41:58","slug":"ce-qui-nous-definit","status":"publish","type":"page","link":"https:\/\/www.forvatec.com\/fr\/a-propos-de-forvatec\/ce-qui-nous-definit\/","title":{"rendered":"Ce qui nous d\u00e9finit"},"content":{"rendered":"<div class=\"flex_column av_one_third  flex_column_div av-zero-column-padding first  avia-builder-el-0  el_before_av_one_third  avia-builder-el-first  \" style='border-radius:0px; '><div  class='avia-image-container  av-styling- av-hover-grow   avia-builder-el-1  avia-builder-el-no-sibling  avia-align-center '  itemprop=\"image\" itemscope=\"itemscope\" itemtype=\"https:\/\/schema.org\/ImageObject\"  ><div class='avia-image-container-inner'><div class='avia-image-overlay-wrap'><img decoding=\"async\" class='wp-image-4051 avia-img-lazy-loading-not-4051 avia_image' src=\"https:\/\/www.forvatec.com\/wp-content\/uploads\/2015\/10\/formadores_410x270_03-300x198.png\" alt='' title='' height=\"198\" width=\"300\"  itemprop=\"thumbnailUrl\" srcset=\"https:\/\/www.forvatec.com\/wp-content\/uploads\/2015\/10\/formadores_410x270_03-300x198.png 300w, https:\/\/www.forvatec.com\/wp-content\/uploads\/2015\/10\/formadores_410x270_03.png 410w\" sizes=\"(max-width: 300px) 100vw, 300px\" \/><\/div><\/div><\/div><\/div>\n<div class=\"flex_column av_one_third  flex_column_div av-zero-column-padding   avia-builder-el-2  el_after_av_one_third  el_before_av_one_third  \" style='border-radius:0px; '><div  class='avia-image-container  av-styling- av-hover-grow   avia-builder-el-3  avia-builder-el-no-sibling  avia-align-center '  itemprop=\"image\" itemscope=\"itemscope\" itemtype=\"https:\/\/schema.org\/ImageObject\"  ><div class='avia-image-container-inner'><div class='avia-image-overlay-wrap'><img decoding=\"async\" class='wp-image-4052 avia-img-lazy-loading-not-4052 avia_image' src=\"https:\/\/www.forvatec.com\/wp-content\/uploads\/2015\/10\/formadores_410x270_01-300x198.png\" alt='' title='' height=\"198\" width=\"300\"  itemprop=\"thumbnailUrl\" srcset=\"https:\/\/www.forvatec.com\/wp-content\/uploads\/2015\/10\/formadores_410x270_01-300x198.png 300w, https:\/\/www.forvatec.com\/wp-content\/uploads\/2015\/10\/formadores_410x270_01.png 410w\" sizes=\"(max-width: 300px) 100vw, 300px\" \/><\/div><\/div><\/div><\/div>\n<div class=\"flex_column av_one_third  flex_column_div av-zero-column-padding   avia-builder-el-4  el_after_av_one_third  el_before_av_one_full  \" style='border-radius:0px; '><div  class='avia-image-container  av-styling- av-hover-grow   avia-builder-el-5  avia-builder-el-no-sibling  avia-align-center '  itemprop=\"image\" itemscope=\"itemscope\" itemtype=\"https:\/\/schema.org\/ImageObject\"  ><div class='avia-image-container-inner'><div class='avia-image-overlay-wrap'><img decoding=\"async\" class='wp-image-4053 avia-img-lazy-loading-not-4053 avia_image' src=\"https:\/\/www.forvatec.com\/wp-content\/uploads\/2015\/10\/formadores_410x270_02-300x198.png\" alt='' title='' height=\"198\" width=\"300\"  itemprop=\"thumbnailUrl\" srcset=\"https:\/\/www.forvatec.com\/wp-content\/uploads\/2015\/10\/formadores_410x270_02-300x198.png 300w, https:\/\/www.forvatec.com\/wp-content\/uploads\/2015\/10\/formadores_410x270_02.png 410w\" sizes=\"(max-width: 300px) 100vw, 300px\" \/><\/div><\/div><\/div><\/div>\n<div class=\"flex_column av_one_full  flex_column_div av-zero-column-padding first  avia-builder-el-6  el_after_av_one_third  avia-builder-el-last  column-top-margin\" style='border-radius:0px; '><p><div  style='padding-bottom:10px; ' class='av-special-heading av-special-heading-h3    avia-builder-el-7  el_before_av_iconlist  avia-builder-el-first  '><h3 class='av-special-heading-tag '  itemprop=\"headline\"  >Nos valeurs<\/h3><div class='special-heading-border'><div class='special-heading-inner-border' ><\/div><\/div><\/div><br \/>\n<div  class='avia-icon-list-container   avia-builder-el-8  el_after_av_heading  avia-builder-el-last '><ul class='avia-icon-list avia-icon-list-left av-iconlist-big avia_animate_when_almost_visible avia-iconlist-animate'>\n<li><div  style='background-color:#ff6200; border:1px solid #adadad; ' class='iconlist_icon  avia-font-entypo-fontello'><span class='iconlist-char ' aria-hidden='true' data-av_icon='\ue80c' data-av_iconfont='entypo-fontello'><\/span><\/div><article class=\"article-icon-entry \"  itemscope=\"itemscope\" itemtype=\"https:\/\/schema.org\/CreativeWork\" ><div class='iconlist_content_wrap'><header class=\"entry-content-header\"><h4 class='av_iconlist_title iconlist_title   '  itemprop=\"headline\"  >Vous \u00eates unique<\/h4><\/header><div class='iconlist_content  '  itemprop=\"text\"  ><p style=\"text-align: justify;\"><strong>Chaque client est unique<\/strong>, c&rsquo;est la raison pour laquelle\u00a0nous r\u00e9alisons <strong>chaque formation sur mesure.<\/strong><\/p>\n<\/div><\/div><footer class=\"entry-footer\"><\/footer><\/article><div class='iconlist-timeline'><\/div><\/li>\n<li><div  style='background-color:#ff6200; border:1px solid #adadad; ' class='iconlist_icon  avia-font-entypo-fontello'><span class='iconlist-char ' aria-hidden='true' data-av_icon='\ue84d' data-av_iconfont='entypo-fontello'><\/span><\/div><article class=\"article-icon-entry \"  itemscope=\"itemscope\" itemtype=\"https:\/\/schema.org\/CreativeWork\" ><div class='iconlist_content_wrap'><header class=\"entry-content-header\"><h4 class='av_iconlist_title iconlist_title   '  itemprop=\"headline\"  >La m\u00e9thodologie la plus ad\u00e9quate<\/h4><\/header><div class='iconlist_content  '  itemprop=\"text\"  ><p style=\"text-align: justify;\">Nous recherchons <strong>la m\u00e9thodologie la plus adapt\u00e9e<\/strong> pour chaque cours, en alternant <strong>contenu th\u00e9orique et\u00a0pratique.<\/strong><\/p>\n<\/div><\/div><footer class=\"entry-footer\"><\/footer><\/article><div class='iconlist-timeline'><\/div><\/li>\n<li><div  style='background-color:#ff6200; border:1px solid #adadad; ' class='iconlist_icon  avia-font-entypo-fontello'><span class='iconlist-char ' aria-hidden='true' data-av_icon='\ue821' data-av_iconfont='entypo-fontello'><\/span><\/div><article class=\"article-icon-entry \"  itemscope=\"itemscope\" itemtype=\"https:\/\/schema.org\/CreativeWork\" ><div class='iconlist_content_wrap'><header class=\"entry-content-header\"><h4 class='av_iconlist_title iconlist_title   '  itemprop=\"headline\"  >Dans vos installations<\/h4><\/header><div class='iconlist_content  '  itemprop=\"text\"  ><p style=\"text-align: justify;\">Nous donnons la <strong>formation sur site (en client\u00e8le)<\/strong> pour faciliter le processus\u00a0\u00e9ducatif.<\/p>\n<\/div><\/div><footer class=\"entry-footer\"><\/footer><\/article><div class='iconlist-timeline'><\/div><\/li>\n<li><div  style='background-color:#ff6200; border:1px solid #adadad; ' class='iconlist_icon  avia-font-entypo-fontello'><span class='iconlist-char ' aria-hidden='true' data-av_icon='\ue839' data-av_iconfont='entypo-fontello'><\/span><\/div><article class=\"article-icon-entry \"  itemscope=\"itemscope\" itemtype=\"https:\/\/schema.org\/CreativeWork\" ><div class='iconlist_content_wrap'><header class=\"entry-content-header\"><h4 class='av_iconlist_title iconlist_title   '  itemprop=\"headline\"  >Dans un renouvellement constant<\/h4><\/header><div class='iconlist_content  '  itemprop=\"text\"  ><p style=\"text-align: justify;\">Chez <strong>FORVATEC, <\/strong>nous sommes \u00e0 l&rsquo;aff\u00fbt des<strong> derni\u00e8res nouveaut\u00e9s\u00a0du secteur Automobile<\/strong> afin de vous offrir une <strong>formation actualis\u00e9e<\/strong>. <strong>Notre \u00e9quipe<\/strong> se met \u00e9galement \u00e0 jour <strong>r\u00e9guli\u00e8rement<\/strong>.<\/p>\n<\/div><\/div><footer class=\"entry-footer\"><\/footer><\/article><div class='iconlist-timeline'><\/div><\/li>\n<li><div  style='background-color:#ff6200; border:1px solid #adadad; ' class='iconlist_icon  avia-font-entypo-fontello'><span class='iconlist-char ' aria-hidden='true' data-av_icon='\ue80b' data-av_iconfont='entypo-fontello'><\/span><\/div><article class=\"article-icon-entry \"  itemscope=\"itemscope\" itemtype=\"https:\/\/schema.org\/CreativeWork\" ><div class='iconlist_content_wrap'><header class=\"entry-content-header\"><h4 class='av_iconlist_title iconlist_title   '  itemprop=\"headline\"  >Un engagement avec vous<\/h4><\/header><div class='iconlist_content  '  itemprop=\"text\"  ><p style=\"text-align: justify;\">Nous nous <strong>engageons avec notre\u00a0client<\/strong> afin de lui fournir un service le plus clair et le plus simple possible, et en cherchant constamment \u00e0 maintenir des\u00a0<strong>relations p\u00e9rennes et\u00a0des liens stables.<\/strong><\/p>\n<\/div><\/div><footer class=\"entry-footer\"><\/footer><\/article><div class='iconlist-timeline'><\/div><\/li>\n<li><div  style='background-color:#ff6200; border:1px solid #adadad; ' class='iconlist_icon  avia-font-entypo-fontello'><span class='iconlist-char ' aria-hidden='true' data-av_icon='\ue8b1' data-av_iconfont='entypo-fontello'><\/span><\/div><article class=\"article-icon-entry \"  itemscope=\"itemscope\" itemtype=\"https:\/\/schema.org\/CreativeWork\" ><div class='iconlist_content_wrap'><header class=\"entry-content-header\"><h4 class='av_iconlist_title iconlist_title   '  itemprop=\"headline\"  >Environnement international<\/h4><\/header><div class='iconlist_content  '  itemprop=\"text\"  ><p style=\"text-align: justify;\">Nous travaillons dans <strong>n&rsquo;importe quel environnement<\/strong> et en trois langues:<strong> Fran\u00e7ais, Anglais et Espagnol.<\/strong><\/p>\n<\/div><\/div><footer class=\"entry-footer\"><\/footer><\/article><div class='iconlist-timeline'><\/div><\/li>\n<\/ul><\/div><\/p><\/div>\n","protected":false},"excerpt":{"rendered":"","protected":false},"author":1,"featured_media":0,"parent":4211,"menu_order":2,"comment_status":"closed","ping_status":"closed","template":"","meta":{"footnotes":""},"aioseo_notices":[],"_links":{"self":[{"href":"https:\/\/www.forvatec.com\/fr\/wp-json\/wp\/v2\/pages\/4209"}],"collection":[{"href":"https:\/\/www.forvatec.com\/fr\/wp-json\/wp\/v2\/pages"}],"about":[{"href":"https:\/\/www.forvatec.com\/fr\/wp-json\/wp\/v2\/types\/page"}],"author":[{"embeddable":true,"href":"https:\/\/www.forvatec.com\/fr\/wp-json\/wp\/v2\/users\/1"}],"replies":[{"embeddable":true,"href":"https:\/\/www.forvatec.com\/fr\/wp-json\/wp\/v2\/comments?post=4209"}],"version-history":[{"count":10,"href":"https:\/\/www.forvatec.com\/fr\/wp-json\/wp\/v2\/pages\/4209\/revisions"}],"predecessor-version":[{"id":5104,"href":"https:\/\/www.forvatec.com\/fr\/wp-json\/wp\/v2\/pages\/4209\/revisions\/5104"}],"up":[{"embeddable":true,"href":"https:\/\/www.forvatec.com\/fr\/wp-json\/wp\/v2\/pages\/4211"}],"wp:attachment":[{"href":"https:\/\/www.forvatec.com\/fr\/wp-json\/wp\/v2\/media?parent=4209"}],"curies":[{"name":"wp","href":"https:\/\/api.w.org\/{rel}","templated":true}]}}