{"id":4242,"date":"2015-11-19T14:11:14","date_gmt":"2015-11-19T14:11:14","guid":{"rendered":"http:\/\/www.forvatec.com\/fr\/?page_id=4242"},"modified":"2024-06-22T08:26:51","modified_gmt":"2024-06-22T08:26:51","slug":"techniques-de-base","status":"publish","type":"page","link":"https:\/\/www.forvatec.com\/fr\/formations\/techniques-de-base\/","title":{"rendered":"Techniques de base"},"content":{"rendered":"<div id='layer_slider_1'  class='avia-layerslider main_color avia-shadow  avia-builder-el-0  el_before_av_one_full  avia-builder-el-first  container_wrap sidebar_right' style='  height: 201px;' ><\/div><div id='after_layer_slider_1'  class='main_color av_default_container_wrap container_wrap sidebar_right' style=' '  ><div class='container' ><div class='template-page content  av-content-small alpha units'><div class='post-entry post-entry-type-page post-entry-4242'><div class='entry-content-wrapper clearfix'>\n<div class=\"flex_column av_one_full  flex_column_div av-zero-column-padding first  avia-builder-el-1  el_after_av_layerslider  el_before_av_contact  avia-builder-el-first  \" style='border-radius:0px; '><section class=\"av_textblock_section \"  itemscope=\"itemscope\" itemtype=\"https:\/\/schema.org\/CreativeWork\" ><div class='avia_textblock  '   itemprop=\"text\" ><p>Conscient de<strong> l&rsquo;importance de l&rsquo;enseignement des fondamentaux,<\/strong> <strong>FORVATEC<\/strong> dispose de <strong>cours sur les Techniques de Base <\/strong>des syst\u00e8mes suivants :<\/p>\n<ul>\n<li><strong>Moteurs thermiques<\/strong> (essence et\u00a0diesel)<\/li>\n<li><strong>Post-traitement <\/strong>(essence et\u00a0diesel)<\/li>\n<li><strong>Electricit\u00e9, capteurs et\u00a0actionneurs<\/strong><\/li>\n<li><strong>R\u00e9seaux multiplex\u00e9s<\/strong><\/li>\n<li><strong>Syst\u00e8mes de freinage<\/strong><\/li>\n<li><strong>G\u00e9om\u00e9trie et suspension<\/strong><\/li>\n<li><strong>Bo\u00eetes de vitesses<\/strong><\/li>\n<li><strong>Climatisation, etc.<\/strong><\/li>\n<\/ul>\n<\/div><\/section><\/div><form action=\"https:\/\/www.forvatec.com\/fr\/formations\/techniques-de-base\/\" method=\"post\"  class=\"avia_ajax_form av-form-labels-visible   avia-builder-el-3  el_after_av_one_full  avia-builder-el-last   \" data-avia-form-id=\"1\" data-avia-redirect='' ><h3 class=''>Vous souhaitez \u00eatre contact\u00e9 pour un compl\u00e9ment d\u2019information?<\/h3><fieldset><p class='  first_form  form_element form_element_third' id='element_avia_1_1'><label for=\"avia_1_1\">Nom <abbr class=\"required\" title=\"requis(e)\">*<\/abbr><\/label> <input name=\"avia_1_1\" class=\"text_input is_empty\" type=\"text\" id=\"avia_1_1\" value=\"\" \/><\/p><p class='  form_element form_element_third' id='element_avia_2_1'><label for=\"avia_2_1\">Courrier \u00e9lectronique <abbr class=\"required\" title=\"requis(e)\">*<\/abbr><\/label> <input name=\"avia_2_1\" class=\"text_input is_email\" type=\"text\" id=\"avia_2_1\" value=\"\" \/><\/p><p class='  form_element form_element_third av-last-visible-form-element' id='element_avia_3_1'><label for=\"avia_3_1\">T\u00e9l\u00e9phone<\/label> <input name=\"avia_3_1\" class=\"text_input \" type=\"text\" id=\"avia_3_1\" value=\"\" \/><\/p><p class=\"hidden\"><input type=\"text\" name=\"avia_4_1\" class=\"hidden \" id=\"avia_4_1\" value=\"\" \/><\/p><p class=\"form_element \"><input type=\"hidden\" value=\"1\" name=\"avia_generated_form1\" \/><input type=\"submit\" value=\"Envoyer\" class=\"button\"  data-sending-label=\"Envoi\"\/><\/p><\/fieldset><\/form><div id=\"ajaxresponse_1\" class=\"ajaxresponse ajaxresponse_1 hidden\"><\/div><\/p>\n","protected":false},"excerpt":{"rendered":"","protected":false},"author":1,"featured_media":0,"parent":4223,"menu_order":1,"comment_status":"closed","ping_status":"closed","template":"","meta":{"footnotes":""},"aioseo_notices":[],"_links":{"self":[{"href":"https:\/\/www.forvatec.com\/fr\/wp-json\/wp\/v2\/pages\/4242"}],"collection":[{"href":"https:\/\/www.forvatec.com\/fr\/wp-json\/wp\/v2\/pages"}],"about":[{"href":"https:\/\/www.forvatec.com\/fr\/wp-json\/wp\/v2\/types\/page"}],"author":[{"embeddable":true,"href":"https:\/\/www.forvatec.com\/fr\/wp-json\/wp\/v2\/users\/1"}],"replies":[{"embeddable":true,"href":"https:\/\/www.forvatec.com\/fr\/wp-json\/wp\/v2\/comments?post=4242"}],"version-history":[{"count":13,"href":"https:\/\/www.forvatec.com\/fr\/wp-json\/wp\/v2\/pages\/4242\/revisions"}],"predecessor-version":[{"id":8055,"href":"https:\/\/www.forvatec.com\/fr\/wp-json\/wp\/v2\/pages\/4242\/revisions\/8055"}],"up":[{"embeddable":true,"href":"https:\/\/www.forvatec.com\/fr\/wp-json\/wp\/v2\/pages\/4223"}],"wp:attachment":[{"href":"https:\/\/www.forvatec.com\/fr\/wp-json\/wp\/v2\/media?parent=4242"}],"curies":[{"name":"wp","href":"https:\/\/api.w.org\/{rel}","templated":true}]}}