{"id":4246,"date":"2015-11-19T14:16:55","date_gmt":"2015-11-19T14:16:55","guid":{"rendered":"http:\/\/www.forvatec.com\/fr\/?page_id=4246"},"modified":"2025-06-16T06:14:30","modified_gmt":"2025-06-16T06:14:30","slug":"vehicules-legers","status":"publish","type":"page","link":"https:\/\/www.forvatec.com\/fr\/formations\/vehicules-legers\/","title":{"rendered":"V\u00e9hicules L\u00e9gers"},"content":{"rendered":"<div id='layer_slider_1'  class='avia-layerslider main_color avia-shadow  avia-builder-el-0  el_before_av_one_full  avia-builder-el-first  container_wrap sidebar_right' style='  height: 201px;' ><\/div><div id='after_layer_slider_1'  class='main_color av_default_container_wrap container_wrap sidebar_right' style=' '  ><div class='container' ><div class='template-page content  av-content-small alpha units'><div class='post-entry post-entry-type-page post-entry-4246'><div class='entry-content-wrapper clearfix'>\n<div class=\"flex_column av_one_full  flex_column_div av-zero-column-padding first  avia-builder-el-1  el_after_av_layerslider  avia-builder-el-no-sibling  \" style='border-radius:0px; '><p><div  class=\"tabcontainer   top_tab   avia-builder-el-2  el_before_av_contact  avia-builder-el-first \" role=\"tablist\">\n\n<section class=\"av_tab_section\"  itemscope=\"itemscope\" itemtype=\"https:\/\/schema.org\/CreativeWork\" ><div aria-controls=\"tab-id-1-content\" role=\"tab\" tabindex=\"0\" data-fake-id=\"#tab-id-1\" class=\"tab active_tab\"  itemprop=\"headline\" >Constructeurs<\/div>\n<div id=\"tab-id-1-content\" class=\"tab_content active_tab_content\" aria-hidden=\"false\">\n<div class=\"tab_inner_content invers-color\"  itemprop=\"text\" >\n<p><b>FORVATEC<\/b> travaille en partenariat avec les <b>principaux constructeurs du secteur automobile<\/b> pour\u00a0concevoir et animer des formations sur\u00a0le<strong> <b>diagnostic des v\u00e9hicules l\u00e9gers (VP et VU).<\/b><\/strong><\/p>\n<p>Les formations abordent les aspects suivants :<\/p>\n<ul>\n<li><b>Moteurs :<\/b> essence, diesel, GNV, \u00e9lectriques et hybrides.<\/li>\n<li><b>Syst\u00e8mes d&rsquo;injection :<\/b> Common Rail, Injection Directe Essence, etc.<\/li>\n<li><strong><b>Syst\u00e8mes de post-traitement des gaz d&rsquo;\u00e9chappement.<\/b><\/strong><\/li>\n<li><strong><b>Electricit\u00e9,\u00a0r\u00e9seaux multiplex\u00e9s.<\/b><\/strong><\/li>\n<li><strong><b>Syst\u00e8mes Stop &amp; Start.<\/b><\/strong><\/li>\n<li><b>Climatisation<\/b> (maintenance et\u00a0diagnostic).<\/li>\n<li><b>Documentation technique <\/b>et<strong> <b>lecture de sch\u00e9mas.<\/b><\/strong><\/li>\n<li>Formations <b>nouveaux produits\/v\u00e9hicules.<\/b><\/li>\n<li><b>Diagnostic de pannes<\/b>.<\/li>\n<\/ul>\n<p>Nous sommes sp\u00e9cialis\u00e9s dans la manipulation des outils de diagnostic des marques suivantes :<\/p>\n<table>\n<tbody>\n<tr valign=\"middle\">\n<td width=\"192\"><strong><b>Constructeurs<\/b><\/strong><\/td>\n<td width=\"192\"><strong><b>Outil de diagnostic<\/b><\/strong><\/td>\n<\/tr>\n<tr valign=\"middle\">\n<td width=\"192\"><img loading=\"lazy\" decoding=\"async\" class=\"aligncenter wp-image-6202 size-medium\" src=\"http:\/\/www.forvatec.com\/wp-content\/uploads\/2019\/08\/logo_grupo_vw_02_400_200-300x150.jpg\" alt=\"\" width=\"150\" height=\"75\" srcset=\"https:\/\/www.forvatec.com\/wp-content\/uploads\/2019\/08\/logo_grupo_vw_02_400_200-300x150.jpg 300w, https:\/\/www.forvatec.com\/wp-content\/uploads\/2019\/08\/logo_grupo_vw_02_400_200-768x384.jpg 768w, https:\/\/www.forvatec.com\/wp-content\/uploads\/2019\/08\/logo_grupo_vw_02_400_200-705x353.jpg 705w, https:\/\/www.forvatec.com\/wp-content\/uploads\/2019\/08\/logo_grupo_vw_02_400_200-450x225.jpg 450w, https:\/\/www.forvatec.com\/wp-content\/uploads\/2019\/08\/logo_grupo_vw_02_400_200.jpg 800w\" sizes=\"(max-width: 150px) 100vw, 150px\" \/><\/td>\n<td style=\"text-align: center; vertical-align: middle;\" width=\"192\">VAS 5051B, ODIS<\/td>\n<\/tr>\n<tr valign=\"middle\">\n<td valign=\"middle\" width=\"192\"><img loading=\"lazy\" decoding=\"async\" class=\"size-medium wp-image-6088 aligncenter\" src=\"http:\/\/www.forvatec.com\/wp-content\/uploads\/2019\/08\/logo_nissan_400_200-300x150.jpg\" alt=\"\" width=\"150\" height=\"75\" srcset=\"https:\/\/www.forvatec.com\/wp-content\/uploads\/2019\/08\/logo_nissan_400_200-300x150.jpg 300w, https:\/\/www.forvatec.com\/wp-content\/uploads\/2019\/08\/logo_nissan_400_200.jpg 400w\" sizes=\"(max-width: 150px) 100vw, 150px\" \/><\/td>\n<td style=\"text-align: center; vertical-align: middle;\" width=\"192\">Consult-III<\/td>\n<\/tr>\n<tr>\n<td style=\"text-align: center; vertical-align: middle;\" width=\"192\">\n<p style=\"text-align: center;\"><img loading=\"lazy\" decoding=\"async\" class=\"aligncenter wp-image-6201 size-medium\" src=\"http:\/\/www.forvatec.com\/wp-content\/uploads\/2019\/08\/logo_grupo_psa_2_400_200-300x150.jpg\" alt=\"\" width=\"150\" height=\"75\" srcset=\"https:\/\/www.forvatec.com\/wp-content\/uploads\/2019\/08\/logo_grupo_psa_2_400_200-300x150.jpg 300w, https:\/\/www.forvatec.com\/wp-content\/uploads\/2019\/08\/logo_grupo_psa_2_400_200-768x384.jpg 768w, https:\/\/www.forvatec.com\/wp-content\/uploads\/2019\/08\/logo_grupo_psa_2_400_200-705x353.jpg 705w, https:\/\/www.forvatec.com\/wp-content\/uploads\/2019\/08\/logo_grupo_psa_2_400_200-450x225.jpg 450w, https:\/\/www.forvatec.com\/wp-content\/uploads\/2019\/08\/logo_grupo_psa_2_400_200.jpg 800w\" sizes=\"(max-width: 150px) 100vw, 150px\" \/><\/p>\n<\/td>\n<td style=\"text-align: center; vertical-align: middle;\" width=\"192\">Lexia, Proxia, PPS, Diagbox<\/td>\n<\/tr>\n<tr>\n<td style=\"text-align: center; vertical-align: middle;\" width=\"192\"><img loading=\"lazy\" decoding=\"async\" class=\"size-medium wp-image-6089 aligncenter\" src=\"http:\/\/www.forvatec.com\/wp-content\/uploads\/2019\/08\/logo_renault_400_200-300x150.jpg\" alt=\"\" width=\"150\" height=\"75\" srcset=\"https:\/\/www.forvatec.com\/wp-content\/uploads\/2019\/08\/logo_renault_400_200-300x150.jpg 300w, https:\/\/www.forvatec.com\/wp-content\/uploads\/2019\/08\/logo_renault_400_200.jpg 400w\" sizes=\"(max-width: 150px) 100vw, 150px\" \/><\/td>\n<td style=\"text-align: center; vertical-align: middle;\" width=\"192\">Clip<\/td>\n<\/tr>\n<tr>\n<td style=\"text-align: center; vertical-align: middle;\" width=\"192\"><img loading=\"lazy\" decoding=\"async\" class=\"size-medium wp-image-6087 aligncenter\" src=\"http:\/\/www.forvatec.com\/wp-content\/uploads\/2019\/08\/logo_kia_400_200-300x150.jpg\" alt=\"\" width=\"150\" height=\"75\" srcset=\"https:\/\/www.forvatec.com\/wp-content\/uploads\/2019\/08\/logo_kia_400_200-300x150.jpg 300w, https:\/\/www.forvatec.com\/wp-content\/uploads\/2019\/08\/logo_kia_400_200.jpg 400w\" sizes=\"(max-width: 150px) 100vw, 150px\" \/><\/td>\n<td style=\"text-align: center; vertical-align: middle;\" width=\"192\">KDS<\/td>\n<\/tr>\n<\/tbody>\n<\/table>\n\n<\/div>\n<\/div>\n<\/section>\n\n<section class=\"av_tab_section\"  itemscope=\"itemscope\" itemtype=\"https:\/\/schema.org\/CreativeWork\" ><div aria-controls=\"tab-id-2-content\" role=\"tab\" tabindex=\"0\" data-fake-id=\"#tab-id-2\" class=\"tab \"  itemprop=\"headline\" >Multimarques<\/div>\n<div id=\"tab-id-2-content\" class=\"tab_content \" aria-hidden=\"true\">\n<div class=\"tab_inner_content invers-color\"  itemprop=\"text\" >\n<p><b>FORVATEC<\/b> anime des formations pour les\u00a0<b>distributeurs et garages multimarques<\/b>. Les formations abordent les\u00a0aspects suivants :<\/p>\n<ul>\n<li style=\"list-style-type: none;\">\n<ul>\n<li style=\"list-style-type: none;\">\n<ul>\n<li><b>Moteurs :<\/b> essence, diesel, GNV, \u00e9lectriques et hybrides.<\/li>\n<li><b>Syst\u00e8mes d&rsquo;injection<\/b> (Common Rail, injection directe essence, etc.).<\/li>\n<li><strong><b>Syst\u00e8mes de post-traitement des gaz d&rsquo;\u00e9chappement.<\/b><\/strong><\/li>\n<li><strong><b>Electricit\u00e9,\u00a0r\u00e9seaux multiplex\u00e9s.<\/b><\/strong><\/li>\n<li><strong><b>Syst\u00e8mes Stop &amp; Start.<\/b><\/strong><\/li>\n<li><strong><b>M\u00e9thodologie de recherche de pannes.<\/b><\/strong><\/li>\n<li><strong><b>G\u00e9om\u00e9trie, Suspension et freinage.<\/b><\/strong><\/li>\n<li><b>Climatisation<\/b> (maintenance et\u00a0diagnostic).<\/li>\n<li><b>VE-VH<\/b> (technologies VE-VH et habilitations \u00e9lectriques).<\/li>\n<li><strong><b>ADAS<\/b><\/strong><\/li>\n<\/ul>\n<\/li>\n<\/ul>\n<p>Nous disposons de toute\u00a0la documentation technique multimarque n\u00e9cessaire.<\/p>\n<p>Nous sommes \u00e9galement sp\u00e9cialis\u00e9s dans la manipulation des outils\u00a0de diagnostic multimarques suivants :<\/p>\n<table>\n<tbody>\n<tr>\n<td width=\"192\"><strong><b>Fabricant<\/b><\/strong><\/td>\n<td width=\"192\"><strong><b>Outil de diagnostic<\/b><\/strong><\/td>\n<\/tr>\n<tr>\n<td width=\"192\"><img loading=\"lazy\" decoding=\"async\" class=\"size-medium wp-image-6092 aligncenter\" src=\"http:\/\/www.forvatec.com\/wp-content\/uploads\/2019\/08\/logo_actia_400_200-300x150.jpg\" alt=\"\" width=\"150\" height=\"75\" srcset=\"https:\/\/www.forvatec.com\/wp-content\/uploads\/2019\/08\/logo_actia_400_200-300x150.jpg 300w, https:\/\/www.forvatec.com\/wp-content\/uploads\/2019\/08\/logo_actia_400_200.jpg 400w\" sizes=\"(max-width: 150px) 100vw, 150px\" \/><\/td>\n<td style=\"text-align: center; vertical-align: middle;\" width=\"192\">Multi-Diag<\/td>\n<\/tr>\n<tr>\n<td width=\"192\"><img loading=\"lazy\" decoding=\"async\" class=\"size-medium wp-image-6092 aligncenter\" src=\"https:\/\/www.forvatec.com\/wp-content\/uploads\/2025\/06\/logo-Autel.jpg\" alt=\"\" width=\"150\" height=\"75\" \/><\/td>\n<td style=\"text-align: center; vertical-align: middle;\" width=\"192\">MaxiSYS<\/td>\n<\/tr>\n<tr>\n<td width=\"192\"><img loading=\"lazy\" decoding=\"async\" class=\"size-medium wp-image-6093 aligncenter\" src=\"http:\/\/www.forvatec.com\/wp-content\/uploads\/2019\/08\/logo_bosch_400_200-300x150.jpg\" alt=\"\" width=\"150\" height=\"75\" srcset=\"https:\/\/www.forvatec.com\/wp-content\/uploads\/2019\/08\/logo_bosch_400_200-300x150.jpg 300w, https:\/\/www.forvatec.com\/wp-content\/uploads\/2019\/08\/logo_bosch_400_200.jpg 400w\" sizes=\"(max-width: 150px) 100vw, 150px\" \/><\/td>\n<td style=\"text-align: center; vertical-align: middle;\" width=\"192\">KTS (Series 5xx \/ 6xx \/ 8xx \/ 9xx) + Esi Tronic<\/td>\n<\/tr>\n<tr>\n<td width=\"192\"><img loading=\"lazy\" decoding=\"async\" class=\"size-medium wp-image-6094 aligncenter\" src=\"http:\/\/www.forvatec.com\/wp-content\/uploads\/2019\/08\/logo_delphi_400_200-300x150.jpg\" alt=\"\" width=\"150\" height=\"75\" srcset=\"https:\/\/www.forvatec.com\/wp-content\/uploads\/2019\/08\/logo_delphi_400_200-300x150.jpg 300w, https:\/\/www.forvatec.com\/wp-content\/uploads\/2019\/08\/logo_delphi_400_200.jpg 400w\" sizes=\"(max-width: 150px) 100vw, 150px\" \/><\/td>\n<td style=\"text-align: center; vertical-align: middle;\" width=\"192\">Series DSxxx<\/td>\n<\/tr>\n<tr>\n<td width=\"192\"><img loading=\"lazy\" decoding=\"async\" class=\"size-medium wp-image-6091 aligncenter\" src=\"http:\/\/www.forvatec.com\/wp-content\/uploads\/2019\/08\/logo_wurth_400_200-300x150.jpg\" alt=\"\" width=\"150\" height=\"75\" srcset=\"https:\/\/www.forvatec.com\/wp-content\/uploads\/2019\/08\/logo_wurth_400_200-300x150.jpg 300w, https:\/\/www.forvatec.com\/wp-content\/uploads\/2019\/08\/logo_wurth_400_200.jpg 400w\" sizes=\"(max-width: 150px) 100vw, 150px\" \/><\/td>\n<td style=\"text-align: center; vertical-align: middle;\" width=\"192\">Wow \/ Snooper +<\/td>\n<\/tr>\n<tr>\n<td width=\"192\"><img loading=\"lazy\" decoding=\"async\" class=\"size-medium wp-image-6090 aligncenter\" src=\"http:\/\/www.forvatec.com\/wp-content\/uploads\/2019\/08\/logo_texa_400_200-300x150.jpg\" alt=\"\" width=\"150\" height=\"75\" srcset=\"https:\/\/www.forvatec.com\/wp-content\/uploads\/2019\/08\/logo_texa_400_200-300x150.jpg 300w, https:\/\/www.forvatec.com\/wp-content\/uploads\/2019\/08\/logo_texa_400_200.jpg 400w\" sizes=\"(max-width: 150px) 100vw, 150px\" \/><\/td>\n<td style=\"text-align: center; vertical-align: middle;\" width=\"192\">IDC5<\/td>\n<\/tr>\n<\/tbody>\n<\/table>\n<\/li>\n<\/ul>\n\n<\/div>\n<\/div>\n<\/section>\n\n<\/div>\n<br \/>\n<form action=\"https:\/\/www.forvatec.com\/fr\/formations\/vehicules-legers\/\" method=\"post\"  class=\"avia_ajax_form av-form-labels-visible   avia-builder-el-3  el_after_av_tab_container  avia-builder-el-last   \" data-avia-form-id=\"1\" data-avia-redirect='' ><h3 class=''>Vous souhaitez \u00eatre contact\u00e9 pour un compl\u00e9ment d\u2019information?<\/h3><fieldset><p class='  first_form  form_element form_element_third' id='element_avia_1_1'><label for=\"avia_1_1\">Nom <abbr class=\"required\" title=\"requis(e)\">*<\/abbr><\/label> <input name=\"avia_1_1\" class=\"text_input is_empty\" type=\"text\" id=\"avia_1_1\" value=\"\" \/><\/p><p class='  form_element form_element_third' id='element_avia_2_1'><label for=\"avia_2_1\">Courrier \u00e9lectronique <abbr class=\"required\" title=\"requis(e)\">*<\/abbr><\/label> <input name=\"avia_2_1\" class=\"text_input is_email\" type=\"text\" id=\"avia_2_1\" value=\"\" \/><\/p><p class='  form_element form_element_third av-last-visible-form-element' id='element_avia_3_1'><label for=\"avia_3_1\">T\u00e9l\u00e9phone<\/label> <input name=\"avia_3_1\" class=\"text_input \" type=\"text\" id=\"avia_3_1\" value=\"\" \/><\/p><p class=\"hidden\"><input type=\"text\" name=\"avia_4_1\" class=\"hidden \" id=\"avia_4_1\" value=\"\" \/><\/p><p class=\"form_element \"><input type=\"hidden\" value=\"1\" name=\"avia_generated_form1\" \/><input type=\"submit\" value=\"Envoyer\" class=\"button\"  data-sending-label=\"Envoi\"\/><\/p><\/fieldset><\/form><div id=\"ajaxresponse_1\" class=\"ajaxresponse ajaxresponse_1 hidden\"><\/div><\/p><\/div>\n","protected":false},"excerpt":{"rendered":"","protected":false},"author":1,"featured_media":0,"parent":4223,"menu_order":2,"comment_status":"closed","ping_status":"closed","template":"","meta":{"footnotes":""},"aioseo_notices":[],"_links":{"self":[{"href":"https:\/\/www.forvatec.com\/fr\/wp-json\/wp\/v2\/pages\/4246"}],"collection":[{"href":"https:\/\/www.forvatec.com\/fr\/wp-json\/wp\/v2\/pages"}],"about":[{"href":"https:\/\/www.forvatec.com\/fr\/wp-json\/wp\/v2\/types\/page"}],"author":[{"embeddable":true,"href":"https:\/\/www.forvatec.com\/fr\/wp-json\/wp\/v2\/users\/1"}],"replies":[{"embeddable":true,"href":"https:\/\/www.forvatec.com\/fr\/wp-json\/wp\/v2\/comments?post=4246"}],"version-history":[{"count":40,"href":"https:\/\/www.forvatec.com\/fr\/wp-json\/wp\/v2\/pages\/4246\/revisions"}],"predecessor-version":[{"id":8566,"href":"https:\/\/www.forvatec.com\/fr\/wp-json\/wp\/v2\/pages\/4246\/revisions\/8566"}],"up":[{"embeddable":true,"href":"https:\/\/www.forvatec.com\/fr\/wp-json\/wp\/v2\/pages\/4223"}],"wp:attachment":[{"href":"https:\/\/www.forvatec.com\/fr\/wp-json\/wp\/v2\/media?parent=4246"}],"curies":[{"name":"wp","href":"https:\/\/api.w.org\/{rel}","templated":true}]}}