{"id":4252,"date":"2015-11-19T14:20:36","date_gmt":"2015-11-19T14:20:36","guid":{"rendered":"http:\/\/www.forvatec.com\/fr\/?page_id=4252"},"modified":"2019-10-17T18:46:28","modified_gmt":"2019-10-17T18:46:28","slug":"poids-lourds","status":"publish","type":"page","link":"https:\/\/www.forvatec.com\/fr\/formations\/poids-lourds\/","title":{"rendered":"Poids Lourds"},"content":{"rendered":"<div id='layer_slider_1'  class='avia-layerslider main_color avia-shadow  avia-builder-el-0  el_before_av_one_full  avia-builder-el-first  container_wrap sidebar_right' style='  height: 201px;' ><\/div><div id='after_layer_slider_1'  class='main_color av_default_container_wrap container_wrap sidebar_right' style=' '  ><div class='container' ><div class='template-page content  av-content-small alpha units'><div class='post-entry post-entry-type-page post-entry-4252'><div class='entry-content-wrapper clearfix'>\n<div class=\"flex_column av_one_full  flex_column_div av-zero-column-padding first  avia-builder-el-1  el_after_av_layerslider  el_before_av_hr  avia-builder-el-first  \" style='border-radius:0px; '><div  class=\"tabcontainer   top_tab   avia-builder-el-2  avia-builder-el-no-sibling \" role=\"tablist\">\n\n<section class=\"av_tab_section\"  itemscope=\"itemscope\" itemtype=\"https:\/\/schema.org\/CreativeWork\" ><div aria-controls=\"tab-id-1-content\" role=\"tab\" tabindex=\"0\" data-fake-id=\"#tab-id-1\" class=\"tab active_tab\"  itemprop=\"headline\" >Contructeurs<\/div>\n<div id=\"tab-id-1-content\" class=\"tab_content active_tab_content\" aria-hidden=\"false\">\n<div class=\"tab_inner_content invers-color\"  itemprop=\"text\" >\n<p style=\"text-align: justify;\"><b>FORVATEC<\/b> anime des\u00a0formations\u00a0<b>Poids Lourds <\/b>et\u00a0travaille en partenariat avec\u00a0les<strong> <b>principaux constructeurs <\/b><\/strong>pour concevoir\u00a0et animer des\u00a0formations en Fran\u00e7ais, Anglais et Espagnol.<\/p>\n<p>Les formations abordent les aspects suivants:<\/p>\n<ul>\n<li>Moteurs : <b>Diesel.<\/b><\/li>\n<li>Moteurs \/ v\u00e9hicules \u00e0 faibles \u00e9missions : <b>GNV, \u00e9lectriques et hybrides<\/b>.<\/li>\n<li><b>Syst\u00e8mes d&rsquo;injection :<\/b> Common Rail.<\/li>\n<li><b>Syst\u00e8mes de post-traitement des gaz d&rsquo;\u00e9chappement<\/b> (norme Euro 6)<strong>.<\/strong><\/li>\n<li><strong><b>Bo\u00eetes de vitesses.<\/b><\/strong><\/li>\n<li><strong><b>Electricit\u00e9, r\u00e9seaux multiplex\u00e9s.<\/b><\/strong><\/li>\n<li><strong><b>Syst\u00e8mes de freinage.<\/b><\/strong><\/li>\n<li><strong><b>Syst\u00e8mes de suspension.<\/b><\/strong><\/li>\n<li><b>Climatisation <\/b>(maintenance et diagnostic)<strong>.<\/strong><\/li>\n<li><b>Documentation technique <\/b>et <b>lecture de sch\u00e9mas.<\/b><\/li>\n<li>Formations <b>nouveaux produits\/v\u00e9hicules.<\/b><\/li>\n<li><strong><b>Diagnostic de pannes.<\/b><\/strong><\/li>\n<\/ul>\n<p>Nous sommes \u00e9galement sp\u00e9cialis\u00e9s dans la manipulation des outils de diagnostic des marques suivantes :<\/p>\n<table>\n<tbody>\n<tr>\n<td width=\"192\"><strong><b>Constructeurs<\/b><\/strong><\/td>\n<td width=\"192\"><strong><b>Outil de diagnostic<\/b><\/strong><\/td>\n<\/tr>\n<tr valign=\"middle\">\n<td width=\"192\"><img loading=\"lazy\" decoding=\"async\" class=\"aligncenter wp-image-6367\" src=\"http:\/\/www.forvatec.com\/wp-content\/uploads\/2019\/10\/logo_renault_trucks_400_200-300x150-300x150.jpg\" alt=\"\" width=\"150\" height=\"75\" \/><\/td>\n<td style=\"text-align: center; vertical-align: middle;\" width=\"192\">TechTool2, VCads, LCV Diag<\/td>\n<\/tr>\n<tr valign=\"middle\">\n<td valign=\"middle\" width=\"192\"><img loading=\"lazy\" decoding=\"async\" class=\"aligncenter wp-image-6368\" src=\"http:\/\/www.forvatec.com\/wp-content\/uploads\/2019\/10\/logo_volvo_trucks_400_200-300x150-300x150.jpg\" alt=\"\" width=\"150\" height=\"75\" \/><\/td>\n<td style=\"text-align: center; vertical-align: middle;\" width=\"192\">TechTool2<\/td>\n<\/tr>\n<\/tbody>\n<\/table>\n\n<\/div>\n<\/div>\n<\/section>\n\n<\/div><\/div><div   class='hr hr-default   avia-builder-el-3  el_after_av_one_full  el_before_av_contact '><span class='hr-inner ' ><span class='hr-inner-style'><\/span><\/span><\/div><\/p>\n<form action=\"https:\/\/www.forvatec.com\/fr\/formations\/poids-lourds\/\" method=\"post\"  class=\"avia_ajax_form av-form-labels-visible   avia-builder-el-4  el_after_av_hr  avia-builder-el-last   \" data-avia-form-id=\"1\" data-avia-redirect='' ><h3 class=''>Vous souhaitez \u00eatre contact\u00e9 pour un compl\u00e9ment d\u2019information?<\/h3><fieldset><p class='  first_form  form_element form_element_third' id='element_avia_1_1'><label for=\"avia_1_1\">Nom <abbr class=\"required\" title=\"requis(e)\">*<\/abbr><\/label> <input name=\"avia_1_1\" class=\"text_input is_empty\" type=\"text\" id=\"avia_1_1\" value=\"\" \/><\/p><p class='  form_element form_element_third' id='element_avia_2_1'><label for=\"avia_2_1\">Courrier \u00e9lectronique <abbr class=\"required\" title=\"requis(e)\">*<\/abbr><\/label> <input name=\"avia_2_1\" class=\"text_input is_email\" type=\"text\" id=\"avia_2_1\" value=\"\" \/><\/p><p class='  form_element form_element_third av-last-visible-form-element' id='element_avia_3_1'><label for=\"avia_3_1\">T\u00e9l\u00e9phone<\/label> <input name=\"avia_3_1\" class=\"text_input \" type=\"text\" id=\"avia_3_1\" value=\"\" \/><\/p><p class=\"hidden\"><input type=\"text\" name=\"avia_4_1\" class=\"hidden \" id=\"avia_4_1\" value=\"\" \/><\/p><p class=\"form_element \"><input type=\"hidden\" value=\"1\" name=\"avia_generated_form1\" \/><input type=\"submit\" value=\"Envoyer\" class=\"button\"  data-sending-label=\"Envoi\"\/><\/p><\/fieldset><\/form><div id=\"ajaxresponse_1\" class=\"ajaxresponse ajaxresponse_1 hidden\"><\/div>\n","protected":false},"excerpt":{"rendered":"","protected":false},"author":1,"featured_media":0,"parent":4223,"menu_order":3,"comment_status":"closed","ping_status":"closed","template":"","meta":{"footnotes":""},"aioseo_notices":[],"_links":{"self":[{"href":"https:\/\/www.forvatec.com\/fr\/wp-json\/wp\/v2\/pages\/4252"}],"collection":[{"href":"https:\/\/www.forvatec.com\/fr\/wp-json\/wp\/v2\/pages"}],"about":[{"href":"https:\/\/www.forvatec.com\/fr\/wp-json\/wp\/v2\/types\/page"}],"author":[{"embeddable":true,"href":"https:\/\/www.forvatec.com\/fr\/wp-json\/wp\/v2\/users\/1"}],"replies":[{"embeddable":true,"href":"https:\/\/www.forvatec.com\/fr\/wp-json\/wp\/v2\/comments?post=4252"}],"version-history":[{"count":25,"href":"https:\/\/www.forvatec.com\/fr\/wp-json\/wp\/v2\/pages\/4252\/revisions"}],"predecessor-version":[{"id":8352,"href":"https:\/\/www.forvatec.com\/fr\/wp-json\/wp\/v2\/pages\/4252\/revisions\/8352"}],"up":[{"embeddable":true,"href":"https:\/\/www.forvatec.com\/fr\/wp-json\/wp\/v2\/pages\/4223"}],"wp:attachment":[{"href":"https:\/\/www.forvatec.com\/fr\/wp-json\/wp\/v2\/media?parent=4252"}],"curies":[{"name":"wp","href":"https:\/\/api.w.org\/{rel}","templated":true}]}}