{"id":4256,"date":"2015-11-19T14:23:16","date_gmt":"2015-11-19T14:23:16","guid":{"rendered":"http:\/\/www.forvatec.com\/fr\/?page_id=4256"},"modified":"2019-10-17T18:37:15","modified_gmt":"2019-10-17T18:37:15","slug":"moteurs-industriels","status":"publish","type":"page","link":"https:\/\/www.forvatec.com\/fr\/formations\/moteurs-industriels\/","title":{"rendered":"Moteurs Industriels"},"content":{"rendered":"<div id='layer_slider_1'  class='avia-layerslider main_color avia-shadow  avia-builder-el-0  el_before_av_one_full  avia-builder-el-first  container_wrap sidebar_right' style='  height: 201px;' ><\/div><div id='after_layer_slider_1'  class='main_color av_default_container_wrap container_wrap sidebar_right' style=' '  ><div class='container' ><div class='template-page content  av-content-small alpha units'><div class='post-entry post-entry-type-page post-entry-4256'><div class='entry-content-wrapper clearfix'>\n<div class=\"flex_column av_one_full  flex_column_div av-zero-column-padding first  avia-builder-el-1  el_after_av_layerslider  avia-builder-el-no-sibling  \" style='border-radius:0px; '><section class=\"av_textblock_section \"  itemscope=\"itemscope\" itemtype=\"https:\/\/schema.org\/CreativeWork\" ><div class='avia_textblock  '   itemprop=\"text\" ><p style=\"text-align: justify;\"><strong>FORVATEC <\/strong>travaille en partenariat avec les <strong>principaux constructeurs de moteurs industriels, engins de travaux publics et agricoles, chariots t\u00e9lescopiques et g\u00e9n\u00e9rateurs de courant.<\/strong><\/p>\n<p style=\"text-align: justify;\">Nous concevons et animons des formations sur les moteurs\u00a0\u00a0<strong>Stage-II (Tiers 2), Stage-IIIA (Tiers 3), Stage-IIIB (Interim Tiers 4), Stage-IV (Final Tiers 4)<\/strong> <strong>et Stage-V (Tiers 5)<\/strong> en <strong>fran\u00e7ais, anglais et espagnol<\/strong>.<\/p>\n<p><img loading=\"lazy\" decoding=\"async\" class=\"size-medium wp-image-5307 alignright\" src=\"http:\/\/www.forvatec.com\/wp-content\/uploads\/2016\/01\/MI-300x175.png\" alt=\"MI\" width=\"300\" height=\"175\" srcset=\"https:\/\/www.forvatec.com\/wp-content\/uploads\/2016\/01\/MI-300x175.png 300w, https:\/\/www.forvatec.com\/wp-content\/uploads\/2016\/01\/MI-450x263.png 450w, https:\/\/www.forvatec.com\/wp-content\/uploads\/2016\/01\/MI.png 567w\" sizes=\"(max-width: 300px) 100vw, 300px\" \/>Les formations abordent les aspects suivants :<\/p>\n<ul>\n<li>Moteur <strong>diesel.<\/strong><\/li>\n<li><strong>Syst\u00e8mes de post-traitement des gaz d\u2019\u00e9chappement (FAP et AD-Blue)<\/strong>.<\/li>\n<li><strong>Outils de diagnostic<\/strong>.<\/li>\n<li><strong>Climatisation <\/strong>(maintenance et\u00a0diagnostic).<\/li>\n<li><strong>Formations pour\u00a0votre r\u00e9seau.<\/strong><\/li>\n<\/ul>\n<p>Nous sommes sp\u00e9cialis\u00e9s dans la manipulation des outils de diagnostic et dans le diagnostic des moteurs suivants :<\/p>\n<table>\n<tbody>\n<tr valign=\"middle\">\n<td width=\"192\"><strong><b>Constructeurs<\/b><\/strong><\/td>\n<td width=\"192\"><strong><b>Outil de diagnostic<\/b><\/strong><\/td>\n<td style=\"text-align: center; vertical-align: middle;\" width=\"192\"><strong>Moteurs<\/strong><\/td>\n<\/tr>\n<tr valign=\"middle\">\n<td width=\"192\"><img loading=\"lazy\" decoding=\"async\" class=\"aligncenter wp-image-6359\" src=\"http:\/\/www.forvatec.com\/wp-content\/uploads\/2019\/10\/logo_bobcat_400_200-300x150-300x150.jpg\" alt=\"\" width=\"150\" height=\"75\" \/><\/td>\n<td style=\"text-align: center; vertical-align: middle;\" width=\"192\">BEA (Bobcat Engine Analyzer)<\/td>\n<td style=\"text-align: center; vertical-align: middle;\" width=\"192\">Bobcat D18, D24 y D34<\/td>\n<\/tr>\n<tr valign=\"middle\">\n<td valign=\"middle\" width=\"192\"><img loading=\"lazy\" decoding=\"async\" class=\"aligncenter wp-image-6361\" src=\"http:\/\/www.forvatec.com\/wp-content\/uploads\/2019\/10\/logo_cumings_400_200-300x150-300x150.jpg\" alt=\"\" width=\"150\" height=\"75\" \/><\/td>\n<td style=\"text-align: center; vertical-align: middle;\" width=\"192\">INSITE<\/td>\n<td style=\"text-align: center; vertical-align: middle;\" width=\"192\">ISL-G 8,9L<\/td>\n<\/tr>\n<tr>\n<td style=\"text-align: center; vertical-align: middle;\" width=\"192\">\n<p style=\"text-align: center;\"><img loading=\"lazy\" decoding=\"async\" class=\"aligncenter wp-image-6362 size-medium\" src=\"http:\/\/www.forvatec.com\/wp-content\/uploads\/2019\/10\/logo_deutz_400_200-300x150-300x150.jpg\" alt=\"\" width=\"150\" height=\"75\" \/><\/p>\n<\/td>\n<td style=\"text-align: center; vertical-align: middle;\" width=\"192\">Serdia 2010<\/td>\n<td style=\"text-align: center; vertical-align: middle;\" width=\"192\">TCD 3.6 L4<\/td>\n<\/tr>\n<tr>\n<td style=\"text-align: center; vertical-align: middle;\" width=\"192\"><img loading=\"lazy\" decoding=\"async\" class=\"aligncenter wp-image-6363 size-medium\" src=\"http:\/\/www.forvatec.com\/wp-content\/uploads\/2019\/10\/logo_doosan_400_200-300x150-300x150.jpg\" alt=\"\" width=\"150\" height=\"75\" \/><\/td>\n<td style=\"text-align: center; vertical-align: middle;\" width=\"192\">DDT (Doosan Diagnostic Tool)<\/p>\n<p>e-Doctor<\/td>\n<td style=\"text-align: center; vertical-align: middle;\" width=\"192\">Doosan DL06, DL08\u00a0et DV11<\/td>\n<\/tr>\n<tr>\n<td style=\"text-align: center; vertical-align: middle;\" width=\"192\"><img loading=\"lazy\" decoding=\"async\" class=\"aligncenter wp-image-6364 size-medium\" src=\"http:\/\/www.forvatec.com\/wp-content\/uploads\/2019\/10\/logo_john_deere_400_200-300x150-300x150.jpg\" alt=\"\" width=\"150\" height=\"75\" \/><\/td>\n<td style=\"text-align: center; vertical-align: middle;\" width=\"192\">Service Advisor<\/td>\n<td style=\"text-align: center; vertical-align: middle;\" width=\"192\">Gamme Powertech (PT-M, PT-E, PT-P)<\/p>\n<p>Moteurs 3029, 4045, 6068, 6090<\/td>\n<\/tr>\n<tr>\n<td style=\"text-align: center; vertical-align: middle;\" width=\"192\"><img loading=\"lazy\" decoding=\"async\" class=\"aligncenter wp-image-6365 size-medium\" src=\"http:\/\/www.forvatec.com\/wp-content\/uploads\/2019\/10\/logo_kubota_400_200-300x150-300x150.jpg\" alt=\"\" width=\"150\" height=\"75\" \/><\/td>\n<td style=\"text-align: center; vertical-align: middle;\" width=\"192\">Diagmaster<\/td>\n<td style=\"text-align: center; vertical-align: middle;\" width=\"192\">V3307<\/td>\n<\/tr>\n<tr>\n<td style=\"text-align: center; vertical-align: middle;\" width=\"192\"><img loading=\"lazy\" decoding=\"async\" class=\"aligncenter wp-image-6366 size-medium\" src=\"http:\/\/www.forvatec.com\/wp-content\/uploads\/2019\/10\/logo_perkins_400_200-300x150-300x150.jpg\" alt=\"\" width=\"150\" height=\"75\" \/><\/td>\n<td style=\"text-align: center; vertical-align: middle;\" width=\"192\">EST ( Electronic Service Tool)<\/td>\n<td style=\"text-align: center; vertical-align: middle;\" width=\"192\">1204F<\/td>\n<\/tr>\n<tr>\n<td style=\"text-align: center; vertical-align: middle;\" width=\"192\"><img loading=\"lazy\" decoding=\"async\" class=\"aligncenter wp-image-6369 size-medium\" src=\"http:\/\/www.forvatec.com\/wp-content\/uploads\/2019\/10\/logo_yanmar_400_200-300x150-300x150.jpg\" alt=\"\" width=\"150\" height=\"75\" \/><\/td>\n<td style=\"text-align: center; vertical-align: middle;\" width=\"192\">SA-D (Smart-Assist Direct)<\/td>\n<td style=\"text-align: center; vertical-align: middle;\" width=\"192\">4TNV98C<\/td>\n<\/tr>\n<\/tbody>\n<\/table>\n<\/div><\/section><br \/>\n<div   class='hr hr-default   avia-builder-el-3  el_after_av_textblock  el_before_av_contact '><span class='hr-inner ' ><span class='hr-inner-style'><\/span><\/span><\/div><br \/>\n<form action=\"https:\/\/www.forvatec.com\/fr\/formations\/moteurs-industriels\/\" method=\"post\"  class=\"avia_ajax_form av-form-labels-visible   avia-builder-el-4  el_after_av_hr  avia-builder-el-last   \" data-avia-form-id=\"1\" data-avia-redirect='' ><h3 class=''>Vous souhaitez \u00eatre contact\u00e9 pour un compl\u00e9ment d\u2019information?<\/h3><fieldset><p class='  first_form  form_element form_element_third' id='element_avia_1_1'><label for=\"avia_1_1\">Nom <abbr class=\"required\" title=\"requis(e)\">*<\/abbr><\/label> <input name=\"avia_1_1\" class=\"text_input is_empty\" type=\"text\" id=\"avia_1_1\" value=\"\" \/><\/p><p class='  form_element form_element_third' id='element_avia_2_1'><label for=\"avia_2_1\">Courrier \u00e9lectronique <abbr class=\"required\" title=\"requis(e)\">*<\/abbr><\/label> <input name=\"avia_2_1\" class=\"text_input is_email\" type=\"text\" id=\"avia_2_1\" value=\"\" \/><\/p><p class='  form_element form_element_third av-last-visible-form-element' id='element_avia_3_1'><label for=\"avia_3_1\">T\u00e9l\u00e9phone<\/label> <input name=\"avia_3_1\" class=\"text_input \" type=\"text\" id=\"avia_3_1\" value=\"\" \/><\/p><p class=\"hidden\"><input type=\"text\" name=\"avia_4_1\" class=\"hidden \" id=\"avia_4_1\" value=\"\" \/><\/p><p class=\"form_element \"><input type=\"hidden\" value=\"1\" name=\"avia_generated_form1\" \/><input type=\"submit\" value=\"Envoyer\" class=\"button\"  data-sending-label=\"Envoi\"\/><\/p><\/fieldset><\/form><div id=\"ajaxresponse_1\" class=\"ajaxresponse ajaxresponse_1 hidden\"><\/div><\/p><\/div>\n","protected":false},"excerpt":{"rendered":"","protected":false},"author":1,"featured_media":0,"parent":4223,"menu_order":4,"comment_status":"closed","ping_status":"closed","template":"","meta":{"footnotes":""},"aioseo_notices":[],"_links":{"self":[{"href":"https:\/\/www.forvatec.com\/fr\/wp-json\/wp\/v2\/pages\/4256"}],"collection":[{"href":"https:\/\/www.forvatec.com\/fr\/wp-json\/wp\/v2\/pages"}],"about":[{"href":"https:\/\/www.forvatec.com\/fr\/wp-json\/wp\/v2\/types\/page"}],"author":[{"embeddable":true,"href":"https:\/\/www.forvatec.com\/fr\/wp-json\/wp\/v2\/users\/1"}],"replies":[{"embeddable":true,"href":"https:\/\/www.forvatec.com\/fr\/wp-json\/wp\/v2\/comments?post=4256"}],"version-history":[{"count":19,"href":"https:\/\/www.forvatec.com\/fr\/wp-json\/wp\/v2\/pages\/4256\/revisions"}],"predecessor-version":[{"id":6379,"href":"https:\/\/www.forvatec.com\/fr\/wp-json\/wp\/v2\/pages\/4256\/revisions\/6379"}],"up":[{"embeddable":true,"href":"https:\/\/www.forvatec.com\/fr\/wp-json\/wp\/v2\/pages\/4223"}],"wp:attachment":[{"href":"https:\/\/www.forvatec.com\/fr\/wp-json\/wp\/v2\/media?parent=4256"}],"curies":[{"name":"wp","href":"https:\/\/api.w.org\/{rel}","templated":true}]}}