{"id":4264,"date":"2015-11-19T14:36:17","date_gmt":"2015-11-19T14:36:17","guid":{"rendered":"http:\/\/www.forvatec.com\/fr\/?page_id=4264"},"modified":"2018-07-24T17:17:14","modified_gmt":"2018-07-24T17:17:14","slug":"formation-en-communication","status":"publish","type":"page","link":"https:\/\/www.forvatec.com\/fr\/formations\/formation-en-communication\/","title":{"rendered":"Formation en Communication"},"content":{"rendered":"<div   data-size='featured'  data-lightbox_size='large'  data-animation='slide'  data-conditional_play=''  data-ids='4657'  data-video_counter='0'  data-autoplay='false'  data-bg_slider='false'  data-slide_height=''  data-handle='av_slideshow'  data-interval='5'  data-class=' avia-builder-el-0  el_before_av_textblock  avia-builder-el-first  '  data-el_id=''  data-css_id=''  data-scroll_down=''  data-control_layout=''  data-custom_markup=''  data-perma_caption=''  data-autoplay_stopper=''  data-image_attachment=''  data-min_height='0px'  data-lazy_loading='disabled'  data-default-height='28.666666666667'  class='avia-slideshow avia-slideshow-1  av-default-height-applied avia-slideshow-featured av_slideshow  avia-builder-el-0  el_before_av_textblock  avia-builder-el-first   avia-slide-slider '  itemprop=\"image\" itemscope=\"itemscope\" itemtype=\"https:\/\/schema.org\/ImageObject\" ><ul class='avia-slideshow-inner ' style='padding-bottom: 20.472440944882%;' ><li  class=' av-single-slide slide-1 ' ><div data-rel='slideshow-1' class='avia-slide-wrap '   ><img decoding=\"async\" class=\"wp-image-4657 avia-img-lazy-loading-not-4657\"  src=\"https:\/\/www.forvatec.com\/wp-content\/uploads\/2016\/01\/communication.png\" width=\"1016\" height=\"208\" title='' alt=''  itemprop=\"thumbnailUrl\" srcset=\"https:\/\/www.forvatec.com\/wp-content\/uploads\/2016\/01\/communication.png 1016w, https:\/\/www.forvatec.com\/wp-content\/uploads\/2016\/01\/communication-300x61.png 300w, https:\/\/www.forvatec.com\/wp-content\/uploads\/2016\/01\/communication-705x144.png 705w, https:\/\/www.forvatec.com\/wp-content\/uploads\/2016\/01\/communication-450x92.png 450w\" sizes=\"(max-width: 1016px) 100vw, 1016px\" \/><\/div><\/li><\/ul><\/div>\n<section class=\"av_textblock_section \"  itemscope=\"itemscope\" itemtype=\"https:\/\/schema.org\/CreativeWork\" ><div class='avia_textblock  '   itemprop=\"text\" ><p>En plus des\u00a0<b>cours techniques<\/b>, FORVATEC propose \u00e9galement des\u00a0<b>formations en\u00a0communication<\/b> permettant d&rsquo;appr\u00e9hender les sujets suivants :<\/p>\n<ul>\n<li>Les essentiels du <b>Management.<\/b><\/li>\n<li>Les essentiels de la <b>Relation\u00a0Client.<\/b><\/li>\n<li>Les essentiels de la <strong>Gestion de Conflicts.<\/strong><\/li>\n<\/ul>\n<\/div><\/section>\n<div   class='hr hr-short hr-center   avia-builder-el-2  el_after_av_textblock  el_before_av_one_third '><span class='hr-inner ' ><span class='hr-inner-style'><\/span><\/span><\/div>\n<div class=\"flex_column av_one_third  flex_column_div av-zero-column-padding first  avia-builder-el-3  el_after_av_hr  el_before_av_one_third  \" style='border-radius:0px; '><section class=\"av_textblock_section \"  itemscope=\"itemscope\" itemtype=\"https:\/\/schema.org\/CreativeWork\" ><div class='avia_textblock  '   itemprop=\"text\" ><h5 style=\"text-align: center;\">Les essentiels du Management<\/h5>\n<\/div><\/section><br \/>\n<div   class='hr hr-short hr-center   avia-builder-el-5  el_after_av_textblock  el_before_av_image '><span class='hr-inner ' ><span class='hr-inner-style'><\/span><\/span><\/div><br \/>\n<div  class='avia-image-container  av-styling-circle av-hover-grow   avia-builder-el-6  el_after_av_hr  avia-builder-el-last  avia-align-center '  itemprop=\"image\" itemscope=\"itemscope\" itemtype=\"https:\/\/schema.org\/ImageObject\"  ><div class='avia-image-container-inner'><div class='avia-image-overlay-wrap'><img decoding=\"async\" class='wp-image-4163 avia-img-lazy-loading-not-4163 avia_image' src=\"https:\/\/www.forvatec.com\/wp-content\/uploads\/2015\/11\/Comunicacion_02.jpg\" alt='' title='' height=\"180\" width=\"325\"  itemprop=\"thumbnailUrl\" srcset=\"https:\/\/www.forvatec.com\/wp-content\/uploads\/2015\/11\/Comunicacion_02.jpg 325w, https:\/\/www.forvatec.com\/wp-content\/uploads\/2015\/11\/Comunicacion_02-300x166.jpg 300w\" sizes=\"(max-width: 325px) 100vw, 325px\" \/><\/div><\/div><\/div><\/p><\/div>\n<div class=\"flex_column av_one_third  flex_column_div av-zero-column-padding   avia-builder-el-7  el_after_av_one_third  el_before_av_one_third  \" style='border-radius:0px; '><section class=\"av_textblock_section \"  itemscope=\"itemscope\" itemtype=\"https:\/\/schema.org\/CreativeWork\" ><div class='avia_textblock  '   itemprop=\"text\" ><h5 style=\"text-align: center;\">Les essentiels de la relation client<\/h5>\n<\/div><\/section><br \/>\n<div   class='hr hr-short hr-center   avia-builder-el-9  el_after_av_textblock  el_before_av_image '><span class='hr-inner ' ><span class='hr-inner-style'><\/span><\/span><\/div><br \/>\n<div  class='avia-image-container  av-styling-circle av-hover-grow   avia-builder-el-10  el_after_av_hr  avia-builder-el-last  avia-align-center '  itemprop=\"image\" itemscope=\"itemscope\" itemtype=\"https:\/\/schema.org\/ImageObject\"  ><div class='avia-image-container-inner'><div class='avia-image-overlay-wrap'><img decoding=\"async\" class='wp-image-4161 avia-img-lazy-loading-not-4161 avia_image' src=\"https:\/\/www.forvatec.com\/wp-content\/uploads\/2015\/11\/Comunicacion_01-300x166.jpg\" alt='' title='' height=\"166\" width=\"300\"  itemprop=\"thumbnailUrl\" srcset=\"https:\/\/www.forvatec.com\/wp-content\/uploads\/2015\/11\/Comunicacion_01-300x166.jpg 300w, https:\/\/www.forvatec.com\/wp-content\/uploads\/2015\/11\/Comunicacion_01.jpg 325w\" sizes=\"(max-width: 300px) 100vw, 300px\" \/><\/div><\/div><\/div><\/p><\/div>\n<div class=\"flex_column av_one_third  flex_column_div av-zero-column-padding   avia-builder-el-11  el_after_av_one_third  el_before_av_hr  \" style='border-radius:0px; '><section class=\"av_textblock_section \"  itemscope=\"itemscope\" itemtype=\"https:\/\/schema.org\/CreativeWork\" ><div class='avia_textblock  '   itemprop=\"text\" ><h5 style=\"text-align: center;\">Les essentiels de la relation client<\/h5>\n<\/div><\/section><br \/>\n<div   class='hr hr-short hr-center   avia-builder-el-13  el_after_av_textblock  el_before_av_image '><span class='hr-inner ' ><span class='hr-inner-style'><\/span><\/span><\/div><br \/>\n<div  class='avia-image-container  av-styling-circle av-hover-grow   avia-builder-el-14  el_after_av_hr  avia-builder-el-last  avia-align-center '  itemprop=\"image\" itemscope=\"itemscope\" itemtype=\"https:\/\/schema.org\/ImageObject\"  ><div class='avia-image-container-inner'><div class='avia-image-overlay-wrap'><img decoding=\"async\" class='wp-image-5728 avia-img-lazy-loading-not-5728 avia_image' src=\"https:\/\/www.forvatec.com\/wp-content\/uploads\/2018\/07\/conflictos-e1532452319190-1-300x166.jpg\" alt='' title='conflictos-e1532452319190' height=\"166\" width=\"300\"  itemprop=\"thumbnailUrl\"  \/><\/div><\/div><\/div><\/p><\/div><div   class='hr hr-default   avia-builder-el-15  el_after_av_one_third  el_before_av_contact '><span class='hr-inner ' ><span class='hr-inner-style'><\/span><\/span><\/div><\/p>\n<form action=\"https:\/\/www.forvatec.com\/fr\/formations\/formation-en-communication\/\" method=\"post\"  class=\"avia_ajax_form av-form-labels-visible   avia-builder-el-16  el_after_av_hr  avia-builder-el-last   \" data-avia-form-id=\"1\" data-avia-redirect='' ><h3 class=''>Vous souhaitez \u00eatre contact\u00e9 pour un compl\u00e9ment d\u2019information?<\/h3><fieldset><p class='  first_form  form_element form_element_third' id='element_avia_1_1'><label for=\"avia_1_1\">Nom <abbr class=\"required\" title=\"requis(e)\">*<\/abbr><\/label> <input name=\"avia_1_1\" class=\"text_input is_empty\" type=\"text\" id=\"avia_1_1\" value=\"\" \/><\/p><p class='  form_element form_element_third' id='element_avia_2_1'><label for=\"avia_2_1\">Courrier \u00e9lectronique <abbr class=\"required\" title=\"requis(e)\">*<\/abbr><\/label> <input name=\"avia_2_1\" class=\"text_input is_email\" type=\"text\" id=\"avia_2_1\" value=\"\" \/><\/p><p class='  form_element form_element_third av-last-visible-form-element' id='element_avia_3_1'><label for=\"avia_3_1\">T\u00e9l\u00e9phone<\/label> <input name=\"avia_3_1\" class=\"text_input \" type=\"text\" id=\"avia_3_1\" value=\"\" \/><\/p><p class=\"hidden\"><input type=\"text\" name=\"avia_4_1\" class=\"hidden \" id=\"avia_4_1\" value=\"\" \/><\/p><p class=\"form_element \"><input type=\"hidden\" value=\"1\" name=\"avia_generated_form1\" \/><input type=\"submit\" value=\" Envoyer\" class=\"button\"  data-sending-label=\"Envoi\"\/><\/p><\/fieldset><\/form><div id=\"ajaxresponse_1\" class=\"ajaxresponse ajaxresponse_1 hidden\"><\/div>\n","protected":false},"excerpt":{"rendered":"","protected":false},"author":1,"featured_media":0,"parent":4223,"menu_order":6,"comment_status":"closed","ping_status":"closed","template":"","meta":{"footnotes":""},"aioseo_notices":[],"_links":{"self":[{"href":"https:\/\/www.forvatec.com\/fr\/wp-json\/wp\/v2\/pages\/4264"}],"collection":[{"href":"https:\/\/www.forvatec.com\/fr\/wp-json\/wp\/v2\/pages"}],"about":[{"href":"https:\/\/www.forvatec.com\/fr\/wp-json\/wp\/v2\/types\/page"}],"author":[{"embeddable":true,"href":"https:\/\/www.forvatec.com\/fr\/wp-json\/wp\/v2\/users\/1"}],"replies":[{"embeddable":true,"href":"https:\/\/www.forvatec.com\/fr\/wp-json\/wp\/v2\/comments?post=4264"}],"version-history":[{"count":19,"href":"https:\/\/www.forvatec.com\/fr\/wp-json\/wp\/v2\/pages\/4264\/revisions"}],"predecessor-version":[{"id":4695,"href":"https:\/\/www.forvatec.com\/fr\/wp-json\/wp\/v2\/pages\/4264\/revisions\/4695"}],"up":[{"embeddable":true,"href":"https:\/\/www.forvatec.com\/fr\/wp-json\/wp\/v2\/pages\/4223"}],"wp:attachment":[{"href":"https:\/\/www.forvatec.com\/fr\/wp-json\/wp\/v2\/media?parent=4264"}],"curies":[{"name":"wp","href":"https:\/\/api.w.org\/{rel}","templated":true}]}}