{"id":4288,"date":"2013-04-02T17:00:55","date_gmt":"2013-04-02T17:00:55","guid":{"rendered":"http:\/\/www.forvatec.com\/fr\/?page_id=4288"},"modified":"2023-05-29T19:04:31","modified_gmt":"2023-05-29T19:04:31","slug":"formulaire-de-contact-forvatec-fr","status":"publish","type":"page","link":"https:\/\/www.forvatec.com\/fr\/contact\/formulaire-de-contact-forvatec-fr\/","title":{"rendered":"Formulaire de Contact"},"content":{"rendered":"<section class=\"av_textblock_section \"  itemscope=\"itemscope\" itemtype=\"https:\/\/schema.org\/CreativeWork\" ><div class='avia_textblock  '   itemprop=\"text\" ><h3>Formulaire de Contact<\/h3>\n<ul>\n<li>Contactez-nous pour obtenir <strong>plus <b>d&rsquo;informations<\/b> <\/strong>concernant <strong>nos services ou produits.<\/strong><\/li>\n<li>N&rsquo;h\u00e9sitez pas \u00e0 nous <strong>contacter<\/strong> \u00e9galement pour toute information compl\u00e9mentaire concernant <strong>nos formations techniques.<\/strong><\/li>\n<\/ul>\n<\/div><\/section> <form action=\"https:\/\/www.forvatec.com\/fr\/contact\/formulaire-de-contact-forvatec-fr\/\" method=\"post\"  class=\"avia_ajax_form av-form-labels-visible    \" data-avia-form-id=\"1\" data-avia-redirect='' ><h3 class=''>Envoyez-nous un message<\/h3><fieldset><p class='  first_form  form_element form_element_half' id='element_avia_1_1'><label for=\"avia_1_1\">Nom et Pr\u00e9nom <abbr class=\"required\" title=\"requis(e)\">*<\/abbr><\/label> <input name=\"avia_1_1\" class=\"text_input is_empty\" type=\"text\" id=\"avia_1_1\" value=\"\" \/><\/p><p class='  form_element form_element_half' id='element_avia_2_1'><label for=\"avia_2_1\">E-Mail <abbr class=\"required\" title=\"requis(e)\">*<\/abbr><\/label> <input name=\"avia_2_1\" class=\"text_input is_email\" type=\"text\" id=\"avia_2_1\" value=\"\" \/><\/p><p class='  first_form  form_element form_fullwidth' id='element_avia_3_1'><label for=\"avia_3_1\">Sujet <abbr class=\"required\" title=\"requis(e)\">*<\/abbr><\/label> <input name=\"avia_3_1\" class=\"text_input is_empty\" type=\"text\" id=\"avia_3_1\" value=\"\" \/><\/p><p class='  first_form  form_element form_fullwidth' id='element_avia_4_1'><label for=\"avia_4_1\" class=\"textare_label hidden textare_label_avia_4_1\">Message <abbr class=\"required\" title=\"requis(e)\">*<\/abbr><\/label><textarea  name=\"avia_4_1\" class=\"text_area is_empty\" cols=\"40\" rows=\"7\" id=\"avia_4_1\" ><\/textarea><\/p><p class=' first_form  form_element form_fullwidth av-last-visible-form-element' id='element_avia_5_1'>    <input  name=\"avia_5_1\" class=\"input_checkbox is_empty\" type=\"checkbox\" id=\"avia_5_1\" value=\"true\"\/><label class=\"input_checkbox_label\" for=\"avia_5_1\">J\u2019accepte que Forvatec utilise mes donn\u00e9es pour \u00eatre contact\u00e9 en suivant mes instructions par t\u00e9l\u00e9phone et \/ ou par courrier \u00e9lectronique. <abbr class=\"required\" title=\"requis(e)\">*<\/abbr><\/label><\/p><p class=\"hidden\"><input type=\"text\" name=\"avia_6_1\" class=\"hidden \" id=\"avia_6_1\" value=\"\" \/><\/p><p class=\"form_element \"><input type=\"hidden\" value=\"1\" name=\"avia_generated_form1\" \/><input type=\"submit\" value=\"Envoyer\" class=\"button\"  data-sending-label=\"Envoi\"\/><\/p><\/fieldset><\/form><div id=\"ajaxresponse_1\" class=\"ajaxresponse ajaxresponse_1 hidden\"><\/div><\/p>\n","protected":false},"excerpt":{"rendered":"","protected":false},"author":1,"featured_media":0,"parent":4284,"menu_order":1,"comment_status":"open","ping_status":"closed","template":"","meta":{"footnotes":""},"aioseo_notices":[],"_links":{"self":[{"href":"https:\/\/www.forvatec.com\/fr\/wp-json\/wp\/v2\/pages\/4288"}],"collection":[{"href":"https:\/\/www.forvatec.com\/fr\/wp-json\/wp\/v2\/pages"}],"about":[{"href":"https:\/\/www.forvatec.com\/fr\/wp-json\/wp\/v2\/types\/page"}],"author":[{"embeddable":true,"href":"https:\/\/www.forvatec.com\/fr\/wp-json\/wp\/v2\/users\/1"}],"replies":[{"embeddable":true,"href":"https:\/\/www.forvatec.com\/fr\/wp-json\/wp\/v2\/comments?post=4288"}],"version-history":[{"count":12,"href":"https:\/\/www.forvatec.com\/fr\/wp-json\/wp\/v2\/pages\/4288\/revisions"}],"predecessor-version":[{"id":7139,"href":"https:\/\/www.forvatec.com\/fr\/wp-json\/wp\/v2\/pages\/4288\/revisions\/7139"}],"up":[{"embeddable":true,"href":"https:\/\/www.forvatec.com\/fr\/wp-json\/wp\/v2\/pages\/4284"}],"wp:attachment":[{"href":"https:\/\/www.forvatec.com\/fr\/wp-json\/wp\/v2\/media?parent=4288"}],"curies":[{"name":"wp","href":"https:\/\/api.w.org\/{rel}","templated":true}]}}