{"id":4292,"date":"2015-11-24T17:12:50","date_gmt":"2015-11-24T17:12:50","guid":{"rendered":"http:\/\/www.forvatec.com\/fr\/?page_id=4292"},"modified":"2023-05-29T19:02:39","modified_gmt":"2023-05-29T19:02:39","slug":"espace-recrutement","status":"publish","type":"page","link":"https:\/\/www.forvatec.com\/fr\/contact\/espace-recrutement\/","title":{"rendered":"Espace recrutement"},"content":{"rendered":"<div class=\"flex_column av_one_third  flex_column_div av-zero-column-padding first  avia-builder-el-0  el_before_av_one_third  avia-builder-el-first  \" style='border-radius:0px; '><div  class='avia-image-container  av-styling- av-hover-grow   avia-builder-el-1  avia-builder-el-no-sibling  avia-align-center '  itemprop=\"image\" itemscope=\"itemscope\" itemtype=\"https:\/\/schema.org\/ImageObject\"  ><div class='avia-image-container-inner'><div class='avia-image-overlay-wrap'><img decoding=\"async\" class='wp-image-4931 avia-img-lazy-loading-not-4931 avia_image' src=\"https:\/\/www.forvatec.com\/wp-content\/uploads\/2015\/11\/cv_image_03.jpg\" alt='' title='' height=\"270\" width=\"410\"  itemprop=\"thumbnailUrl\" srcset=\"https:\/\/www.forvatec.com\/wp-content\/uploads\/2015\/11\/cv_image_03.jpg 410w, https:\/\/www.forvatec.com\/wp-content\/uploads\/2015\/11\/cv_image_03-300x198.jpg 300w\" sizes=\"(max-width: 410px) 100vw, 410px\" \/><\/div><\/div><\/div><\/div>\n<div class=\"flex_column av_one_third  flex_column_div av-zero-column-padding   avia-builder-el-2  el_after_av_one_third  el_before_av_one_third  \" style='border-radius:0px; '><div  class='avia-image-container  av-styling- av-hover-grow   avia-builder-el-3  avia-builder-el-no-sibling  avia-align-center '  itemprop=\"image\" itemscope=\"itemscope\" itemtype=\"https:\/\/schema.org\/ImageObject\"  ><div class='avia-image-container-inner'><div class='avia-image-overlay-wrap'><img decoding=\"async\" class='wp-image-4930 avia-img-lazy-loading-not-4930 avia_image' src=\"https:\/\/www.forvatec.com\/wp-content\/uploads\/2015\/11\/cv_image_02.jpg\" alt='' title='' height=\"270\" width=\"410\"  itemprop=\"thumbnailUrl\" srcset=\"https:\/\/www.forvatec.com\/wp-content\/uploads\/2015\/11\/cv_image_02.jpg 410w, https:\/\/www.forvatec.com\/wp-content\/uploads\/2015\/11\/cv_image_02-300x198.jpg 300w\" sizes=\"(max-width: 410px) 100vw, 410px\" \/><\/div><\/div><\/div><\/div>\n<div class=\"flex_column av_one_third  flex_column_div av-zero-column-padding   avia-builder-el-4  el_after_av_one_third  el_before_av_hr  \" style='border-radius:0px; '><div  class='avia-image-container  av-styling- av-hover-grow   avia-builder-el-5  avia-builder-el-no-sibling  avia-align-center '  itemprop=\"image\" itemscope=\"itemscope\" itemtype=\"https:\/\/schema.org\/ImageObject\"  ><div class='avia-image-container-inner'><div class='avia-image-overlay-wrap'><img decoding=\"async\" class='wp-image-4929 avia-img-lazy-loading-not-4929 avia_image' src=\"https:\/\/www.forvatec.com\/wp-content\/uploads\/2015\/11\/cv_image_01.jpg\" alt='' title='' height=\"270\" width=\"410\"  itemprop=\"thumbnailUrl\" srcset=\"https:\/\/www.forvatec.com\/wp-content\/uploads\/2015\/11\/cv_image_01.jpg 410w, https:\/\/www.forvatec.com\/wp-content\/uploads\/2015\/11\/cv_image_01-300x198.jpg 300w\" sizes=\"(max-width: 410px) 100vw, 410px\" \/><\/div><\/div><\/div><\/div>\n<div   class='hr hr-default   avia-builder-el-6  el_after_av_one_third  el_before_av_textblock '><span class='hr-inner ' ><span class='hr-inner-style'><\/span><\/span><\/div>\n<section class=\"av_textblock_section \"  itemscope=\"itemscope\" itemtype=\"https:\/\/schema.org\/CreativeWork\" ><div class='avia_textblock  '   itemprop=\"text\" ><p><strong>FORVATEC<\/strong> attache une importance toute particuli\u00e8re aux <strong>comp\u00e9tences et \u00e0 l&rsquo;implication<\/strong> de ses collaborateurs.<\/p>\n<blockquote>\n<p>Vous avez envie de rejoindre une<strong> structure dynamique<\/strong> et d\u00e9velopper votre carri\u00e8re dans la <strong>formation Automobile?<\/strong><\/p>\n<\/blockquote>\n<\/div><\/section>\n<div  style='padding-bottom:20px; ' class='av-special-heading av-special-heading-h2  blockquote modern-quote modern-centered  avia-builder-el-8  el_after_av_textblock  el_before_av_heading  '><h2 class='av-special-heading-tag '  itemprop=\"headline\"  >Alors, vos comp\u00e9tences nous int\u00e9ressent!<\/h2><div class='special-heading-border'><div class='special-heading-inner-border' ><\/div><\/div><\/div>\n<div  style='padding-bottom:10px; ' class='av-special-heading av-special-heading-h3    avia-builder-el-9  el_after_av_heading  el_before_av_textblock  '><h3 class='av-special-heading-tag '  itemprop=\"headline\"  >FORMATEUR TECHNIQUE EXPERT OU DEBUTANT<\/h3><div class='special-heading-border'><div class='special-heading-inner-border' ><\/div><\/div><\/div>\n<section class=\"av_textblock_section \"  itemscope=\"itemscope\" itemtype=\"https:\/\/schema.org\/CreativeWork\" ><div class='avia_textblock  '   itemprop=\"text\" ><h4>Poste et missions<\/h4>\n<p>Apr\u00e8s une p\u00e9riode de <strong>formation technique et p\u00e9dagogique<\/strong>, vous aurez pour mission :<\/p>\n<ul>\n<li><strong>D\u2019animer des formations techniques<\/strong><\/li>\n<li><strong>De concevoir des supports<\/strong> de formations<\/li>\n<li><strong>D\u2019adapter<\/strong> des stages existants<\/li>\n<li>De <strong>r\u00e9aliser des prestations <\/strong>li\u00e9es aux activit\u00e9s de Forvatec, en <strong>France\/Espagne ou \u00e0 l\u2019International<\/strong> (en langue Fran\u00e7aise, Anglaise et\/ou Espagnole selon vos comp\u00e9tences linguistiques).<\/li>\n<\/ul>\n<h4>Profil<\/h4>\n<ul>\n<li><strong>Titulaire d&rsquo;un Bac Pro et d&rsquo;un BTS MAVA<\/strong>, avec plusieurs <strong>ann\u00e9es d&rsquo;exp\u00e9rience<\/strong> dans la formation technique, la r\u00e9paration en atelier (VL, PL, v\u00e9hicules industriels, engins de travaux publiques ou agricoles), le contr\u00f4le technique, le support technique ou tout autre m\u00e9tier de la branche Automobile.<\/li>\n<li><strong>Passionn\u00e9 de m\u00e9canique en g\u00e9n\u00e9ral<\/strong>, vous aimez <strong>transmettre votre savoir<\/strong>.<\/li>\n<li><strong>Votre excellent niveau technique<\/strong> (en m\u00e9canique, moteurs thermiques, \u00e9lectricit\u00e9 \/ multiplexage, climatisation, g\u00e9om\u00e9trie, diagnostic, \u00e9ventuellement hydraulique), la maitrise des outils informatiques, votre <strong>aisance relationnelle<\/strong>, votre <strong>autonomie<\/strong> et vos <strong>qualit\u00e9s d&rsquo;organisation<\/strong> sont des atouts pour la r\u00e9ussite de votre mission et la p\u00e9rennit\u00e9 de notre collaboration.<\/li>\n<li>La ma\u00eetrise de l\u2019Anglais technique est un atout suppl\u00e9mentaire.<\/li>\n<li>Poste en CDI<\/li>\n<li>R\u00e9mun\u00e9ration\u00a0: selon profil et exp\u00e9rience<\/li>\n<\/ul>\n<\/div><\/section>\n<div  style='padding-bottom:10px; ' class='av-special-heading av-special-heading-h3    avia-builder-el-11  el_after_av_textblock  el_before_av_textblock  '><h3 class='av-special-heading-tag '  itemprop=\"headline\"  >ENVOYEZ-NOUS VOTRE CV<\/h3><div class='special-heading-border'><div class='special-heading-inner-border' ><\/div><\/div><\/div>\n<section class=\"av_textblock_section \"  itemscope=\"itemscope\" itemtype=\"https:\/\/schema.org\/CreativeWork\" ><div class='avia_textblock  '   itemprop=\"text\" ><p><em><span id=\"result_box\" lang=\"fr\"><span class=\"hps\">(*) Champs obligatoires<\/span><\/span><\/em><\/p>\n<\/div><\/section>\n\n<section class=\"av_textblock_section \"  itemscope=\"itemscope\" itemtype=\"https:\/\/schema.org\/CreativeWork\" ><div class='avia_textblock  '   itemprop=\"text\" ><p><span id=\"result_box\" lang=\"fr\"><strong><span class=\"hps\">Information:<\/span><\/strong> <span class=\"hps\">Si vous<\/span> <span class=\"hps\">rencontrez des probl\u00e8mes dans<\/span> <span class=\"hps\">l&rsquo;envoi des informations<\/span>, <span class=\"hps\">vous pouvez nous contacter<\/span> <span class=\"hps\">en envoyant un e<\/span>-mail avec <span class=\"hps\">vos coordonn\u00e9es \u00e0<\/span> <span class=\"hps\">l&rsquo;adresse<\/span> <span class=\"hps\">info@forvatec.com<\/span>.<\/span><\/p>\n<\/div><\/section>\n","protected":false},"excerpt":{"rendered":"","protected":false},"author":1,"featured_media":0,"parent":4284,"menu_order":2,"comment_status":"closed","ping_status":"closed","template":"","meta":{"footnotes":""},"aioseo_notices":[],"_links":{"self":[{"href":"https:\/\/www.forvatec.com\/fr\/wp-json\/wp\/v2\/pages\/4292"}],"collection":[{"href":"https:\/\/www.forvatec.com\/fr\/wp-json\/wp\/v2\/pages"}],"about":[{"href":"https:\/\/www.forvatec.com\/fr\/wp-json\/wp\/v2\/types\/page"}],"author":[{"embeddable":true,"href":"https:\/\/www.forvatec.com\/fr\/wp-json\/wp\/v2\/users\/1"}],"replies":[{"embeddable":true,"href":"https:\/\/www.forvatec.com\/fr\/wp-json\/wp\/v2\/comments?post=4292"}],"version-history":[{"count":15,"href":"https:\/\/www.forvatec.com\/fr\/wp-json\/wp\/v2\/pages\/4292\/revisions"}],"predecessor-version":[{"id":4946,"href":"https:\/\/www.forvatec.com\/fr\/wp-json\/wp\/v2\/pages\/4292\/revisions\/4946"}],"up":[{"embeddable":true,"href":"https:\/\/www.forvatec.com\/fr\/wp-json\/wp\/v2\/pages\/4284"}],"wp:attachment":[{"href":"https:\/\/www.forvatec.com\/fr\/wp-json\/wp\/v2\/media?parent=4292"}],"curies":[{"name":"wp","href":"https:\/\/api.w.org\/{rel}","templated":true}]}}