{"id":4836,"date":"2016-01-03T12:39:57","date_gmt":"2016-01-03T12:39:57","guid":{"rendered":"http:\/\/www.forvatec.com\/fr\/?page_id=4836"},"modified":"2016-01-03T12:47:28","modified_gmt":"2016-01-03T12:47:28","slug":"espace-prive","status":"publish","type":"page","link":"https:\/\/www.forvatec.com\/fr\/espace-prive\/","title":{"rendered":"Espace Priv\u00e9"},"content":{"rendered":"Vous devez \u00eatre connect\u00e9 pour voir ce contenu.","protected":false},"excerpt":{"rendered":"Vous devez \u00eatre connect\u00e9 pour voir ce contenu.","protected":false},"author":1,"featured_media":0,"parent":0,"menu_order":0,"comment_status":"closed","ping_status":"closed","template":"","meta":{"footnotes":""},"aioseo_notices":[],"_links":{"self":[{"href":"https:\/\/www.forvatec.com\/fr\/wp-json\/wp\/v2\/pages\/4836"}],"collection":[{"href":"https:\/\/www.forvatec.com\/fr\/wp-json\/wp\/v2\/pages"}],"about":[{"href":"https:\/\/www.forvatec.com\/fr\/wp-json\/wp\/v2\/types\/page"}],"author":[{"embeddable":true,"href":"https:\/\/www.forvatec.com\/fr\/wp-json\/wp\/v2\/users\/1"}],"replies":[{"embeddable":true,"href":"https:\/\/www.forvatec.com\/fr\/wp-json\/wp\/v2\/comments?post=4836"}],"version-history":[{"count":1,"href":"https:\/\/www.forvatec.com\/fr\/wp-json\/wp\/v2\/pages\/4836\/revisions"}],"predecessor-version":[{"id":4837,"href":"https:\/\/www.forvatec.com\/fr\/wp-json\/wp\/v2\/pages\/4836\/revisions\/4837"}],"wp:attachment":[{"href":"https:\/\/www.forvatec.com\/fr\/wp-json\/wp\/v2\/media?parent=4836"}],"curies":[{"name":"wp","href":"https:\/\/api.w.org\/{rel}","templated":true}]}}