{"id":5747,"date":"2018-07-26T09:13:11","date_gmt":"2018-07-26T09:13:11","guid":{"rendered":"http:\/\/www.forvatec.com\/fr\/?page_id=5747"},"modified":"2018-07-27T13:56:50","modified_gmt":"2018-07-27T13:56:50","slug":"vehicules-gnc","status":"publish","type":"page","link":"https:\/\/www.forvatec.com\/fr\/formations\/vehicules-gnc\/","title":{"rendered":"V\u00e9hicules GNV-GNC"},"content":{"rendered":"<div id='layer_slider_1'  class='avia-layerslider main_color avia-shadow  avia-builder-el-0  el_before_av_one_full  avia-builder-el-first  container_wrap sidebar_right' style='  height: 201px;' ><\/div><div id='after_layer_slider_1'  class='main_color av_default_container_wrap container_wrap sidebar_right' style=' '  ><div class='container' ><div class='template-page content  av-content-small alpha units'><div class='post-entry post-entry-type-page post-entry-5747'><div class='entry-content-wrapper clearfix'>\n<div class=\"flex_column av_one_full  flex_column_div av-zero-column-padding first  avia-builder-el-1  el_after_av_layerslider  avia-builder-el-no-sibling  \" style='border-radius:0px; '><p><section class=\"av_textblock_section \"  itemscope=\"itemscope\" itemtype=\"https:\/\/schema.org\/CreativeWork\" ><div class='avia_textblock  '   itemprop=\"text\" ><p>Du fait de la limitation de plus en plus importante des rejets des \u00e9missions polluantes, la commercialisation de v\u00e9hicules lourds et l\u00e9gers \u00e9quip\u00e9s de moteurs <strong>GNC-GNV (gaz naturel)<\/strong> ne cesse d&rsquo;augmenter.<\/p>\n<p><strong>FORVATEC<\/strong> travaille en partenariat avec de nombreux constructeurs de v\u00e9hicules afin de concevoir et fournir\u00a0des formations \u00ab\u00a0gaz\u00a0\u00bb\u00a0\u00e0 son r\u00e9seau (tant pour ses formateurs que pour ses propres\u00a0techniciens). Les cours sont dispens\u00e9s en anglais, fran\u00e7ais et espagnol.<\/p>\n<p>De plus, en France, il faut que les personnes qui interviennent sur ces types de\u00a0v\u00e9hicules soient habilit\u00e9es. Forvatec propose des formations qualifiantes pour les op\u00e9rations de <strong>niveau 1, 2 et 3<\/strong>.<\/p>\n<p><img loading=\"lazy\" decoding=\"async\" class=\"size-medium wp-image-5764 alignright\" src=\"http:\/\/www.forvatec.com\/wp-content\/uploads\/2018\/07\/gnc-300x176.png\" alt=\"\" width=\"300\" height=\"176\" srcset=\"https:\/\/www.forvatec.com\/wp-content\/uploads\/2018\/07\/gnc-300x176.png 300w, https:\/\/www.forvatec.com\/wp-content\/uploads\/2018\/07\/gnc-450x264.png 450w, https:\/\/www.forvatec.com\/wp-content\/uploads\/2018\/07\/gnc.png 556w\" sizes=\"(max-width: 300px) 100vw, 300px\" \/>La formation aborde les aspects suivants:<\/p>\n<ul>\n<li>Origine et composition du gaz naturel<\/li>\n<li>R\u00e9glementation ATEX pour le travail sur v\u00e9hicule fonctionnant au gaz naturel<\/li>\n<li>Risques et pr\u00e9cautions \u00e0 prendre pour les v\u00e9hicules et les installations<\/li>\n<li>Circuit et composants du syst\u00e8me haute pression gaz (d\u00e9pose des r\u00e9servoir inclue)<\/li>\n<li>Circuit et composants du syst\u00e8me basse pression gaz<\/li>\n<li>Circuit et composants du syst\u00e8me moteur<\/li>\n<li>Diagnostic<\/li>\n<li>Maintenance des v\u00e9hicules.<\/li>\n<\/ul>\n<\/div><\/section><br \/>\n<div   class='hr hr-default   avia-builder-el-3  el_after_av_textblock  el_before_av_contact '><span class='hr-inner ' ><span class='hr-inner-style'><\/span><\/span><\/div><br \/>\n<form action=\"https:\/\/www.forvatec.com\/fr\/formations\/vehicules-gnc\/\" method=\"post\"  class=\"avia_ajax_form av-form-labels-visible   avia-builder-el-4  el_after_av_hr  avia-builder-el-last   \" data-avia-form-id=\"1\" data-avia-redirect='' ><h3 class=''>Vous souhaitez \u00eatre contact\u00e9 pour un compl\u00e9ment d\u2019information?<\/h3><fieldset><p class='  first_form  form_element form_element_third' id='element_avia_1_1'><label for=\"avia_1_1\">Nom <abbr class=\"required\" title=\"requis(e)\">*<\/abbr><\/label> <input name=\"avia_1_1\" class=\"text_input is_empty\" type=\"text\" id=\"avia_1_1\" value=\"\" \/><\/p><p class='  form_element form_element_third' id='element_avia_2_1'><label for=\"avia_2_1\">Courrier \u00e9lectronique <abbr class=\"required\" title=\"requis(e)\">*<\/abbr><\/label> <input name=\"avia_2_1\" class=\"text_input is_email\" type=\"text\" id=\"avia_2_1\" value=\"\" \/><\/p><p class='  form_element form_element_third av-last-visible-form-element' id='element_avia_3_1'><label for=\"avia_3_1\">T\u00e9l\u00e9phone<\/label> <input name=\"avia_3_1\" class=\"text_input \" type=\"text\" id=\"avia_3_1\" value=\"\" \/><\/p><p class=\"hidden\"><input type=\"text\" name=\"avia_4_1\" class=\"hidden \" id=\"avia_4_1\" value=\"\" \/><\/p><p class=\"form_element \"><input type=\"hidden\" value=\"1\" name=\"avia_generated_form1\" \/><input type=\"submit\" value=\"Envoyer\" class=\"button\"  data-sending-label=\"Envoi\"\/><\/p><\/fieldset><\/form><div id=\"ajaxresponse_1\" class=\"ajaxresponse ajaxresponse_1 hidden\"><\/div><\/p><\/div>\n","protected":false},"excerpt":{"rendered":"","protected":false},"author":1,"featured_media":0,"parent":4223,"menu_order":7,"comment_status":"closed","ping_status":"closed","template":"","meta":{"footnotes":""},"aioseo_notices":[],"_links":{"self":[{"href":"https:\/\/www.forvatec.com\/fr\/wp-json\/wp\/v2\/pages\/5747"}],"collection":[{"href":"https:\/\/www.forvatec.com\/fr\/wp-json\/wp\/v2\/pages"}],"about":[{"href":"https:\/\/www.forvatec.com\/fr\/wp-json\/wp\/v2\/types\/page"}],"author":[{"embeddable":true,"href":"https:\/\/www.forvatec.com\/fr\/wp-json\/wp\/v2\/users\/1"}],"replies":[{"embeddable":true,"href":"https:\/\/www.forvatec.com\/fr\/wp-json\/wp\/v2\/comments?post=5747"}],"version-history":[{"count":7,"href":"https:\/\/www.forvatec.com\/fr\/wp-json\/wp\/v2\/pages\/5747\/revisions"}],"predecessor-version":[{"id":5855,"href":"https:\/\/www.forvatec.com\/fr\/wp-json\/wp\/v2\/pages\/5747\/revisions\/5855"}],"up":[{"embeddable":true,"href":"https:\/\/www.forvatec.com\/fr\/wp-json\/wp\/v2\/pages\/4223"}],"wp:attachment":[{"href":"https:\/\/www.forvatec.com\/fr\/wp-json\/wp\/v2\/media?parent=5747"}],"curies":[{"name":"wp","href":"https:\/\/api.w.org\/{rel}","templated":true}]}}