{"id":6883,"date":"2020-08-17T17:25:13","date_gmt":"2020-08-17T17:25:13","guid":{"rendered":"http:\/\/www.forvatec.com\/fr\/?page_id=6883"},"modified":"2020-08-17T17:25:42","modified_gmt":"2020-08-17T17:25:42","slug":"mentions-legales","status":"publish","type":"page","link":"https:\/\/www.forvatec.com\/fr\/mentions-legales\/","title":{"rendered":"Mentions l\u00e9gales"},"content":{"rendered":"<h2>D\u00e9nomination<\/h2>\n<p>FORVATEC<br \/>\nN\u00b0SIRET : 48315799600024<br \/>\nCode APE : 8559A<br \/>\nTVA intra-communautaire FR : 90 483 157 996<br \/>\nN\u00b0 de d\u00e9claration d\u2019existence 52 72 01122 72<\/p>\n<h2>Si\u00e8ge social<\/h2>\n<p>FORVATEC<br \/>\n125 route de la couture<br \/>\n72250 Parign\u00e9 L\u2019Ev\u00eaque<br \/>\nN\u00b0 de t\u00e9l\u00e9phone : 02 43 82 85 77<\/p>\n<h2>Nom du directeur de la publication<\/h2>\n<p>Philippe GRISARD, G\u00e9rant<\/p>\n<h2>H\u00e9bergement<\/h2>\n<p>Ce site est h\u00e9berg\u00e9 par la soci\u00e9t\u00e9 GANDI SAS (https:\/\/www.gandi.net): 63-65 boulevard Mass\u00e9na, 75013 Paris, France.<\/p>\n<h2>Politique de protection des donn\u00e9es personnelles<\/h2>\n<p>Voir notre page consacr\u00e9e<\/p>\n<h2>Politique d&rsquo;utilisation des cookies<\/h2>\n<p>Un cookie (cookie HTTP, cookie web ou encore cookie navigateur) est un petit texte stock\u00e9 par votre navigateur, qui lui permet de conserver des informations entre les pages internet et les sessions de navigation. Chaque fois que l\u2019utilisateur charge le site, le navigateur envoie le cookie au serveur pour le notifier qu\u2019il s\u2019agit d\u2019un utilisateur d\u00e9j\u00e0 venu sur le site. Les cookies ont \u00e9t\u00e9 con\u00e7us comme un m\u00e9canisme fiable qui permet de sauvegarder des informations utiles (comme des \u00e9l\u00e9ments ajout\u00e9s \u00e0 votre panier d\u2019achat) ou pour enregistrer les donn\u00e9es de navigation de l\u2019utilisateur (clics sur certains boutons, la connexion au site ou l\u2019enregistrement des pages d\u00e9j\u00e0 visit\u00e9es par un utilisateur il y a plusieurs mois ou plusieurs ann\u00e9es).<br \/>\nToutefois, les donn\u00e9es obtenues sont restreintes. Elles concernent uniquement le nombre de pages visit\u00e9es, la ville o\u00f9 est localis\u00e9e l\u2019adresse IP de connexion au site web, la fr\u00e9quence et la r\u00e9currence des visites, la dur\u00e9e de la visite, le navigateur, l\u2019op\u00e9rateur ou le type de terminal \u00e0 partir duquel la visite est effectu\u00e9e. Des donn\u00e9es telles que le nom, le pr\u00e9nom de l\u2019utilisateur ou l&rsquo;adresse postale de connexion ne sont en aucun cas obtenues.<\/p>\n<p>Vous pouvez autoriser, bloquer ou supprimer les cookies install\u00e9s sur votre poste en param\u00e9trant les options de votre navigateur.<br \/>\nPour en savoir plus sur les cookies, rendez-vous sur www.allaboutcookies.org<\/p>\n","protected":false},"excerpt":{"rendered":"<p>D\u00e9nomination FORVATEC N\u00b0SIRET : 48315799600024 Code APE : 8559A TVA intra-communautaire FR : 90 483 157 996 N\u00b0 de d\u00e9claration d\u2019existence 52 72 01122 72 Si\u00e8ge social FORVATEC 125 route [&hellip;]<\/p>\n","protected":false},"author":1,"featured_media":0,"parent":0,"menu_order":0,"comment_status":"closed","ping_status":"closed","template":"","meta":{"footnotes":""},"aioseo_notices":[],"_links":{"self":[{"href":"https:\/\/www.forvatec.com\/fr\/wp-json\/wp\/v2\/pages\/6883"}],"collection":[{"href":"https:\/\/www.forvatec.com\/fr\/wp-json\/wp\/v2\/pages"}],"about":[{"href":"https:\/\/www.forvatec.com\/fr\/wp-json\/wp\/v2\/types\/page"}],"author":[{"embeddable":true,"href":"https:\/\/www.forvatec.com\/fr\/wp-json\/wp\/v2\/users\/1"}],"replies":[{"embeddable":true,"href":"https:\/\/www.forvatec.com\/fr\/wp-json\/wp\/v2\/comments?post=6883"}],"version-history":[{"count":2,"href":"https:\/\/www.forvatec.com\/fr\/wp-json\/wp\/v2\/pages\/6883\/revisions"}],"predecessor-version":[{"id":6887,"href":"https:\/\/www.forvatec.com\/fr\/wp-json\/wp\/v2\/pages\/6883\/revisions\/6887"}],"wp:attachment":[{"href":"https:\/\/www.forvatec.com\/fr\/wp-json\/wp\/v2\/media?parent=6883"}],"curies":[{"name":"wp","href":"https:\/\/api.w.org\/{rel}","templated":true}]}}