{"id":6888,"date":"2020-08-17T17:31:28","date_gmt":"2020-08-17T17:31:28","guid":{"rendered":"http:\/\/www.forvatec.com\/fr\/?page_id=6888"},"modified":"2020-08-17T17:31:28","modified_gmt":"2020-08-17T17:31:28","slug":"donnees-personnelles","status":"publish","type":"page","link":"https:\/\/www.forvatec.com\/fr\/donnees-personnelles\/","title":{"rendered":"Donn\u00e9es personnelles"},"content":{"rendered":"<p>FORVATEC s\u2019engage \u00e0 ce que la collecte et le traitement de vos donn\u00e9es personnelles effectu\u00e9s \u00e0 partir du site www.forvatec.com soient conformes \u00e0 la loi n\u00b0 78-17 du 6 janvier 1978 modifi\u00e9e, relative \u00e0 l\u2019informatique, aux fichiers et aux libert\u00e9s (dite \u00ab Loi Informatique et Libert\u00e9s \u00bb) et du R\u00e8glement (UE) n\u00b0 2016\/679 du 27 avril 2016 dit \u00ab R\u00e8glement g\u00e9n\u00e9ral sur la protection des donn\u00e9es \u00bb (ou \u00ab RGDP \u00bb).<\/p>\n<p>Cette politique d\u00e9crit la mani\u00e8re dont FORVATEC s\u2019engage \u00e0 collecter, utiliser et prot\u00e9ger vos donn\u00e9es personnelles.<\/p>\n<h2>Pourquoi vos donn\u00e9es sont-elles collect\u00e9es?<\/h2>\n<p>Vos donn\u00e9es servent uniquement \u00e0 des fins l\u00e9gitimes port\u00e9es \u00e0 votre connaissance et restent strictement confidentielles.<br \/>\nSur notre site <strong>www.forvatec.com<\/strong>, les finalit\u00e9s pour lesquelles vos donn\u00e9es sont collect\u00e9es sont les suivantes :<\/p>\n<ul>\n<li>Vous permettre de trouver une formation<\/li>\n<li>Nous permettre de prendre en compte vos demandes d\u2019information<\/li>\n<li>Nous permettre de prendre en compte vos demandes d\u2019inscription<\/li>\n<li>G\u00e9rer vos candidatures pour un \u00e9ventuel recrutement.<\/li>\n<li>R\u00e9aliser des statistiques d\u2019audience du site internet, afin de nous permettre de l\u2019am\u00e9liorer et vous proposer une exp\u00e9rience de navigation optimale<\/li>\n<li>Am\u00e9liorer la convivialit\u00e9 du site et aider \u00e0 sa promotion notamment sur Twitter, Facebook, LinkedIn, You Tube.<\/li>\n<\/ul>\n<p>FORVATEC s\u2019engage \u00e0 traiter vos donn\u00e9es personnelles dans le strict respect de ces finalit\u00e9s, et n\u2019entend en aucun cas les utiliser \u00e0 d\u2019autres fins.<\/p>\n<h2>Quelles cat\u00e9gories de donn\u00e9es sont collect\u00e9es ?<\/h2>\n<h4>Nous ne collectons que des donn\u00e9es pertinentes ad\u00e9quates et n\u00e9cessaires<\/h4>\n<p>Les cat\u00e9gories de donn\u00e9es collect\u00e9es sont les suivantes:<\/p>\n<ul>\n<li>Les donn\u00e9es de civilit\u00e9 : nom, pr\u00e9nom, adresse email, C.V.<\/li>\n<\/ul>\n<p>Les donn\u00e9es personnelles collect\u00e9es par FORVATEC sont uniquement n\u00e9cessaires \u00e0 la r\u00e9alisation des finalit\u00e9s des traitements mis en \u0153uvre. FORVATEC s\u2019engage \u00e0 ne pas collecter plus de donn\u00e9es que n\u00e9cessaire.<\/p>\n<h2>Qui est destinataire de vos donn\u00e9es?<\/h2>\n<h4>Seules les personnes habilit\u00e9es ont acc\u00e8s \u00e0 vos donn\u00e9es<\/h4>\n<p>L\u2019acc\u00e8s \u00e0 vos donn\u00e9es personnelles est strictement limit\u00e9 aux personnes habilit\u00e9es et d\u00e9termin\u00e9es de FORVATEC et de nos prestataires, partenaire ou sous-traitant dont les dispositions techniques et organisationnelles pour la protection de vos donn\u00e9es sont \u00e9tablies. Ces personnes sont celles qui, de par leur fonction, sont l\u00e9gitimes \u00e0 se voir communiquer vos donn\u00e9es afin de r\u00e9aliser les finalit\u00e9s qui vous ont \u00e9t\u00e9 pr\u00e9alablement d\u00e9crites.<\/p>\n<p>Le site www.forvatec.com propose un lien hypertexte vers les r\u00e9seaux sociaux Facebook, Twitter, LinkedIn, permettant de visiter sa page sur le r\u00e9seau social concern\u00e9 mais il n\u2019y a pas de d\u00e9p\u00f4t de cookies. N\u2019ayant pas de contr\u00f4le sur l\u2019usage de ces fonctionnalit\u00e9s par ces acteurs, nous vous invitons \u00e0 prendre connaissance de la politique de gestion des donn\u00e9es personnelles propre au r\u00e9seau social concern\u00e9.<\/p>\n<p>Tout prestataire, partenaire ou sous-traitant amen\u00e9, \u00e0 cette occasion, \u00e0 prendre connaissance de ces donn\u00e9es \u00e0 caract\u00e8re personnel sera soumis \u00e0 une obligation de confidentialit\u00e9. Ils devront notamment s\u2019interdire d\u2019utiliser pour leur propre compte ou encore de communiquer \u00e0 des tiers tout ou partie de ces donn\u00e9es.<\/p>\n<p>Vos donn\u00e9es personnelles ne seront jamais vendues, partag\u00e9es, communiqu\u00e9es ou transf\u00e9r\u00e9es \u00e0 un tiers non autoris\u00e9 par la pr\u00e9sente politique de protection des donn\u00e9es personnelles.<\/p>\n<h2>Combien de temps sont conserv\u00e9es vos donn\u00e9es collect\u00e9es ?<\/h2>\n<h4>Vos donn\u00e9es sont conserv\u00e9es uniquement le temps n\u00e9cessaire<\/h4>\n<p>Conform\u00e9ment aux dispositions l\u00e9gales en vigueur, FORVATEC ne conserve vos donn\u00e9es personnelles que le temps n\u00e9cessaire aux finalit\u00e9s pour lesquelles elles sont collect\u00e9es et trait\u00e9es.<br \/>\nComment FORVATEC prot\u00e8ge vos donn\u00e9es personnelles ?<br \/>\nVos donn\u00e9es sont s\u00e9curis\u00e9es<br \/>\nFORVATEC met en place des moyens de s\u00e9curisation physique et logique afin de prot\u00e9ger vos donn\u00e9es personnelles des acc\u00e8s non autoris\u00e9s, de l\u2019usage impropre, de la divulgation, de la perte et de la destruction.<br \/>\nIl est toutefois de votre responsabilit\u00e9 de vous assurer que les terminaux que vous utilisez sont s\u00e9curis\u00e9s de mani\u00e8re ad\u00e9quate et prot\u00e9g\u00e9s contre les logiciels malveillants tels que les chevaux de Troie et les virus. Vous \u00eates inform\u00e9 du fait que sans des mesures de s\u00e9curit\u00e9 ad\u00e9quates, vous courez le risque que vos donn\u00e9es soient capt\u00e9es ou divulgu\u00e9es \u00e0 des tiers non autoris\u00e9s.<\/p>\n<h2>Qu\u2019est-ce que les cookies et comment les g\u00e9rer ?<\/h2>\n<p>Nous vous invitons \u00e0 consulter notre politique de gestion des cookies (rubrique mentions l\u00e9gales).<\/p>\n<h2>Quels sont vos droits sur vos donn\u00e9es et comment les exercer ?<\/h2>\n<h4>Vous gardez le contr\u00f4le sur vos donn\u00e9es<\/h4>\n<p>Conform\u00e9ment aux dispositions de la Loi Informatique et Libert\u00e9s et du RGPD, vous disposez, \u00e0 tout moment, d\u2019un droit d\u2019acc\u00e8s, de rectification, de limitation, d\u2019effacement des donn\u00e9es personnelles vous concernant. Vous disposez \u00e9galement d\u2019un droit d\u2019opposition, pour motif l\u00e9gitime \u00e0 leur traitement ult\u00e9rieur et du droit de retirer votre consentement \u00e0 tout moment.<\/p>\n<p>Vous pouvez exercer vos droits \u00e0 tout moment aupr\u00e8s de FORVATEC, par voie postale \u00e0 l\u2019adresse suivante : FORVATEC \u2013 125 route de la couture \u2013 72250 PARIGNE L\u2019EVEQUE ou par email \u00e0 l\u2019adresse suivante : formation@forvatec.com.<\/p>\n<p>Vous disposez \u00e9galement du droit d\u2019introduire une r\u00e9clamation aupr\u00e8s de la Commission Nationale de l\u2019Informatique et des Libert\u00e9s.<\/p>\n","protected":false},"excerpt":{"rendered":"<p>FORVATEC s\u2019engage \u00e0 ce que la collecte et le traitement de vos donn\u00e9es personnelles effectu\u00e9s \u00e0 partir du site www.forvatec.com soient conformes \u00e0 la loi n\u00b0 78-17 du 6 janvier [&hellip;]<\/p>\n","protected":false},"author":1,"featured_media":0,"parent":0,"menu_order":0,"comment_status":"closed","ping_status":"closed","template":"","meta":{"footnotes":""},"aioseo_notices":[],"_links":{"self":[{"href":"https:\/\/www.forvatec.com\/fr\/wp-json\/wp\/v2\/pages\/6888"}],"collection":[{"href":"https:\/\/www.forvatec.com\/fr\/wp-json\/wp\/v2\/pages"}],"about":[{"href":"https:\/\/www.forvatec.com\/fr\/wp-json\/wp\/v2\/types\/page"}],"author":[{"embeddable":true,"href":"https:\/\/www.forvatec.com\/fr\/wp-json\/wp\/v2\/users\/1"}],"replies":[{"embeddable":true,"href":"https:\/\/www.forvatec.com\/fr\/wp-json\/wp\/v2\/comments?post=6888"}],"version-history":[{"count":2,"href":"https:\/\/www.forvatec.com\/fr\/wp-json\/wp\/v2\/pages\/6888\/revisions"}],"predecessor-version":[{"id":6890,"href":"https:\/\/www.forvatec.com\/fr\/wp-json\/wp\/v2\/pages\/6888\/revisions\/6890"}],"wp:attachment":[{"href":"https:\/\/www.forvatec.com\/fr\/wp-json\/wp\/v2\/media?parent=6888"}],"curies":[{"name":"wp","href":"https:\/\/api.w.org\/{rel}","templated":true}]}}