{"id":8220,"date":"2024-06-26T17:13:50","date_gmt":"2024-06-26T17:13:50","guid":{"rendered":"https:\/\/www.forvatec.com\/fr\/?page_id=8220"},"modified":"2026-01-12T11:29:37","modified_gmt":"2026-01-12T11:29:37","slug":"accessibilite-psh","status":"publish","type":"page","link":"https:\/\/www.forvatec.com\/fr\/accessibilite-psh\/","title":{"rendered":"Accessibilit\u00e9 \/ PSH"},"content":{"rendered":"<div class=\"flex_column av_one_full  flex_column_div av-zero-column-padding first  avia-builder-el-0  el_before_av_one_half  avia-builder-el-first  \" style='border-radius:0px; '><div  style='padding-bottom:10px; ' class='av-special-heading av-special-heading-h3    avia-builder-el-1  avia-builder-el-no-sibling  '><h3 class='av-special-heading-tag '  itemprop=\"headline\"  >Accessibilit\u00e9 \/ PSH<\/h3><div class='special-heading-border'><div class='special-heading-inner-border' ><\/div><\/div><\/div><\/div>\n<div class=\"flex_column av_one_half  flex_column_div first  avia-builder-el-2  el_after_av_one_full  el_before_av_one_half  column-top-margin\" ><section class=\"av_textblock_section \"  itemscope=\"itemscope\" itemtype=\"https:\/\/schema.org\/CreativeWork\" ><div class='avia_textblock  '   itemprop=\"text\" ><blockquote>\n<p>L\u2019ensemble de nos formations sont accessibles \u00e0 tout public, y compris les <strong>personnes en situation de handicap (PSH).<\/strong><\/p>\n<\/blockquote>\n<p>Quelque-soit votre handicap (compr\u00e9hension du Fran\u00e7ais, probl\u00e8me d\u2019\u00e9locution, dyslexie, malentendant, etc.), notre \u00e9quipe est \u00e0 votre \u00e9coute pour vous accompagner dans vos projets de formations.<\/p>\n<\/div><\/section><\/div>\n<div class=\"flex_column av_one_half  flex_column_div   avia-builder-el-4  el_after_av_one_half  el_before_av_one_full  column-top-margin\" ><div  class='avia-image-container  av-styling-    avia-builder-el-5  avia-builder-el-no-sibling  avia-align-center '  itemprop=\"image\" itemscope=\"itemscope\" itemtype=\"https:\/\/schema.org\/ImageObject\"  ><div class='avia-image-container-inner'><div class='avia-image-overlay-wrap'><img decoding=\"async\" class='wp-image-8192 avia-img-lazy-loading-not-8192 avia_image' src=\"https:\/\/www.forvatec.com\/wp-content\/uploads\/2024\/06\/Accessibilite-PSH-1030x456.jpg\" alt='' title='Accessibilit\u00e9-PSH' height=\"456\" width=\"1030\"  itemprop=\"thumbnailUrl\" srcset=\"https:\/\/www.forvatec.com\/wp-content\/uploads\/2024\/06\/Accessibilite-PSH-1030x456.jpg 1030w, https:\/\/www.forvatec.com\/wp-content\/uploads\/2024\/06\/Accessibilite-PSH-300x133.jpg 300w, https:\/\/www.forvatec.com\/wp-content\/uploads\/2024\/06\/Accessibilite-PSH-768x340.jpg 768w, https:\/\/www.forvatec.com\/wp-content\/uploads\/2024\/06\/Accessibilite-PSH-705x312.jpg 705w, https:\/\/www.forvatec.com\/wp-content\/uploads\/2024\/06\/Accessibilite-PSH.jpg 1120w\" sizes=\"(max-width: 1030px) 100vw, 1030px\" \/><\/div><\/div><\/div><\/div>\n<div class=\"flex_column av_one_full  flex_column_div av-zero-column-padding first  avia-builder-el-6  el_after_av_one_half  el_before_av_one_full  column-top-margin\" style='border-radius:0px; '><p><div  style='padding-bottom:10px; ' class='av-special-heading av-special-heading-h3    avia-builder-el-7  el_before_av_textblock  avia-builder-el-first  '><h3 class='av-special-heading-tag '  itemprop=\"headline\"  >Pour toute information, contactez notre r\u00e9f\u00e9rent handicap<\/h3><div class='special-heading-border'><div class='special-heading-inner-border' ><\/div><\/div><\/div><br \/>\n<section class=\"av_textblock_section \"  itemscope=\"itemscope\" itemtype=\"https:\/\/schema.org\/CreativeWork\" ><div class='avia_textblock  '   itemprop=\"text\" ><p><strong>Fabienne GRISARD<\/strong><\/p>\n<ul>\n<li><strong>T\u00e9l:<\/strong> 0243828577<\/li>\n<li><strong>e-mail:<\/strong> fabienne.grisard@forvatec.com<\/li>\n<\/ul>\n<\/div><\/section><\/p><\/div>\n<div class=\"flex_column av_one_full  flex_column_div av-zero-column-padding first  avia-builder-el-9  el_after_av_one_full  avia-builder-el-last  column-top-margin\" style='border-radius:0px; '><p><div  style='padding-bottom:10px; ' class='av-special-heading av-special-heading-h3    avia-builder-el-10  el_before_av_textblock  avia-builder-el-first  '><h3 class='av-special-heading-tag '  itemprop=\"headline\"  >R\u00e8glement int\u00e9rieur<\/h3><div class='special-heading-border'><div class='special-heading-inner-border' ><\/div><\/div><\/div><br \/>\n<section class=\"av_textblock_section \"  itemscope=\"itemscope\" itemtype=\"https:\/\/schema.org\/CreativeWork\" ><div class='avia_textblock  '   itemprop=\"text\" ><p>Consultez notre <a href=\"https:\/\/www.forvatec.com\/wp-content\/uploads\/2026\/01\/Reglement-interieur-FORVATEC_v0126.pdf\"><strong>r\u00e8glement int\u00e9rieur.<\/strong><\/a><\/p>\n<\/div><\/section><\/p><\/div>\n","protected":false},"excerpt":{"rendered":"","protected":false},"author":1,"featured_media":0,"parent":0,"menu_order":0,"comment_status":"open","ping_status":"closed","template":"","meta":{"footnotes":""},"aioseo_notices":[],"_links":{"self":[{"href":"https:\/\/www.forvatec.com\/fr\/wp-json\/wp\/v2\/pages\/8220"}],"collection":[{"href":"https:\/\/www.forvatec.com\/fr\/wp-json\/wp\/v2\/pages"}],"about":[{"href":"https:\/\/www.forvatec.com\/fr\/wp-json\/wp\/v2\/types\/page"}],"author":[{"embeddable":true,"href":"https:\/\/www.forvatec.com\/fr\/wp-json\/wp\/v2\/users\/1"}],"replies":[{"embeddable":true,"href":"https:\/\/www.forvatec.com\/fr\/wp-json\/wp\/v2\/comments?post=8220"}],"version-history":[{"count":11,"href":"https:\/\/www.forvatec.com\/fr\/wp-json\/wp\/v2\/pages\/8220\/revisions"}],"predecessor-version":[{"id":8851,"href":"https:\/\/www.forvatec.com\/fr\/wp-json\/wp\/v2\/pages\/8220\/revisions\/8851"}],"wp:attachment":[{"href":"https:\/\/www.forvatec.com\/fr\/wp-json\/wp\/v2\/media?parent=8220"}],"curies":[{"name":"wp","href":"https:\/\/api.w.org\/{rel}","templated":true}]}}