{"id":8742,"date":"2025-10-14T20:32:24","date_gmt":"2025-10-14T20:32:24","guid":{"rendered":"https:\/\/www.forvatec.com\/fr\/?page_id=8742"},"modified":"2025-10-17T19:16:32","modified_gmt":"2025-10-17T19:16:32","slug":"cid","status":"publish","type":"page","link":"https:\/\/www.forvatec.com\/fr\/cid\/","title":{"rendered":"CID (Contr\u00f4le par Inspection D\u00e9taill\u00e9e)"},"content":{"rendered":"<div class='flex_column_table av-equal-height-column-flextable -flextable' ><div class=\"flex_column av_two_third  flex_column_table_cell av-equal-height-column av-align-middle av-zero-column-padding first  avia-builder-el-0  el_before_av_one_third  avia-builder-el-first  \" style='border-radius:0px; '><p><div  style='padding-bottom:10px; ' class='av-special-heading av-special-heading-h4    avia-builder-el-1  el_before_av_textblock  avia-builder-el-first  '><h4 class='av-special-heading-tag '  itemprop=\"headline\"  >Que dit la r\u00e9glementation?<\/h4><div class='special-heading-border'><div class='special-heading-inner-border' ><\/div><\/div><\/div><br \/>\n<section class=\"av_textblock_section \"  itemscope=\"itemscope\" itemtype=\"https:\/\/schema.org\/CreativeWork\" ><div class='avia_textblock  '   itemprop=\"text\" ><p>La r\u00e9glementation, \u00e9tablie par l\u2019arr\u00eat\u00e9 du 12 juillet 2010 et le r\u00e8glement CEEONU R110, rend obligatoire le contr\u00f4le CID du circuit Gaz tous les 4 ans, ainsi qu\u2019en cas:<\/p>\n<ul>\n<li>D&rsquo;accident,<\/li>\n<li>De remplacement de r\u00e9servoirs,<\/li>\n<li>De modification notable du circuit,<\/li>\n<li>D&rsquo;exposition du v\u00e9hicule \u00e0 une surpression ou \u00e0 un incendie.<\/li>\n<\/ul>\n<p>Il est \u00e9galement conseill\u00e9 lors de la vente ou l\u2019achat d\u2019un v\u00e9hicule aliment\u00e9 au Gaz.<\/p>\n<\/div><\/section><\/p><\/div><div class='av-flex-placeholder'><\/div><div class=\"flex_column av_one_third  flex_column_table_cell av-equal-height-column av-align-middle av-zero-column-padding   avia-builder-el-3  el_after_av_two_third  el_before_av_one_full  \" style='border-radius:0px; '><section class=\"av_textblock_section \"  itemscope=\"itemscope\" itemtype=\"https:\/\/schema.org\/CreativeWork\" ><div class='avia_textblock  '   itemprop=\"text\" ><p><img loading=\"lazy\" decoding=\"async\" class=\"size-full wp-image-8745 alignleft\" src=\"https:\/\/www.forvatec.com\/wp-content\/uploads\/2025\/10\/Camion-GNV.jpg\" alt=\"\" width=\"456\" height=\"292\" srcset=\"https:\/\/www.forvatec.com\/wp-content\/uploads\/2025\/10\/Camion-GNV.jpg 456w, https:\/\/www.forvatec.com\/wp-content\/uploads\/2025\/10\/Camion-GNV-300x192.jpg 300w\" sizes=\"(max-width: 456px) 100vw, 456px\" \/><\/p>\n<\/div><\/section><\/div><\/div><!--close column table wrapper. Autoclose: 1 --><div class=\"flex_column av_one_full  flex_column_div av-zero-column-padding first  avia-builder-el-5  el_after_av_one_third  el_before_av_one_third  column-top-margin\" style='border-radius:0px; '><p><div  style='padding-bottom:10px; ' class='av-special-heading av-special-heading-h4    avia-builder-el-6  el_before_av_textblock  avia-builder-el-first  '><h4 class='av-special-heading-tag '  itemprop=\"headline\"  >Et si la r\u00e9glementation n\u2019est pas respect\u00e9e?<\/h4><div class='special-heading-border'><div class='special-heading-inner-border' ><\/div><\/div><\/div><br \/>\n<section class=\"av_textblock_section \"  itemscope=\"itemscope\" itemtype=\"https:\/\/schema.org\/CreativeWork\" ><div class='avia_textblock  '   itemprop=\"text\" ><p>L\u2019absence ou la non-conformit\u00e9 du proc\u00e8s-verbal du Contr\u00f4le par Inspection D\u00e9taill\u00e9e (CID), lors du contr\u00f4le technique constitue une d\u00e9faillance majeure.<br \/>\nLa cons\u00e9quence : c\u2019est le refus du v\u00e9hicule avec obligation de contrevisite.<\/p>\n<\/div><\/section><\/p><\/div><div class='flex_column_table av-equal-height-column-flextable -flextable' ><div class=\"flex_column av_one_third  flex_column_table_cell av-equal-height-column av-align-middle av-zero-column-padding first  avia-builder-el-8  el_after_av_one_full  el_before_av_two_third  column-top-margin\" style='border-radius:0px; '><section class=\"av_textblock_section \"  itemscope=\"itemscope\" itemtype=\"https:\/\/schema.org\/CreativeWork\" ><div class='avia_textblock  '   itemprop=\"text\" ><p><img loading=\"lazy\" decoding=\"async\" class=\"aligncenter wp-image-8746 size-full\" src=\"https:\/\/www.forvatec.com\/wp-content\/uploads\/2025\/10\/Bus-GNV-2.jpg\" alt=\"\" width=\"819\" height=\"614\" srcset=\"https:\/\/www.forvatec.com\/wp-content\/uploads\/2025\/10\/Bus-GNV-2.jpg 819w, https:\/\/www.forvatec.com\/wp-content\/uploads\/2025\/10\/Bus-GNV-2-300x225.jpg 300w, https:\/\/www.forvatec.com\/wp-content\/uploads\/2025\/10\/Bus-GNV-2-768x576.jpg 768w, https:\/\/www.forvatec.com\/wp-content\/uploads\/2025\/10\/Bus-GNV-2-705x529.jpg 705w\" sizes=\"(max-width: 819px) 100vw, 819px\" \/><\/p>\n<\/div><\/section><\/div><div class='av-flex-placeholder'><\/div><div class=\"flex_column av_two_third  flex_column_table_cell av-equal-height-column av-align-middle av-zero-column-padding   avia-builder-el-10  el_after_av_one_third  el_before_av_one_full  column-top-margin\" style='border-radius:0px; '><p><div  style='padding-bottom:10px; ' class='av-special-heading av-special-heading-h4    avia-builder-el-11  el_before_av_textblock  avia-builder-el-first  '><h4 class='av-special-heading-tag '  itemprop=\"headline\"  >Quels types de contr\u00f4les comprend le CID?<\/h4><div class='special-heading-border'><div class='special-heading-inner-border' ><\/div><\/div><\/div><br \/>\n<section class=\"av_textblock_section \"  itemscope=\"itemscope\" itemtype=\"https:\/\/schema.org\/CreativeWork\" ><div class='avia_textblock  '   itemprop=\"text\" ><p>Le contr\u00f4le CID inclut notamment une inspection d\u00e9taill\u00e9e:<\/p>\n<ul>\n<li>Des r\u00e9servoirs Gaz, de leurs supports et des syst\u00e8mes de fixations,<\/li>\n<li>Des circuits haute pression selon les proc\u00e9dures l\u00e9gales,<\/li>\n<li>De l\u2019\u00e9tanch\u00e9it\u00e9 du circuit<\/li>\n<li>Des essais de fonctionnement de tous les composants,<\/li>\n<li>Et une v\u00e9rification des dispositifs de s\u00e9curit\u00e9.<\/li>\n<\/ul>\n<\/div><\/section><\/p><\/div><\/div><!--close column table wrapper. Autoclose: 1 --><div class=\"flex_column av_one_full  flex_column_div av-zero-column-padding first  avia-builder-el-13  el_after_av_two_third  el_before_av_two_third  column-top-margin\" style='border-radius:0px; '><p><div  style='padding-bottom:10px; ' class='av-special-heading av-special-heading-h4    avia-builder-el-14  el_before_av_textblock  avia-builder-el-first  '><h4 class='av-special-heading-tag '  itemprop=\"headline\"  >Qui peut r\u00e9aliser un CID?<\/h4><div class='special-heading-border'><div class='special-heading-inner-border' ><\/div><\/div><\/div><br \/>\n<section class=\"av_textblock_section \"  itemscope=\"itemscope\" itemtype=\"https:\/\/schema.org\/CreativeWork\" ><div class='avia_textblock  '   itemprop=\"text\" ><p>En France, seuls des contr\u00f4leurs certifi\u00e9s COFREND sont autoris\u00e9s \u00e0 r\u00e9aliser un contr\u00f4le CID dans un cadre r\u00e9glementaire strict et \u00e0 d\u00e9livrer des proc\u00e8s-verbaux officiels.<\/p>\n<\/div><\/section><\/p><\/div><div class='flex_column_table av-equal-height-column-flextable -flextable' ><div class=\"flex_column av_two_third  flex_column_table_cell av-equal-height-column av-align-middle av-zero-column-padding first  avia-builder-el-16  el_after_av_one_full  el_before_av_one_third  column-top-margin\" style='border-radius:0px; '><p><div  style='padding-bottom:10px; ' class='av-special-heading av-special-heading-h4    avia-builder-el-17  el_before_av_textblock  avia-builder-el-first  '><h4 class='av-special-heading-tag '  itemprop=\"headline\"  >Comment FORVATEC peut vous accompagner?<\/h4><div class='special-heading-border'><div class='special-heading-inner-border' ><\/div><\/div><\/div><br \/>\n<section class=\"av_textblock_section \"  itemscope=\"itemscope\" itemtype=\"https:\/\/schema.org\/CreativeWork\" ><div class='avia_textblock  '   itemprop=\"text\" ><p>FORVATEC peut venir dans vos locaux pour r\u00e9aliser le CID adapt\u00e9 au type de v\u00e9hicule, par exemple:<\/p>\n<ul>\n<li>Camion \u00e0 8 r\u00e9servoirs<\/li>\n<li>Bus 12 m\u00e8tres (classique) 6 \u00e0 9 r\u00e9servoirs ou 4 gros r\u00e9servoirs longitudinaux<\/li>\n<li>Bus 18 m\u00e8tres (accord\u00e9on) 8 r\u00e9servoirs<\/li>\n<li>Bus 18 m\u00e8tres (accord\u00e9on) 10 \u00e0 13 r\u00e9servoirs, etc&#8230;<\/li>\n<\/ul>\n<\/div><\/section><\/p><\/div><div class='av-flex-placeholder'><\/div><div class=\"flex_column av_one_third  flex_column_table_cell av-equal-height-column av-align-middle av-zero-column-padding   avia-builder-el-19  el_after_av_two_third  avia-builder-el-last  column-top-margin\" style='border-radius:0px; '><section class=\"av_textblock_section \"  itemscope=\"itemscope\" itemtype=\"https:\/\/schema.org\/CreativeWork\" ><div class='avia_textblock  '   itemprop=\"text\" ><p><img loading=\"lazy\" decoding=\"async\" class=\"aligncenter wp-image-8747 size-full\" src=\"https:\/\/www.forvatec.com\/wp-content\/uploads\/2025\/10\/Bus-GNV.jpg\" alt=\"\" width=\"620\" height=\"465\" srcset=\"https:\/\/www.forvatec.com\/wp-content\/uploads\/2025\/10\/Bus-GNV.jpg 620w, https:\/\/www.forvatec.com\/wp-content\/uploads\/2025\/10\/Bus-GNV-300x225.jpg 300w\" sizes=\"(max-width: 620px) 100vw, 620px\" \/><\/p>\n<\/div><\/section><\/div><\/div><!--close column table wrapper. Autoclose: 1 --><\/p>\n","protected":false},"excerpt":{"rendered":"","protected":false},"author":1,"featured_media":0,"parent":0,"menu_order":0,"comment_status":"closed","ping_status":"closed","template":"","meta":{"footnotes":""},"aioseo_notices":[],"_links":{"self":[{"href":"https:\/\/www.forvatec.com\/fr\/wp-json\/wp\/v2\/pages\/8742"}],"collection":[{"href":"https:\/\/www.forvatec.com\/fr\/wp-json\/wp\/v2\/pages"}],"about":[{"href":"https:\/\/www.forvatec.com\/fr\/wp-json\/wp\/v2\/types\/page"}],"author":[{"embeddable":true,"href":"https:\/\/www.forvatec.com\/fr\/wp-json\/wp\/v2\/users\/1"}],"replies":[{"embeddable":true,"href":"https:\/\/www.forvatec.com\/fr\/wp-json\/wp\/v2\/comments?post=8742"}],"version-history":[{"count":16,"href":"https:\/\/www.forvatec.com\/fr\/wp-json\/wp\/v2\/pages\/8742\/revisions"}],"predecessor-version":[{"id":8798,"href":"https:\/\/www.forvatec.com\/fr\/wp-json\/wp\/v2\/pages\/8742\/revisions\/8798"}],"wp:attachment":[{"href":"https:\/\/www.forvatec.com\/fr\/wp-json\/wp\/v2\/media?parent=8742"}],"curies":[{"name":"wp","href":"https:\/\/api.w.org\/{rel}","templated":true}]}}